{"id":196126,"date":"2020-05-29T10:40:52","date_gmt":"2020-05-29T08:40:52","guid":{"rendered":"https:\/\/swash-shop.com\/product\/swash-perineum-wipes-2\/"},"modified":"2025-12-09T12:02:55","modified_gmt":"2025-12-09T11:02:55","slug":"swash-perineum-wipes-plus","status":"publish","type":"product","link":"https:\/\/swash-shop.com\/nl\/product\/swash-perineum-wipes-plus\/","title":{"rendered":"Perineum+ wipes"},"content":{"rendered":"\t\t<div data-elementor-type=\"product-post\" data-elementor-id=\"196126\" class=\"elementor elementor-196126 elementor-195854\" data-elementor-post-type=\"product\">\n\t\t\t\t\t\t<section class=\"elementor-section elementor-top-section elementor-element elementor-element-a2470f5 elementor-section-boxed elementor-section-height-default elementor-section-height-default\" data-id=\"a2470f5\" data-element_type=\"section\" data-e-type=\"section\">\n\t\t\t\t\t\t<div class=\"elementor-container elementor-column-gap-default\">\n\t\t\t\t\t<div class=\"elementor-column elementor-col-50 elementor-top-column elementor-element elementor-element-3a93bac\" data-id=\"3a93bac\" data-element_type=\"column\" data-e-type=\"column\">\n\t\t\t<div class=\"elementor-widget-wrap elementor-element-populated\">\n\t\t\t\t\t\t<div class=\"elementor-element elementor-element-c32ad8b elementor-widget elementor-widget-heading\" data-id=\"c32ad8b\" data-element_type=\"widget\" data-e-type=\"widget\" data-widget_type=\"heading.default\">\n\t\t\t\t<div class=\"elementor-widget-container\">\n\t\t\t\t\t<h2 class=\"elementor-heading-title elementor-size-default\"><strong>Beschrijving<\/strong><\/h2>\t\t\t\t<\/div>\n\t\t\t\t<\/div>\n\t\t\t\t<div class=\"elementor-element elementor-element-4e78db6 elementor-position-left elementor-vertical-align-middle elementor-widget elementor-widget-image-box\" data-id=\"4e78db6\" data-element_type=\"widget\" data-e-type=\"widget\" data-widget_type=\"image-box.default\">\n\t\t\t\t<div class=\"elementor-widget-container\">\n\t\t\t\t\t<div class=\"elementor-image-box-wrapper\"><figure class=\"elementor-image-box-img\"><img decoding=\"async\" width=\"80\" height=\"80\" src=\"https:\/\/swash-shop.com\/wp-content\/uploads\/2018\/06\/Wassen1stap_icon.png\" class=\"attachment-full size-full wp-image-17861\" alt=\"Wassen stap 1 icoon\" \/><\/figure><div class=\"elementor-image-box-content\"><h3 class=\"elementor-image-box-title\">4-IN-1 VERZORGING IN \u00c9\u00c9N ENKELE STAP<\/h3><p class=\"elementor-image-box-description\">De 4-in-1 producten zijn ontwikkeld om de huid te reinigen, verzorgen en te beschermen, inclusief hyaluronzuur. Vier verschillende handelingen kunnen nu worden uitgevoerd met \u00e9\u00e9n product.<\/p><\/div><\/div>\t\t\t\t<\/div>\n\t\t\t\t<\/div>\n\t\t\t\t<div class=\"elementor-element elementor-element-8b1f220 elementor-position-left elementor-vertical-align-middle elementor-widget elementor-widget-image-box\" data-id=\"8b1f220\" data-element_type=\"widget\" data-e-type=\"widget\" data-widget_type=\"image-box.default\">\n\t\t\t\t<div class=\"elementor-widget-container\">\n\t\t\t\t\t<div class=\"elementor-image-box-wrapper\"><figure class=\"elementor-image-box-img\"><img decoding=\"async\" width=\"80\" height=\"80\" src=\"https:\/\/swash-shop.com\/wp-content\/uploads\/2018\/07\/Bescherm_icon.png\" class=\"attachment-full size-full wp-image-17162\" alt=\"Bescherm icoon\" \/><\/figure><div class=\"elementor-image-box-content\"><h3 class=\"elementor-image-box-title\">BESCHERMT DE HUID TEGEN ONTWIKKELING VAN IAD<\/h3><p class=\"elementor-image-box-description\">De 3% Dimethicone biedt de huid een preventieve bescherming tegen huidbeschadiging van urine en ontlasting en houdt decubitus controleerbaar in een vroeg stadium. De speciale formule met Hyaluronzuur, hydrogel en natuurlijke klei helpt hierbij.<\/p><\/div><\/div>\t\t\t\t<\/div>\n\t\t\t\t<\/div>\n\t\t\t\t<div class=\"elementor-element elementor-element-1179e1a elementor-position-left elementor-vertical-align-middle elementor-widget elementor-widget-image-box\" data-id=\"1179e1a\" data-element_type=\"widget\" data-e-type=\"widget\" data-widget_type=\"image-box.default\">\n\t\t\t\t<div class=\"elementor-widget-container\">\n\t\t\t\t\t<div class=\"elementor-image-box-wrapper\"><figure class=\"elementor-image-box-img\"><img decoding=\"async\" width=\"80\" height=\"80\" src=\"https:\/\/swash-shop.com\/wp-content\/uploads\/2018\/07\/Kwetsbarehuid_icon.png\" class=\"attachment-full size-full wp-image-17187\" alt=\"Kwetsbare huid icoon\" \/><\/figure><div class=\"elementor-image-box-content\"><h3 class=\"elementor-image-box-title\">GESCHIKT VOOR DE GEVOELIGE HUID<\/h3><p class=\"elementor-image-box-description\">De parfumvrije \u00e9n geparfumeerde lotion is pH-huidneutraal en verrijkt met voedende ingredi\u00ebnten zoals Vitamine E en Glycerine, die helpen het vochtgehalte van de huid te behouden. Onnodige ingredi\u00ebnten, zoals parabenen of formaldehyde(releasers) zijn niet toegevoegd.<\/p><\/div><\/div>\t\t\t\t<\/div>\n\t\t\t\t<\/div>\n\t\t\t\t<div class=\"elementor-element elementor-element-24e08b7 elementor-position-left elementor-vertical-align-middle elementor-widget elementor-widget-image-box\" data-id=\"24e08b7\" data-element_type=\"widget\" data-e-type=\"widget\" data-widget_type=\"image-box.default\">\n\t\t\t\t<div class=\"elementor-widget-container\">\n\t\t\t\t\t<div class=\"elementor-image-box-wrapper\"><figure class=\"elementor-image-box-img\"><img loading=\"lazy\" decoding=\"async\" width=\"80\" height=\"80\" src=\"https:\/\/swash-shop.com\/wp-content\/uploads\/2018\/07\/DermatologischGetest_icon.png\" class=\"attachment-full size-full wp-image-17172\" alt=\"Dermatologisch gestest icoon\" \/><\/figure><div class=\"elementor-image-box-content\"><h3 class=\"elementor-image-box-title\">DERMATOLOGISCH GETEST<\/h3><p class=\"elementor-image-box-description\">Alle producten van Swash<sup>\u00ae<\/sup>\u00a0worden uitvoerig dermatologisch getest.<\/p><\/div><\/div>\t\t\t\t<\/div>\n\t\t\t\t<\/div>\n\t\t\t\t<div class=\"elementor-element elementor-element-46451ae elementor-position-left elementor-vertical-align-middle elementor-widget elementor-widget-image-box\" data-id=\"46451ae\" data-element_type=\"widget\" data-e-type=\"widget\" data-widget_type=\"image-box.default\">\n\t\t\t\t<div class=\"elementor-widget-container\">\n\t\t\t\t\t<div class=\"elementor-image-box-wrapper\"><figure class=\"elementor-image-box-img\"><img loading=\"lazy\" decoding=\"async\" width=\"80\" height=\"80\" src=\"https:\/\/swash-shop.com\/wp-content\/uploads\/2018\/07\/HoogwaardigeKwaliteit_icon.png\" class=\"attachment-full size-full wp-image-17177\" alt=\"Hogewaardige kwaliteit icoon\" \/><\/figure><div class=\"elementor-image-box-content\"><h3 class=\"elementor-image-box-title\">HOOGWAARDIGE KWALITEIT<\/h3><p class=\"elementor-image-box-description\">De producten van Swash<sup>\u00ae<\/sup>\u00a0worden geproduceerd uit de beste materialen in een hightech productiefaciliteit met cleanroom. Dit om de hoogst mogelijke kwaliteit te kunnen garanderen.<\/p><\/div><\/div>\t\t\t\t<\/div>\n\t\t\t\t<\/div>\n\t\t\t\t\t<\/div>\n\t\t<\/div>\n\t\t\t\t<div class=\"elementor-column elementor-col-50 elementor-top-column elementor-element elementor-element-1247dae\" data-id=\"1247dae\" data-element_type=\"column\" data-e-type=\"column\">\n\t\t\t<div class=\"elementor-widget-wrap elementor-element-populated\">\n\t\t\t\t\t\t<div class=\"elementor-element elementor-element-7b9ead0 elementor-widget elementor-widget-image\" data-id=\"7b9ead0\" data-element_type=\"widget\" data-e-type=\"widget\" data-widget_type=\"image.default\">\n\t\t\t\t<div class=\"elementor-widget-container\">\n\t\t\t\t\t\t\t\t\t\t\t\t\t\t\t<img decoding=\"async\" src=\"https:\/\/swash-shop.com\/wp-content\/uploads\/elementor\/thumbs\/Mannetjes-perineum-rb7c8nfc57jxfyks5drkzc1rsm71sbcpi3icq3x7b4.png\" title=\"Mannetjes-perineum\" alt=\"Poppetjes icoon\" loading=\"lazy\" \/>\t\t\t\t\t\t\t\t\t\t\t\t\t\t\t<\/div>\n\t\t\t\t<\/div>\n\t\t\t\t<div class=\"elementor-element elementor-element-e6c790e elementor-icon-list--layout-traditional elementor-list-item-link-full_width elementor-widget elementor-widget-icon-list\" data-id=\"e6c790e\" data-element_type=\"widget\" data-e-type=\"widget\" data-widget_type=\"icon-list.default\">\n\t\t\t\t<div class=\"elementor-widget-container\">\n\t\t\t\t\t\t\t<ul class=\"elementor-icon-list-items\">\n\t\t\t\t\t\t\t<li class=\"elementor-icon-list-item\">\n\t\t\t\t\t\t\t\t\t\t\t<span class=\"elementor-icon-list-icon\">\n\t\t\t\t\t\t\t<i aria-hidden=\"true\" class=\"fas fa-check\"><\/i>\t\t\t\t\t\t<\/span>\n\t\t\t\t\t\t\t\t\t\t<span class=\"elementor-icon-list-text\">Indien gewenst, kan het pakketje v\u00f3\u00f3r gebruik (gesloten verpakking) 20 seconden op 800 watt worden verwarmd in de magnetron.<\/span>\n\t\t\t\t\t\t\t\t\t<\/li>\n\t\t\t\t\t\t\t\t<li class=\"elementor-icon-list-item\">\n\t\t\t\t\t\t\t\t\t\t\t<span class=\"elementor-icon-list-icon\">\n\t\t\t\t\t\t\t<i aria-hidden=\"true\" class=\"fas fa-check\"><\/i>\t\t\t\t\t\t<\/span>\n\t\t\t\t\t\t\t\t\t\t<span class=\"elementor-icon-list-text\">Controleer v\u00f3\u00f3r gebruik de temperatuur van de wasdoekjes.<\/span>\n\t\t\t\t\t\t\t\t\t<\/li>\n\t\t\t\t\t\t\t\t<li class=\"elementor-icon-list-item\">\n\t\t\t\t\t\t\t\t\t\t\t<span class=\"elementor-icon-list-icon\">\n\t\t\t\t\t\t\t<i aria-hidden=\"true\" class=\"fas fa-check\"><\/i>\t\t\t\t\t\t<\/span>\n\t\t\t\t\t\t\t\t\t\t<span class=\"elementor-icon-list-text\">Verwijder nat en vuil incontinentiemateriaal. Indien nodig kunnen grote hoeveelheden ontlasting voorzichtig worden weggenomen met het incontinentiemateriaal, tissues of doekjes.<\/span>\n\t\t\t\t\t\t\t\t\t<\/li>\n\t\t\t\t\t\t\t\t<li class=\"elementor-icon-list-item\">\n\t\t\t\t\t\t\t\t\t\t\t<span class=\"elementor-icon-list-icon\">\n\t\t\t\t\t\t\t<i aria-hidden=\"true\" class=\"fas fa-check\"><\/i>\t\t\t\t\t\t<\/span>\n\t\t\t\t\t\t\t\t\t\t<span class=\"elementor-icon-list-text\">Open de Swash<sup>\u00ae<\/sup>-verpakking en haal een doekje eruit.<\/span>\n\t\t\t\t\t\t\t\t\t<\/li>\n\t\t\t\t\t\t\t\t<li class=\"elementor-icon-list-item\">\n\t\t\t\t\t\t\t\t\t\t\t<span class=\"elementor-icon-list-icon\">\n\t\t\t\t\t\t\t<i aria-hidden=\"true\" class=\"fas fa-check\"><\/i>\t\t\t\t\t\t<\/span>\n\t\t\t\t\t\t\t\t\t\t<span class=\"elementor-icon-list-text\">Reinig de vervuilde perineumstreek met een Swash<sup>\u00ae<\/sup> Perineum doekje van voor naar achter. Gebruik zoveel doekjes als nodig.<\/span>\n\t\t\t\t\t\t\t\t\t<\/li>\n\t\t\t\t\t\t\t\t<li class=\"elementor-icon-list-item\">\n\t\t\t\t\t\t\t\t\t\t\t<span class=\"elementor-icon-list-icon\">\n\t\t\t\t\t\t\t<i aria-hidden=\"true\" class=\"fas fa-check\"><\/i>\t\t\t\t\t\t<\/span>\n\t\t\t\t\t\t\t\t\t\t<span class=\"elementor-icon-list-text\">Gebruik de doekjes eenmalig.<\/span>\n\t\t\t\t\t\t\t\t\t<\/li>\n\t\t\t\t\t\t\t\t<li class=\"elementor-icon-list-item\">\n\t\t\t\t\t\t\t\t\t\t\t<span class=\"elementor-icon-list-icon\">\n\t\t\t\t\t\t\t<i aria-hidden=\"true\" class=\"fas fa-check\"><\/i>\t\t\t\t\t\t<\/span>\n\t\t\t\t\t\t\t\t\t\t<span class=\"elementor-icon-list-text\">Zorg dat de huid droog is voor nieuw incontinentiemateriaal wordt aangetrokken.<\/span>\n\t\t\t\t\t\t\t\t\t<\/li>\n\t\t\t\t\t\t\t\t<li class=\"elementor-icon-list-item\">\n\t\t\t\t\t\t\t\t\t\t\t<span class=\"elementor-icon-list-icon\">\n\t\t\t\t\t\t\t<i aria-hidden=\"true\" class=\"fas fa-check\"><\/i>\t\t\t\t\t\t<\/span>\n\t\t\t\t\t\t\t\t\t\t<span class=\"elementor-icon-list-text\">Herhaal deze stappen na elke urine- of ontlastingsincontinentie-episode.<\/span>\n\t\t\t\t\t\t\t\t\t<\/li>\n\t\t\t\t\t\t\t\t<li class=\"elementor-icon-list-item\">\n\t\t\t\t\t\t\t\t\t\t\t<span class=\"elementor-icon-list-icon\">\n\t\t\t\t\t\t\t<i aria-hidden=\"true\" class=\"fas fa-check\"><\/i>\t\t\t\t\t\t<\/span>\n\t\t\t\t\t\t\t\t\t\t<span class=\"elementor-icon-list-text\">Ieder pakketje dient persoonsgebonden te worden gebruikt.<\/span>\n\t\t\t\t\t\t\t\t\t<\/li>\n\t\t\t\t\t\t<\/ul>\n\t\t\t\t\t\t<\/div>\n\t\t\t\t<\/div>\n\t\t\t\t\t<\/div>\n\t\t<\/div>\n\t\t\t\t\t<\/div>\n\t\t<\/section>\n\t\t\t\t<\/div>\n\t\t","protected":false},"excerpt":{"rendered":"<p><strong>Ondersteunt de kwetsbare huid<br \/>\n<\/strong>De Swash<sup>\u00ae<\/sup> Perineum+ Wipes zijn vochtige wasdoekjes ge\u00efmpregneerd met een huidbeschermende, parfumvrije lotion met 3% Dimethicone en een hydrogel. Dankzij de 4-in-1 werking, is incontinentiezorg nog nooit beter, makkelijker, comfortabeler en sneller geweest. De kwetsbare huid krijgt de bescherming die het verdient en dankzij Hyaluronzuur ondersteunt de lotion huidverzorging.<\/p>\n<ul>\n<li>Gemakkelijk op te warmen in de magnetron voor extra comfort<\/li>\n<li>Verkrijgbaar in 4 of 8 wasdoekjes per verpakking; parfumvrij<\/li>\n<li>CE<\/li>\n<\/ul>\n","protected":false},"featured_media":213044,"template":"","meta":{"site-sidebar-layout":"no-sidebar","site-content-layout":"plain-container","ast-site-content-layout":"normal-width-container","site-content-style":"unboxed","site-sidebar-style":"unboxed","ast-global-header-display":"","ast-banner-title-visibility":"","ast-main-header-display":"","ast-hfb-above-header-display":"","ast-hfb-below-header-display":"","ast-hfb-mobile-header-display":"","site-post-title":"disabled","ast-breadcrumbs-content":"","ast-featured-img":"disabled","footer-sml-layout":"","ast-disable-related-posts":"","theme-transparent-header-meta":"default","adv-header-id-meta":"","stick-header-meta":"","header-above-stick-meta":"","header-main-stick-meta":"","header-below-stick-meta":"","astra-migrate-meta-layouts":"set","ast-page-background-enabled":"default","ast-page-background-meta":{"desktop":{"background-color":"","background-image":"","background-repeat":"repeat","background-position":"center center","background-size":"auto","background-attachment":"scroll","background-type":"","background-media":"","overlay-type":"","overlay-color":"","overlay-opacity":"","overlay-gradient":""},"tablet":{"background-color":"","background-image":"","background-repeat":"repeat","background-position":"center center","background-size":"auto","background-attachment":"scroll","background-type":"","background-media":"","overlay-type":"","overlay-color":"","overlay-opacity":"","overlay-gradient":""},"mobile":{"background-color":"","background-image":"","background-repeat":"repeat","background-position":"center center","background-size":"auto","background-attachment":"scroll","background-type":"","background-media":"","overlay-type":"","overlay-color":"","overlay-opacity":"","overlay-gradient":""}},"ast-content-background-meta":{"desktop":{"background-color":"var(--ast-global-color-5)","background-image":"","background-repeat":"repeat","background-position":"center center","background-size":"auto","background-attachment":"scroll","background-type":"","background-media":"","overlay-type":"","overlay-color":"","overlay-opacity":"","overlay-gradient":""},"tablet":{"background-color":"var(--ast-global-color-5)","background-image":"","background-repeat":"repeat","background-position":"center center","background-size":"auto","background-attachment":"scroll","background-type":"","background-media":"","overlay-type":"","overlay-color":"","overlay-opacity":"","overlay-gradient":""},"mobile":{"background-color":"var(--ast-global-color-5)","background-image":"","background-repeat":"repeat","background-position":"center center","background-size":"auto","background-attachment":"scroll","background-type":"","background-media":"","overlay-type":"","overlay-color":"","overlay-opacity":"","overlay-gradient":""}}},"product_brand":[],"product_cat":[194],"product_tag":[],"class_list":{"0":"post-196126","1":"product","2":"type-product","3":"status-publish","4":"has-post-thumbnail","6":"product_cat-incontinentiezorg","7":"pa_amount-in-package-parfumvrij-4-pack","8":"pa_amount-in-package-parfumvrij-8-pack-nl","9":"pa_packages-1-verpakking","10":"pa_packages-21-verpakkingen-doos-5-nl","11":"pa_packages-28-verpakkingen-doos-5-nl","12":"pa_packages-42-verpakkingen-10","13":"pa_packages-56-verpakkingen-doos-10","14":"desktop-align-left","15":"tablet-align-left","16":"mobile-align-left","18":"first","19":"instock","20":"taxable","21":"shipping-taxable","22":"purchasable","23":"product-type-variable","24":"has-default-attributes"},"yoast_head":"<!-- This site is optimized with the Yoast SEO plugin v27.3 - https:\/\/yoast.com\/product\/yoast-seo-wordpress\/ -->\n<title>Perineum+ wipes - Wassen zonder water<\/title>\n<meta name=\"description\" content=\"De Swash\u00ae Perineum+ Wipes zijn vochtige wasdoekjes ge\u00efmpregneerd met een huidbeschermende, parfumvrije lotion met 3% Dimethicone en een hydrogel.\" \/>\n<meta name=\"robots\" content=\"index, follow, max-snippet:-1, max-image-preview:large, max-video-preview:-1\" \/>\n<link rel=\"canonical\" href=\"https:\/\/swash-shop.com\/nl\/product\/swash-perineum-wipes-plus\/\" \/>\n<meta property=\"og:locale\" content=\"nl_NL\" \/>\n<meta property=\"og:type\" content=\"article\" \/>\n<meta property=\"og:title\" content=\"Perineum+ wipes - Wassen zonder water\" \/>\n<meta property=\"og:description\" content=\"De Swash\u00ae Perineum+ Wipes zijn vochtige wasdoekjes ge\u00efmpregneerd met een huidbeschermende, parfumvrije lotion met 3% Dimethicone en een hydrogel.\" \/>\n<meta property=\"og:url\" content=\"https:\/\/swash-shop.com\/nl\/product\/swash-perineum-wipes-plus\/\" \/>\n<meta property=\"og:site_name\" content=\"Swash-shop\" \/>\n<meta property=\"article:publisher\" content=\"https:\/\/www.facebook.com\/arionsmile\" \/>\n<meta property=\"article:modified_time\" content=\"2025-12-09T11:02:55+00:00\" \/>\n<meta property=\"og:image\" content=\"https:\/\/swash-shop.com\/wp-content\/uploads\/2024\/07\/Arion_K04540-8_solo_VRIJSTAAND_NEW.jpg\" \/>\n\t<meta property=\"og:image:width\" content=\"600\" \/>\n\t<meta property=\"og:image:height\" content=\"600\" \/>\n\t<meta property=\"og:image:type\" content=\"image\/jpeg\" \/>\n<meta name=\"twitter:card\" content=\"summary_large_image\" \/>\n<meta name=\"twitter:site\" content=\"@arionsmile\" \/>\n<script type=\"application\/ld+json\" class=\"yoast-schema-graph\">{\"@context\":\"https:\\\/\\\/schema.org\",\"@graph\":[{\"@type\":\"WebPage\",\"@id\":\"https:\\\/\\\/swash-shop.com\\\/nl\\\/product\\\/swash-perineum-wipes-plus\\\/\",\"url\":\"https:\\\/\\\/swash-shop.com\\\/nl\\\/product\\\/swash-perineum-wipes-plus\\\/\",\"name\":\"Perineum+ wipes - Wassen zonder water\",\"isPartOf\":{\"@id\":\"https:\\\/\\\/swash-shop.com\\\/nl\\\/#website\"},\"primaryImageOfPage\":{\"@id\":\"https:\\\/\\\/swash-shop.com\\\/nl\\\/product\\\/swash-perineum-wipes-plus\\\/#primaryimage\"},\"image\":{\"@id\":\"https:\\\/\\\/swash-shop.com\\\/nl\\\/product\\\/swash-perineum-wipes-plus\\\/#primaryimage\"},\"thumbnailUrl\":\"https:\\\/\\\/swash-shop.com\\\/wp-content\\\/uploads\\\/2024\\\/07\\\/verpakking-swash-shop-product-perineum-gloves-3.jpg\",\"datePublished\":\"2020-05-29T08:40:52+00:00\",\"dateModified\":\"2025-12-09T11:02:55+00:00\",\"description\":\"De Swash\u00ae Perineum+ Wipes zijn vochtige wasdoekjes ge\u00efmpregneerd met een huidbeschermende, parfumvrije lotion met 3% Dimethicone en een hydrogel.\",\"breadcrumb\":{\"@id\":\"https:\\\/\\\/swash-shop.com\\\/nl\\\/product\\\/swash-perineum-wipes-plus\\\/#breadcrumb\"},\"inLanguage\":\"nl-NL\",\"potentialAction\":[{\"@type\":\"ReadAction\",\"target\":[\"https:\\\/\\\/swash-shop.com\\\/nl\\\/product\\\/swash-perineum-wipes-plus\\\/\"]}]},{\"@type\":\"ImageObject\",\"inLanguage\":\"nl-NL\",\"@id\":\"https:\\\/\\\/swash-shop.com\\\/nl\\\/product\\\/swash-perineum-wipes-plus\\\/#primaryimage\",\"url\":\"https:\\\/\\\/swash-shop.com\\\/wp-content\\\/uploads\\\/2024\\\/07\\\/verpakking-swash-shop-product-perineum-gloves-3.jpg\",\"contentUrl\":\"https:\\\/\\\/swash-shop.com\\\/wp-content\\\/uploads\\\/2024\\\/07\\\/verpakking-swash-shop-product-perineum-gloves-3.jpg\",\"width\":600,\"height\":600,\"caption\":\"Verpakking Swash Shop product - Perineum Wipes\"},{\"@type\":\"BreadcrumbList\",\"@id\":\"https:\\\/\\\/swash-shop.com\\\/nl\\\/product\\\/swash-perineum-wipes-plus\\\/#breadcrumb\",\"itemListElement\":[{\"@type\":\"ListItem\",\"position\":1,\"name\":\"Home\",\"item\":\"https:\\\/\\\/swash-shop.com\\\/nl\\\/\"},{\"@type\":\"ListItem\",\"position\":2,\"name\":\"Winkel\",\"item\":\"https:\\\/\\\/swash-shop.com\\\/shop\\\/\"},{\"@type\":\"ListItem\",\"position\":3,\"name\":\"Perineum+ wipes\"}]},{\"@type\":\"WebSite\",\"@id\":\"https:\\\/\\\/swash-shop.com\\\/nl\\\/#website\",\"url\":\"https:\\\/\\\/swash-shop.com\\\/nl\\\/\",\"name\":\"Swash-shop\",\"description\":\"Washing without water\",\"publisher\":{\"@id\":\"https:\\\/\\\/swash-shop.com\\\/nl\\\/#organization\"},\"potentialAction\":[{\"@type\":\"SearchAction\",\"target\":{\"@type\":\"EntryPoint\",\"urlTemplate\":\"https:\\\/\\\/swash-shop.com\\\/nl\\\/?s={search_term_string}\"},\"query-input\":{\"@type\":\"PropertyValueSpecification\",\"valueRequired\":true,\"valueName\":\"search_term_string\"}}],\"inLanguage\":\"nl-NL\"},{\"@type\":\"Organization\",\"@id\":\"https:\\\/\\\/swash-shop.com\\\/nl\\\/#organization\",\"name\":\"Arion Group\",\"url\":\"https:\\\/\\\/swash-shop.com\\\/nl\\\/\",\"logo\":{\"@type\":\"ImageObject\",\"inLanguage\":\"nl-NL\",\"@id\":\"https:\\\/\\\/swash-shop.com\\\/nl\\\/#\\\/schema\\\/logo\\\/image\\\/\",\"url\":\"https:\\\/\\\/swash-shop.com\\\/wp-content\\\/uploads\\\/2017\\\/07\\\/Arion_logo_vrijstaand_normal.png\",\"contentUrl\":\"https:\\\/\\\/swash-shop.com\\\/wp-content\\\/uploads\\\/2017\\\/07\\\/Arion_logo_vrijstaand_normal.png\",\"width\":550,\"height\":214,\"caption\":\"Arion Group\"},\"image\":{\"@id\":\"https:\\\/\\\/swash-shop.com\\\/nl\\\/#\\\/schema\\\/logo\\\/image\\\/\"},\"sameAs\":[\"https:\\\/\\\/www.facebook.com\\\/arionsmile\",\"https:\\\/\\\/x.com\\\/arionsmile\",\"https:\\\/\\\/www.linkedin.com\\\/company\\\/arion-holding-bv\",\"https:\\\/\\\/www.youtube.com\\\/user\\\/ArionInternational\"]}]}<\/script>\n<!-- \/ Yoast SEO plugin. -->","yoast_head_json":{"title":"Perineum+ wipes - Wassen zonder water","description":"De Swash\u00ae Perineum+ Wipes zijn vochtige wasdoekjes ge\u00efmpregneerd met een huidbeschermende, parfumvrije lotion met 3% Dimethicone en een hydrogel.","robots":{"index":"index","follow":"follow","max-snippet":"max-snippet:-1","max-image-preview":"max-image-preview:large","max-video-preview":"max-video-preview:-1"},"canonical":"https:\/\/swash-shop.com\/nl\/product\/swash-perineum-wipes-plus\/","og_locale":"nl_NL","og_type":"article","og_title":"Perineum+ wipes - Wassen zonder water","og_description":"De Swash\u00ae Perineum+ Wipes zijn vochtige wasdoekjes ge\u00efmpregneerd met een huidbeschermende, parfumvrije lotion met 3% Dimethicone en een hydrogel.","og_url":"https:\/\/swash-shop.com\/nl\/product\/swash-perineum-wipes-plus\/","og_site_name":"Swash-shop","article_publisher":"https:\/\/www.facebook.com\/arionsmile","article_modified_time":"2025-12-09T11:02:55+00:00","og_image":[{"width":600,"height":600,"url":"https:\/\/swash-shop.com\/wp-content\/uploads\/2024\/07\/Arion_K04540-8_solo_VRIJSTAAND_NEW.jpg","type":"image\/jpeg"}],"twitter_card":"summary_large_image","twitter_site":"@arionsmile","schema":{"@context":"https:\/\/schema.org","@graph":[{"@type":"WebPage","@id":"https:\/\/swash-shop.com\/nl\/product\/swash-perineum-wipes-plus\/","url":"https:\/\/swash-shop.com\/nl\/product\/swash-perineum-wipes-plus\/","name":"Perineum+ wipes - Wassen zonder water","isPartOf":{"@id":"https:\/\/swash-shop.com\/nl\/#website"},"primaryImageOfPage":{"@id":"https:\/\/swash-shop.com\/nl\/product\/swash-perineum-wipes-plus\/#primaryimage"},"image":{"@id":"https:\/\/swash-shop.com\/nl\/product\/swash-perineum-wipes-plus\/#primaryimage"},"thumbnailUrl":"https:\/\/swash-shop.com\/wp-content\/uploads\/2024\/07\/verpakking-swash-shop-product-perineum-gloves-3.jpg","datePublished":"2020-05-29T08:40:52+00:00","dateModified":"2025-12-09T11:02:55+00:00","description":"De Swash\u00ae Perineum+ Wipes zijn vochtige wasdoekjes ge\u00efmpregneerd met een huidbeschermende, parfumvrije lotion met 3% Dimethicone en een hydrogel.","breadcrumb":{"@id":"https:\/\/swash-shop.com\/nl\/product\/swash-perineum-wipes-plus\/#breadcrumb"},"inLanguage":"nl-NL","potentialAction":[{"@type":"ReadAction","target":["https:\/\/swash-shop.com\/nl\/product\/swash-perineum-wipes-plus\/"]}]},{"@type":"ImageObject","inLanguage":"nl-NL","@id":"https:\/\/swash-shop.com\/nl\/product\/swash-perineum-wipes-plus\/#primaryimage","url":"https:\/\/swash-shop.com\/wp-content\/uploads\/2024\/07\/verpakking-swash-shop-product-perineum-gloves-3.jpg","contentUrl":"https:\/\/swash-shop.com\/wp-content\/uploads\/2024\/07\/verpakking-swash-shop-product-perineum-gloves-3.jpg","width":600,"height":600,"caption":"Verpakking Swash Shop product - Perineum Wipes"},{"@type":"BreadcrumbList","@id":"https:\/\/swash-shop.com\/nl\/product\/swash-perineum-wipes-plus\/#breadcrumb","itemListElement":[{"@type":"ListItem","position":1,"name":"Home","item":"https:\/\/swash-shop.com\/nl\/"},{"@type":"ListItem","position":2,"name":"Winkel","item":"https:\/\/swash-shop.com\/shop\/"},{"@type":"ListItem","position":3,"name":"Perineum+ wipes"}]},{"@type":"WebSite","@id":"https:\/\/swash-shop.com\/nl\/#website","url":"https:\/\/swash-shop.com\/nl\/","name":"Swash-shop","description":"Washing without water","publisher":{"@id":"https:\/\/swash-shop.com\/nl\/#organization"},"potentialAction":[{"@type":"SearchAction","target":{"@type":"EntryPoint","urlTemplate":"https:\/\/swash-shop.com\/nl\/?s={search_term_string}"},"query-input":{"@type":"PropertyValueSpecification","valueRequired":true,"valueName":"search_term_string"}}],"inLanguage":"nl-NL"},{"@type":"Organization","@id":"https:\/\/swash-shop.com\/nl\/#organization","name":"Arion Group","url":"https:\/\/swash-shop.com\/nl\/","logo":{"@type":"ImageObject","inLanguage":"nl-NL","@id":"https:\/\/swash-shop.com\/nl\/#\/schema\/logo\/image\/","url":"https:\/\/swash-shop.com\/wp-content\/uploads\/2017\/07\/Arion_logo_vrijstaand_normal.png","contentUrl":"https:\/\/swash-shop.com\/wp-content\/uploads\/2017\/07\/Arion_logo_vrijstaand_normal.png","width":550,"height":214,"caption":"Arion Group"},"image":{"@id":"https:\/\/swash-shop.com\/nl\/#\/schema\/logo\/image\/"},"sameAs":["https:\/\/www.facebook.com\/arionsmile","https:\/\/x.com\/arionsmile","https:\/\/www.linkedin.com\/company\/arion-holding-bv","https:\/\/www.youtube.com\/user\/ArionInternational"]}]}},"_links":{"self":[{"href":"https:\/\/swash-shop.com\/nl\/wp-json\/wp\/v2\/product\/196126","targetHints":{"allow":["GET"]}}],"collection":[{"href":"https:\/\/swash-shop.com\/nl\/wp-json\/wp\/v2\/product"}],"about":[{"href":"https:\/\/swash-shop.com\/nl\/wp-json\/wp\/v2\/types\/product"}],"version-history":[{"count":0,"href":"https:\/\/swash-shop.com\/nl\/wp-json\/wp\/v2\/product\/196126\/revisions"}],"wp:featuredmedia":[{"embeddable":true,"href":"https:\/\/swash-shop.com\/nl\/wp-json\/wp\/v2\/media\/213044"}],"wp:attachment":[{"href":"https:\/\/swash-shop.com\/nl\/wp-json\/wp\/v2\/media?parent=196126"}],"wp:term":[{"taxonomy":"product_brand","embeddable":true,"href":"https:\/\/swash-shop.com\/nl\/wp-json\/wp\/v2\/product_brand?post=196126"},{"taxonomy":"product_cat","embeddable":true,"href":"https:\/\/swash-shop.com\/nl\/wp-json\/wp\/v2\/product_cat?post=196126"},{"taxonomy":"product_tag","embeddable":true,"href":"https:\/\/swash-shop.com\/nl\/wp-json\/wp\/v2\/product_tag?post=196126"}],"curies":[{"name":"wp","href":"https:\/\/api.w.org\/{rel}","templated":true}]}}