{"id":196091,"date":"2020-05-29T10:42:12","date_gmt":"2020-05-29T08:42:12","guid":{"rendered":"https:\/\/swash-shop.com\/product\/swash-cleansing-wipes\/"},"modified":"2024-05-13T18:14:47","modified_gmt":"2024-05-13T16:14:47","slug":"cleansing-wipes","status":"publish","type":"product","link":"https:\/\/swash-shop.com\/nl\/product\/cleansing-wipes\/","title":{"rendered":"Cleansing Wipes"},"content":{"rendered":"\t\t<div data-elementor-type=\"product-post\" data-elementor-id=\"196091\" class=\"elementor elementor-196091 elementor-195858\" data-elementor-post-type=\"product\">\n\t\t\t\t\t\t<section class=\"elementor-section elementor-top-section elementor-element elementor-element-0c307bf elementor-section-boxed elementor-section-height-default elementor-section-height-default\" data-id=\"0c307bf\" data-element_type=\"section\" data-e-type=\"section\">\n\t\t\t\t\t\t<div class=\"elementor-container elementor-column-gap-default\">\n\t\t\t\t\t<div class=\"elementor-column elementor-col-50 elementor-top-column elementor-element elementor-element-4ac0305\" data-id=\"4ac0305\" data-element_type=\"column\" data-e-type=\"column\">\n\t\t\t<div class=\"elementor-widget-wrap elementor-element-populated\">\n\t\t\t\t\t\t<div class=\"elementor-element elementor-element-09fea69 elementor-widget elementor-widget-heading\" data-id=\"09fea69\" data-element_type=\"widget\" data-e-type=\"widget\" data-widget_type=\"heading.default\">\n\t\t\t\t<div class=\"elementor-widget-container\">\n\t\t\t\t\t<h2 class=\"elementor-heading-title elementor-size-default\">Omschrijving<\/h2>\t\t\t\t<\/div>\n\t\t\t\t<\/div>\n\t\t\t\t<div class=\"elementor-element elementor-element-2704f0c elementor-position-left elementor-vertical-align-middle elementor-widget elementor-widget-image-box\" data-id=\"2704f0c\" data-element_type=\"widget\" data-e-type=\"widget\" data-widget_type=\"image-box.default\">\n\t\t\t\t<div class=\"elementor-widget-container\">\n\t\t\t\t\t<div class=\"elementor-image-box-wrapper\"><figure class=\"elementor-image-box-img\"><img decoding=\"async\" width=\"80\" height=\"80\" src=\"https:\/\/swash-shop.com\/wp-content\/uploads\/2018\/06\/Wassen1stap_icon.png\" class=\"attachment-full size-full wp-image-17861\" alt=\"Wassen stap 1 icoon\" \/><\/figure><div class=\"elementor-image-box-content\"><h3 class=\"elementor-image-box-title\">MILDE REINIGING<\/h3><p class=\"elementor-image-box-description\">Voor een optimale reiniging van de huid<\/p><\/div><\/div>\t\t\t\t<\/div>\n\t\t\t\t<\/div>\n\t\t\t\t<div class=\"elementor-element elementor-element-1d3e387 elementor-position-left elementor-vertical-align-middle elementor-widget elementor-widget-image-box\" data-id=\"1d3e387\" data-element_type=\"widget\" data-e-type=\"widget\" data-widget_type=\"image-box.default\">\n\t\t\t\t<div class=\"elementor-widget-container\">\n\t\t\t\t\t<div class=\"elementor-image-box-wrapper\"><figure class=\"elementor-image-box-img\"><img decoding=\"async\" width=\"80\" height=\"80\" src=\"https:\/\/swash-shop.com\/wp-content\/uploads\/2018\/07\/Kwetsbarehuid_icon.png\" class=\"attachment-full size-full wp-image-17187\" alt=\"Kwetsbare huid icoon\" \/><\/figure><div class=\"elementor-image-box-content\"><h3 class=\"elementor-image-box-title\">GESCHIKT VOOR DE GEVOELIGE HUID<\/h3><p class=\"elementor-image-box-description\">De parfumvrije \u00e9n de geparfumeerde lotion is pH-huidneutraal en verrijkt met voedende ingredi\u00ebnten zoals Vitamine E en Glycerine, die helpen het vochtgehalte van de huid te behouden. Onnodige ingredi\u00ebnten, zoals parabenen of formaldehyde(releasers) zijn niet toegevoegd.<\/p><\/div><\/div>\t\t\t\t<\/div>\n\t\t\t\t<\/div>\n\t\t\t\t<div class=\"elementor-element elementor-element-1f81d20 elementor-position-left elementor-vertical-align-middle elementor-widget elementor-widget-image-box\" data-id=\"1f81d20\" data-element_type=\"widget\" data-e-type=\"widget\" data-widget_type=\"image-box.default\">\n\t\t\t\t<div class=\"elementor-widget-container\">\n\t\t\t\t\t<div class=\"elementor-image-box-wrapper\"><figure class=\"elementor-image-box-img\"><img decoding=\"async\" width=\"80\" height=\"80\" src=\"https:\/\/swash-shop.com\/wp-content\/uploads\/2018\/07\/DermatologischGetest_icon.png\" class=\"attachment-full size-full wp-image-17172\" alt=\"Dermatologisch gestest icoon\" \/><\/figure><div class=\"elementor-image-box-content\"><h3 class=\"elementor-image-box-title\">DERMATOLOGISCH GETEST<\/h3><p class=\"elementor-image-box-description\">Alle producten van Swash<sup>\u00ae<\/sup>\u00a0worden uitvoerig dermatologisch getest.<\/p><\/div><\/div>\t\t\t\t<\/div>\n\t\t\t\t<\/div>\n\t\t\t\t<div class=\"elementor-element elementor-element-785da4f elementor-position-left elementor-vertical-align-middle elementor-widget elementor-widget-image-box\" data-id=\"785da4f\" data-element_type=\"widget\" data-e-type=\"widget\" data-widget_type=\"image-box.default\">\n\t\t\t\t<div class=\"elementor-widget-container\">\n\t\t\t\t\t<div class=\"elementor-image-box-wrapper\"><figure class=\"elementor-image-box-img\"><img loading=\"lazy\" decoding=\"async\" width=\"80\" height=\"80\" src=\"https:\/\/swash-shop.com\/wp-content\/uploads\/2018\/07\/HoogwaardigeKwaliteit_icon.png\" class=\"attachment-full size-full wp-image-17177\" alt=\"Hogewaardige kwaliteit icoon\" \/><\/figure><div class=\"elementor-image-box-content\"><h3 class=\"elementor-image-box-title\">HOOGWAARDIGE KWALITEIT<\/h3><p class=\"elementor-image-box-description\">De producten van Swash<sup>\u00ae<\/sup>\u00a0worden geproduceerd uit de beste materialen in een hightech productiefaciliteit met cleanroom. Dit om de hoogst mogelijke kwaliteit te kunnen garanderen.<\/p><\/div><\/div>\t\t\t\t<\/div>\n\t\t\t\t<\/div>\n\t\t\t\t\t<\/div>\n\t\t<\/div>\n\t\t\t\t<div class=\"elementor-column elementor-col-50 elementor-top-column elementor-element elementor-element-0d28c4d\" data-id=\"0d28c4d\" data-element_type=\"column\" data-e-type=\"column\">\n\t\t\t<div class=\"elementor-widget-wrap\">\n\t\t\t\t\t\t\t<\/div>\n\t\t<\/div>\n\t\t\t\t\t<\/div>\n\t\t<\/section>\n\t\t\t\t<\/div>\n\t\t","protected":false},"excerpt":{"rendered":"<p>Swash\u00ae Cleansing zijn vochtige doekjes voor een milde en frequente reiniging van de huid voor dagelijks gebruik. Vooral na een incontinentie-episode zijn de doekjes ideaal voor een eerste zachte, maar grondige reiniging van de intieme zone alvorens Swash\u00ae Perineum met huidbeschermende ingredi\u00ebnten te gebruiken. De lotion bevat het kalmerende ingredi\u00ebnt jojoba, dat de huid zacht en gehydrateerd houdt. Het extra grote formaat van het doek maakt het ideaal voor het doel.<\/p>\n<ul>\n<li>Extra groot doek van 30 x 20 cm<\/li>\n<li>Beschikbaar in grootverpakking van 48 doekjes: geparfumeerd of parfumvrij<\/li>\n<li>CE<\/li>\n<\/ul>\n","protected":false},"featured_media":195869,"template":"","meta":{"site-sidebar-layout":"default","site-content-layout":"default","ast-site-content-layout":"default","site-content-style":"default","site-sidebar-style":"default","ast-global-header-display":"","ast-banner-title-visibility":"","ast-main-header-display":"","ast-hfb-above-header-display":"","ast-hfb-below-header-display":"","ast-hfb-mobile-header-display":"","site-post-title":"","ast-breadcrumbs-content":"","ast-featured-img":"","footer-sml-layout":"","ast-disable-related-posts":"","theme-transparent-header-meta":"default","adv-header-id-meta":"","stick-header-meta":"","header-above-stick-meta":"","header-main-stick-meta":"","header-below-stick-meta":"","astra-migrate-meta-layouts":"default","ast-page-background-enabled":"default","ast-page-background-meta":{"desktop":{"background-color":"","background-image":"","background-repeat":"repeat","background-position":"center center","background-size":"auto","background-attachment":"scroll","background-type":"","background-media":"","overlay-type":"","overlay-color":"","overlay-opacity":"","overlay-gradient":""},"tablet":{"background-color":"","background-image":"","background-repeat":"repeat","background-position":"center center","background-size":"auto","background-attachment":"scroll","background-type":"","background-media":"","overlay-type":"","overlay-color":"","overlay-opacity":"","overlay-gradient":""},"mobile":{"background-color":"","background-image":"","background-repeat":"repeat","background-position":"center center","background-size":"auto","background-attachment":"scroll","background-type":"","background-media":"","overlay-type":"","overlay-color":"","overlay-opacity":"","overlay-gradient":""}},"ast-content-background-meta":{"desktop":{"background-color":"var(--ast-global-color-5)","background-image":"","background-repeat":"repeat","background-position":"center center","background-size":"auto","background-attachment":"scroll","background-type":"","background-media":"","overlay-type":"","overlay-color":"","overlay-opacity":"","overlay-gradient":""},"tablet":{"background-color":"var(--ast-global-color-5)","background-image":"","background-repeat":"repeat","background-position":"center center","background-size":"auto","background-attachment":"scroll","background-type":"","background-media":"","overlay-type":"","overlay-color":"","overlay-opacity":"","overlay-gradient":""},"mobile":{"background-color":"var(--ast-global-color-5)","background-image":"","background-repeat":"repeat","background-position":"center center","background-size":"auto","background-attachment":"scroll","background-type":"","background-media":"","overlay-type":"","overlay-color":"","overlay-opacity":"","overlay-gradient":""}}},"product_brand":[],"product_cat":[194],"product_tag":[],"class_list":{"0":"post-196091","1":"product","2":"type-product","3":"status-publish","4":"has-post-thumbnail","6":"product_cat-incontinentiezorg","7":"pa_amount-in-package-geparfumeerd-48-pack","8":"pa_amount-in-package-parfumvrij-48-pack-nl","9":"pa_packages-1-verpakking","10":"pa_packages-12-verpakking-doos-10-nl","11":"pa_packages-6-verpakkingen-boos-5-nl","12":"desktop-align-left","13":"tablet-align-left","14":"mobile-align-left","16":"first","17":"instock","18":"taxable","19":"shipping-taxable","20":"purchasable","21":"product-type-variable","22":"has-default-attributes"},"yoast_head":"<!-- This site is optimized with the Yoast SEO plugin v27.3 - https:\/\/yoast.com\/product\/yoast-seo-wordpress\/ -->\n<title>Cleansing Wipes - Wassen zonder water<\/title>\n<meta name=\"description\" content=\"Swash\u00ae Cleansing zijn vochtige doekjes voor een milde en frequente reiniging van de huid voor dagelijks gebruik. Vooral na een incontinentie-episode...\" \/>\n<meta name=\"robots\" content=\"index, follow, max-snippet:-1, max-image-preview:large, max-video-preview:-1\" \/>\n<link rel=\"canonical\" href=\"https:\/\/swash-shop.com\/nl\/product\/cleansing-wipes\/\" \/>\n<meta property=\"og:locale\" content=\"nl_NL\" \/>\n<meta property=\"og:type\" content=\"article\" \/>\n<meta property=\"og:title\" content=\"Cleansing Wipes - Wassen zonder water\" \/>\n<meta property=\"og:description\" content=\"Swash\u00ae Cleansing zijn vochtige doekjes voor een milde en frequente reiniging van de huid voor dagelijks gebruik. Vooral na een incontinentie-episode...\" \/>\n<meta property=\"og:url\" content=\"https:\/\/swash-shop.com\/nl\/product\/cleansing-wipes\/\" \/>\n<meta property=\"og:site_name\" content=\"Swash-shop\" \/>\n<meta property=\"article:publisher\" content=\"https:\/\/www.facebook.com\/arionsmile\" \/>\n<meta property=\"article:modified_time\" content=\"2024-05-13T16:14:47+00:00\" \/>\n<meta property=\"og:image\" content=\"https:\/\/swash-shop.com\/wp-content\/uploads\/2020\/05\/cleansing-wipes.jpg\" \/>\n\t<meta property=\"og:image:width\" content=\"800\" \/>\n\t<meta property=\"og:image:height\" content=\"800\" \/>\n\t<meta property=\"og:image:type\" content=\"image\/jpeg\" \/>\n<meta name=\"twitter:card\" content=\"summary_large_image\" \/>\n<meta name=\"twitter:site\" content=\"@arionsmile\" \/>\n<script type=\"application\/ld+json\" class=\"yoast-schema-graph\">{\"@context\":\"https:\\\/\\\/schema.org\",\"@graph\":[{\"@type\":\"WebPage\",\"@id\":\"https:\\\/\\\/swash-shop.com\\\/nl\\\/product\\\/cleansing-wipes\\\/\",\"url\":\"https:\\\/\\\/swash-shop.com\\\/nl\\\/product\\\/cleansing-wipes\\\/\",\"name\":\"Cleansing Wipes - Wassen zonder water\",\"isPartOf\":{\"@id\":\"https:\\\/\\\/swash-shop.com\\\/nl\\\/#website\"},\"primaryImageOfPage\":{\"@id\":\"https:\\\/\\\/swash-shop.com\\\/nl\\\/product\\\/cleansing-wipes\\\/#primaryimage\"},\"image\":{\"@id\":\"https:\\\/\\\/swash-shop.com\\\/nl\\\/product\\\/cleansing-wipes\\\/#primaryimage\"},\"thumbnailUrl\":\"https:\\\/\\\/swash-shop.com\\\/wp-content\\\/uploads\\\/2020\\\/05\\\/cleansing-wipes.jpg\",\"datePublished\":\"2020-05-29T08:42:12+00:00\",\"dateModified\":\"2024-05-13T16:14:47+00:00\",\"description\":\"Swash\u00ae Cleansing zijn vochtige doekjes voor een milde en frequente reiniging van de huid voor dagelijks gebruik. Vooral na een incontinentie-episode...\",\"breadcrumb\":{\"@id\":\"https:\\\/\\\/swash-shop.com\\\/nl\\\/product\\\/cleansing-wipes\\\/#breadcrumb\"},\"inLanguage\":\"nl-NL\",\"potentialAction\":[{\"@type\":\"ReadAction\",\"target\":[\"https:\\\/\\\/swash-shop.com\\\/nl\\\/product\\\/cleansing-wipes\\\/\"]}]},{\"@type\":\"ImageObject\",\"inLanguage\":\"nl-NL\",\"@id\":\"https:\\\/\\\/swash-shop.com\\\/nl\\\/product\\\/cleansing-wipes\\\/#primaryimage\",\"url\":\"https:\\\/\\\/swash-shop.com\\\/wp-content\\\/uploads\\\/2020\\\/05\\\/cleansing-wipes.jpg\",\"contentUrl\":\"https:\\\/\\\/swash-shop.com\\\/wp-content\\\/uploads\\\/2020\\\/05\\\/cleansing-wipes.jpg\",\"width\":800,\"height\":800,\"caption\":\"Reinigingsdoekjes\"},{\"@type\":\"BreadcrumbList\",\"@id\":\"https:\\\/\\\/swash-shop.com\\\/nl\\\/product\\\/cleansing-wipes\\\/#breadcrumb\",\"itemListElement\":[{\"@type\":\"ListItem\",\"position\":1,\"name\":\"Home\",\"item\":\"https:\\\/\\\/swash-shop.com\\\/nl\\\/\"},{\"@type\":\"ListItem\",\"position\":2,\"name\":\"Winkel\",\"item\":\"https:\\\/\\\/swash-shop.com\\\/shop\\\/\"},{\"@type\":\"ListItem\",\"position\":3,\"name\":\"Cleansing Wipes\"}]},{\"@type\":\"WebSite\",\"@id\":\"https:\\\/\\\/swash-shop.com\\\/nl\\\/#website\",\"url\":\"https:\\\/\\\/swash-shop.com\\\/nl\\\/\",\"name\":\"Swash-shop\",\"description\":\"Washing without water\",\"publisher\":{\"@id\":\"https:\\\/\\\/swash-shop.com\\\/nl\\\/#organization\"},\"potentialAction\":[{\"@type\":\"SearchAction\",\"target\":{\"@type\":\"EntryPoint\",\"urlTemplate\":\"https:\\\/\\\/swash-shop.com\\\/nl\\\/?s={search_term_string}\"},\"query-input\":{\"@type\":\"PropertyValueSpecification\",\"valueRequired\":true,\"valueName\":\"search_term_string\"}}],\"inLanguage\":\"nl-NL\"},{\"@type\":\"Organization\",\"@id\":\"https:\\\/\\\/swash-shop.com\\\/nl\\\/#organization\",\"name\":\"Arion Group\",\"url\":\"https:\\\/\\\/swash-shop.com\\\/nl\\\/\",\"logo\":{\"@type\":\"ImageObject\",\"inLanguage\":\"nl-NL\",\"@id\":\"https:\\\/\\\/swash-shop.com\\\/nl\\\/#\\\/schema\\\/logo\\\/image\\\/\",\"url\":\"https:\\\/\\\/swash-shop.com\\\/wp-content\\\/uploads\\\/2017\\\/07\\\/Arion_logo_vrijstaand_normal.png\",\"contentUrl\":\"https:\\\/\\\/swash-shop.com\\\/wp-content\\\/uploads\\\/2017\\\/07\\\/Arion_logo_vrijstaand_normal.png\",\"width\":550,\"height\":214,\"caption\":\"Arion Group\"},\"image\":{\"@id\":\"https:\\\/\\\/swash-shop.com\\\/nl\\\/#\\\/schema\\\/logo\\\/image\\\/\"},\"sameAs\":[\"https:\\\/\\\/www.facebook.com\\\/arionsmile\",\"https:\\\/\\\/x.com\\\/arionsmile\",\"https:\\\/\\\/www.linkedin.com\\\/company\\\/arion-holding-bv\",\"https:\\\/\\\/www.youtube.com\\\/user\\\/ArionInternational\"]}]}<\/script>\n<!-- \/ Yoast SEO plugin. -->","yoast_head_json":{"title":"Cleansing Wipes - Wassen zonder water","description":"Swash\u00ae Cleansing zijn vochtige doekjes voor een milde en frequente reiniging van de huid voor dagelijks gebruik. Vooral na een incontinentie-episode...","robots":{"index":"index","follow":"follow","max-snippet":"max-snippet:-1","max-image-preview":"max-image-preview:large","max-video-preview":"max-video-preview:-1"},"canonical":"https:\/\/swash-shop.com\/nl\/product\/cleansing-wipes\/","og_locale":"nl_NL","og_type":"article","og_title":"Cleansing Wipes - Wassen zonder water","og_description":"Swash\u00ae Cleansing zijn vochtige doekjes voor een milde en frequente reiniging van de huid voor dagelijks gebruik. Vooral na een incontinentie-episode...","og_url":"https:\/\/swash-shop.com\/nl\/product\/cleansing-wipes\/","og_site_name":"Swash-shop","article_publisher":"https:\/\/www.facebook.com\/arionsmile","article_modified_time":"2024-05-13T16:14:47+00:00","og_image":[{"width":800,"height":800,"url":"https:\/\/swash-shop.com\/wp-content\/uploads\/2020\/05\/cleansing-wipes.jpg","type":"image\/jpeg"}],"twitter_card":"summary_large_image","twitter_site":"@arionsmile","schema":{"@context":"https:\/\/schema.org","@graph":[{"@type":"WebPage","@id":"https:\/\/swash-shop.com\/nl\/product\/cleansing-wipes\/","url":"https:\/\/swash-shop.com\/nl\/product\/cleansing-wipes\/","name":"Cleansing Wipes - Wassen zonder water","isPartOf":{"@id":"https:\/\/swash-shop.com\/nl\/#website"},"primaryImageOfPage":{"@id":"https:\/\/swash-shop.com\/nl\/product\/cleansing-wipes\/#primaryimage"},"image":{"@id":"https:\/\/swash-shop.com\/nl\/product\/cleansing-wipes\/#primaryimage"},"thumbnailUrl":"https:\/\/swash-shop.com\/wp-content\/uploads\/2020\/05\/cleansing-wipes.jpg","datePublished":"2020-05-29T08:42:12+00:00","dateModified":"2024-05-13T16:14:47+00:00","description":"Swash\u00ae Cleansing zijn vochtige doekjes voor een milde en frequente reiniging van de huid voor dagelijks gebruik. Vooral na een incontinentie-episode...","breadcrumb":{"@id":"https:\/\/swash-shop.com\/nl\/product\/cleansing-wipes\/#breadcrumb"},"inLanguage":"nl-NL","potentialAction":[{"@type":"ReadAction","target":["https:\/\/swash-shop.com\/nl\/product\/cleansing-wipes\/"]}]},{"@type":"ImageObject","inLanguage":"nl-NL","@id":"https:\/\/swash-shop.com\/nl\/product\/cleansing-wipes\/#primaryimage","url":"https:\/\/swash-shop.com\/wp-content\/uploads\/2020\/05\/cleansing-wipes.jpg","contentUrl":"https:\/\/swash-shop.com\/wp-content\/uploads\/2020\/05\/cleansing-wipes.jpg","width":800,"height":800,"caption":"Reinigingsdoekjes"},{"@type":"BreadcrumbList","@id":"https:\/\/swash-shop.com\/nl\/product\/cleansing-wipes\/#breadcrumb","itemListElement":[{"@type":"ListItem","position":1,"name":"Home","item":"https:\/\/swash-shop.com\/nl\/"},{"@type":"ListItem","position":2,"name":"Winkel","item":"https:\/\/swash-shop.com\/shop\/"},{"@type":"ListItem","position":3,"name":"Cleansing Wipes"}]},{"@type":"WebSite","@id":"https:\/\/swash-shop.com\/nl\/#website","url":"https:\/\/swash-shop.com\/nl\/","name":"Swash-shop","description":"Washing without water","publisher":{"@id":"https:\/\/swash-shop.com\/nl\/#organization"},"potentialAction":[{"@type":"SearchAction","target":{"@type":"EntryPoint","urlTemplate":"https:\/\/swash-shop.com\/nl\/?s={search_term_string}"},"query-input":{"@type":"PropertyValueSpecification","valueRequired":true,"valueName":"search_term_string"}}],"inLanguage":"nl-NL"},{"@type":"Organization","@id":"https:\/\/swash-shop.com\/nl\/#organization","name":"Arion Group","url":"https:\/\/swash-shop.com\/nl\/","logo":{"@type":"ImageObject","inLanguage":"nl-NL","@id":"https:\/\/swash-shop.com\/nl\/#\/schema\/logo\/image\/","url":"https:\/\/swash-shop.com\/wp-content\/uploads\/2017\/07\/Arion_logo_vrijstaand_normal.png","contentUrl":"https:\/\/swash-shop.com\/wp-content\/uploads\/2017\/07\/Arion_logo_vrijstaand_normal.png","width":550,"height":214,"caption":"Arion Group"},"image":{"@id":"https:\/\/swash-shop.com\/nl\/#\/schema\/logo\/image\/"},"sameAs":["https:\/\/www.facebook.com\/arionsmile","https:\/\/x.com\/arionsmile","https:\/\/www.linkedin.com\/company\/arion-holding-bv","https:\/\/www.youtube.com\/user\/ArionInternational"]}]}},"_links":{"self":[{"href":"https:\/\/swash-shop.com\/nl\/wp-json\/wp\/v2\/product\/196091","targetHints":{"allow":["GET"]}}],"collection":[{"href":"https:\/\/swash-shop.com\/nl\/wp-json\/wp\/v2\/product"}],"about":[{"href":"https:\/\/swash-shop.com\/nl\/wp-json\/wp\/v2\/types\/product"}],"version-history":[{"count":0,"href":"https:\/\/swash-shop.com\/nl\/wp-json\/wp\/v2\/product\/196091\/revisions"}],"wp:featuredmedia":[{"embeddable":true,"href":"https:\/\/swash-shop.com\/nl\/wp-json\/wp\/v2\/media\/195869"}],"wp:attachment":[{"href":"https:\/\/swash-shop.com\/nl\/wp-json\/wp\/v2\/media?parent=196091"}],"wp:term":[{"taxonomy":"product_brand","embeddable":true,"href":"https:\/\/swash-shop.com\/nl\/wp-json\/wp\/v2\/product_brand?post=196091"},{"taxonomy":"product_cat","embeddable":true,"href":"https:\/\/swash-shop.com\/nl\/wp-json\/wp\/v2\/product_cat?post=196091"},{"taxonomy":"product_tag","embeddable":true,"href":"https:\/\/swash-shop.com\/nl\/wp-json\/wp\/v2\/product_tag?post=196091"}],"curies":[{"name":"wp","href":"https:\/\/api.w.org\/{rel}","templated":true}]}}