{"id":17305,"date":"2018-07-18T16:16:34","date_gmt":"2018-07-18T14:16:34","guid":{"rendered":"https:\/\/swash-shop.com\/over-ons\/"},"modified":"2020-07-02T12:13:52","modified_gmt":"2020-07-02T10:13:52","slug":"over-ons","status":"publish","type":"page","link":"https:\/\/swash-shop.com\/nl\/over-ons\/","title":{"rendered":"Over ons"},"content":{"rendered":"\t\t<div data-elementor-type=\"wp-page\" data-elementor-id=\"17305\" class=\"elementor elementor-17305 elementor-17274\" data-elementor-post-type=\"page\">\n\t\t\t\t\t\t<section class=\"elementor-section elementor-top-section elementor-element elementor-element-a35b159 elementor-section-boxed elementor-section-height-default elementor-section-height-default\" data-id=\"a35b159\" data-element_type=\"section\" data-e-type=\"section\">\n\t\t\t\t\t\t<div class=\"elementor-container elementor-column-gap-default\">\n\t\t\t\t\t<div class=\"elementor-column elementor-col-100 elementor-top-column elementor-element elementor-element-8e7a36c\" data-id=\"8e7a36c\" data-element_type=\"column\" data-e-type=\"column\">\n\t\t\t<div class=\"elementor-widget-wrap elementor-element-populated\">\n\t\t\t\t\t\t<div class=\"elementor-element elementor-element-098c584 elementor-widget elementor-widget-image\" data-id=\"098c584\" data-element_type=\"widget\" data-e-type=\"widget\" data-widget_type=\"image.default\">\n\t\t\t\t<div class=\"elementor-widget-container\">\n\t\t\t\t\t\t\t\t\t\t\t\t\t\t\t<img fetchpriority=\"high\" decoding=\"async\" width=\"1903\" height=\"550\" src=\"https:\/\/swash-shop.com\/wp-content\/uploads\/2018\/07\/Swash_webshop_slider_1903x550px_OverOns.jpg\" class=\"attachment-full size-full wp-image-16967\" alt=\"Man zit in een stelling\" srcset=\"https:\/\/swash-shop.com\/wp-content\/uploads\/2018\/07\/Swash_webshop_slider_1903x550px_OverOns.jpg 1903w, https:\/\/swash-shop.com\/wp-content\/uploads\/2018\/07\/Swash_webshop_slider_1903x550px_OverOns-300x87.jpg 300w, https:\/\/swash-shop.com\/wp-content\/uploads\/2018\/07\/Swash_webshop_slider_1903x550px_OverOns-768x222.jpg 768w, https:\/\/swash-shop.com\/wp-content\/uploads\/2018\/07\/Swash_webshop_slider_1903x550px_OverOns-1024x296.jpg 1024w, https:\/\/swash-shop.com\/wp-content\/uploads\/2018\/07\/Swash_webshop_slider_1903x550px_OverOns-600x173.jpg 600w\" sizes=\"(max-width: 1903px) 100vw, 1903px\" \/>\t\t\t\t\t\t\t\t\t\t\t\t\t\t\t<\/div>\n\t\t\t\t<\/div>\n\t\t\t\t\t<\/div>\n\t\t<\/div>\n\t\t\t\t\t<\/div>\n\t\t<\/section>\n\t\t\t\t<section class=\"elementor-section elementor-top-section elementor-element elementor-element-bd9fa56 elementor-section-boxed elementor-section-height-default elementor-section-height-default\" data-id=\"bd9fa56\" data-element_type=\"section\" data-e-type=\"section\">\n\t\t\t\t\t\t<div class=\"elementor-container elementor-column-gap-default\">\n\t\t\t\t\t<div class=\"elementor-column elementor-col-50 elementor-top-column elementor-element elementor-element-5b1539c\" data-id=\"5b1539c\" data-element_type=\"column\" data-e-type=\"column\">\n\t\t\t<div class=\"elementor-widget-wrap elementor-element-populated\">\n\t\t\t\t\t\t<div class=\"elementor-element elementor-element-818b0ec elementor-widget elementor-widget-heading\" data-id=\"818b0ec\" data-element_type=\"widget\" data-e-type=\"widget\" data-widget_type=\"heading.default\">\n\t\t\t\t<div class=\"elementor-widget-container\">\n\t\t\t\t\t<h1 class=\"elementor-heading-title elementor-size-default\">Over ons<\/h1>\t\t\t\t<\/div>\n\t\t\t\t<\/div>\n\t\t\t\t<div class=\"elementor-element elementor-element-b2077ed elementor-widget elementor-widget-text-editor\" data-id=\"b2077ed\" data-element_type=\"widget\" data-e-type=\"widget\" data-widget_type=\"text-editor.default\">\n\t\t\t\t<div class=\"elementor-widget-container\">\n\t\t\t\t\t\t\t\t\t<p><strong>EVEN VOORSTELLEN<\/strong><br \/>Het bedrijf achter Swash<sup>\u00ae<\/sup> is Arion. Arion werd in 1994 opgericht door de Nederlander Erik Joosten. Als jonge ondernemer had hij \u00e9\u00e9n missie: bestaande irritaties in de gezondheidszorg verhelpen. Toen Erik in 1999 stuitte op wegwerpdoekjes waarmee pati\u00ebnten zonder water gewassen konden worden, wist hij meteen, dit is d\u00e9 oplossing voor de irritatie over kruisbesmetting en ongemak bij traditioneel wassen. Zo werd Arion in 1999 het bedrijf dat het wasconcept (wassen zonder water) in Europa introduceerde.\u00a0<\/p>\t\t\t\t\t\t\t\t<\/div>\n\t\t\t\t<\/div>\n\t\t\t\t<div class=\"elementor-element elementor-element-57c9bec elementor-widget elementor-widget-heading\" data-id=\"57c9bec\" data-element_type=\"widget\" data-e-type=\"widget\" data-widget_type=\"heading.default\">\n\t\t\t\t<div class=\"elementor-widget-container\">\n\t\t\t\t\t<h3 class=\"elementor-heading-title elementor-size-default\">\u201cWE STREVEN ERNAAR OM HET LEVEN DE VAN HUIDIGE EN TOEKOMSTIGE GENERATIES EENVOUDIGER, EFFICI\u00cbNTER EN COMFORTABELER TE MAKEN.\u201d \u2013 ONZE MISSIE<\/h3>\t\t\t\t<\/div>\n\t\t\t\t<\/div>\n\t\t\t\t<div class=\"elementor-element elementor-element-df578c7 elementor-widget elementor-widget-text-editor\" data-id=\"df578c7\" data-element_type=\"widget\" data-e-type=\"widget\" data-widget_type=\"text-editor.default\">\n\t\t\t\t<div class=\"elementor-widget-container\">\n\t\t\t\t\t\t\t\t\t<p>Twee decennia later, zijn de wasproducten van Swash<sup>\u00ae<\/sup>\u00a0breed ge\u00efmplementeerd en ge\u00efntegreerd in de Europese gezondheidszorg. De vochtige wasproducten hebben in veel zorginstellingen een positieve verandering veroorzaakt en zijn van onmisbare waarde geworden. Ons doel is dan ook om met kwalitatieve producten zoveel mogelijk te kunnen betekenen in het leven van onze klanten. Onze innovaties zijn eenvoudig maar met als doel om het leven eenvoudiger, comfortabeler en gemakkelijker te maken. Daarbij maken we gebruik van onze jarenlange kennis en ervaring, maar luisteren we ook goed naar de behoeften van onze klanten en laten we ons adviseren door professionals in de praktijk.<\/p>\t\t\t\t\t\t\t\t<\/div>\n\t\t\t\t<\/div>\n\t\t\t\t<div class=\"elementor-element elementor-element-561b5fb elementor-widget elementor-widget-video\" data-id=\"561b5fb\" data-element_type=\"widget\" data-e-type=\"widget\" data-settings=\"{&quot;youtube_url&quot;:&quot;https:\\\/\\\/www.youtube.com\\\/watch?v=TKSXPvOXibw&amp;list=PLZJi9Ll87uPyFcNygpg8wGobdJMbIJFll&amp;index=7&amp;t=0s&quot;,&quot;video_type&quot;:&quot;youtube&quot;,&quot;controls&quot;:&quot;yes&quot;}\" data-widget_type=\"video.default\">\n\t\t\t\t<div class=\"elementor-widget-container\">\n\t\t\t\t\t\t\t<div class=\"elementor-wrapper elementor-open-inline\">\n\t\t\t<div class=\"elementor-video\"><\/div>\t\t<\/div>\n\t\t\t\t\t\t<\/div>\n\t\t\t\t<\/div>\n\t\t\t\t\t<\/div>\n\t\t<\/div>\n\t\t\t\t<div class=\"elementor-column elementor-col-50 elementor-top-column elementor-element elementor-element-42f0f59\" data-id=\"42f0f59\" data-element_type=\"column\" data-e-type=\"column\">\n\t\t\t<div class=\"elementor-widget-wrap elementor-element-populated\">\n\t\t\t\t\t\t<div class=\"elementor-element elementor-element-43aaa6a elementor-widget elementor-widget-text-editor\" data-id=\"43aaa6a\" data-element_type=\"widget\" data-e-type=\"widget\" data-widget_type=\"text-editor.default\">\n\t\t\t\t<div class=\"elementor-widget-container\">\n\t\t\t\t\t\t\t\t\t<p><strong>OOG VOOR KWALITEIT<\/strong><br \/>We hechten veel waarde aan de kwaliteit en veiligheid van onze producten. Door over \u00e9lk detail na te denken, streven we er bij Arion voortdurend naar de beste Swash<sup>\u00ae<\/sup>-producten op de markt te brengen. In ons hoofdkantoor hebben we een hightech productiefaciliteit met cleanroom en een laboratorium opgezet. Dit om onze klanten de hoogst mogelijke kwaliteit te kunnen garanderen.<\/p>\t\t\t\t\t\t\t\t<\/div>\n\t\t\t\t<\/div>\n\t\t\t\t<div class=\"elementor-element elementor-element-2812425 elementor-widget elementor-widget-image\" data-id=\"2812425\" data-element_type=\"widget\" data-e-type=\"widget\" data-widget_type=\"image.default\">\n\t\t\t\t<div class=\"elementor-widget-container\">\n\t\t\t\t\t\t\t\t\t\t\t\t\t\t\t<img decoding=\"async\" width=\"500\" height=\"449\" src=\"https:\/\/swash-shop.com\/wp-content\/uploads\/2020\/05\/cleanroom-arion.jpg\" class=\"attachment-full size-full wp-image-195799\" alt=\"Man in een wasruimte\" srcset=\"https:\/\/swash-shop.com\/wp-content\/uploads\/2020\/05\/cleanroom-arion.jpg 500w, https:\/\/swash-shop.com\/wp-content\/uploads\/2020\/05\/cleanroom-arion-300x269.jpg 300w\" sizes=\"(max-width: 500px) 100vw, 500px\" \/>\t\t\t\t\t\t\t\t\t\t\t\t\t\t\t<\/div>\n\t\t\t\t<\/div>\n\t\t\t\t<div class=\"elementor-element elementor-element-0ff104c elementor-widget elementor-widget-text-editor\" data-id=\"0ff104c\" data-element_type=\"widget\" data-e-type=\"widget\" data-widget_type=\"text-editor.default\">\n\t\t\t\t<div class=\"elementor-widget-container\">\n\t\t\t\t\t\t\t\t\t<p>We besteden veel aandacht aan het testen en controleren van onze producten. Vandaar dat we kunnen zeggen dat onze producten mild, hypoallergeen en dermatologisch zijn getest \u00e9n vervaardigd zijn uit de beste materialen.<\/p>\t\t\t\t\t\t\t\t<\/div>\n\t\t\t\t<\/div>\n\t\t\t\t<div class=\"elementor-element elementor-element-cfcd6bd elementor-align-left elementor-widget elementor-widget-button\" data-id=\"cfcd6bd\" data-element_type=\"widget\" data-e-type=\"widget\" data-widget_type=\"button.default\">\n\t\t\t\t<div class=\"elementor-widget-container\">\n\t\t\t\t\t\t\t\t\t<div class=\"elementor-button-wrapper\">\n\t\t\t\t\t<a class=\"elementor-button elementor-button-link elementor-size-md elementor-animation-shrink\" href=\"https:\/\/www.arion-group.com\/en\/\" target=\"_blank\">\n\t\t\t\t\t\t<span class=\"elementor-button-content-wrapper\">\n\t\t\t\t\t\t\t\t\t<span class=\"elementor-button-text\">Bezoek arion-group.com<\/span>\n\t\t\t\t\t<\/span>\n\t\t\t\t\t<\/a>\n\t\t\t\t<\/div>\n\t\t\t\t\t\t\t\t<\/div>\n\t\t\t\t<\/div>\n\t\t\t\t\t<\/div>\n\t\t<\/div>\n\t\t\t\t\t<\/div>\n\t\t<\/section>\n\t\t\t\t<\/div>\n\t\t","protected":false},"excerpt":{"rendered":"<p>Over ons EVEN VOORSTELLEN Het bedrijf achter Swash\u00ae is Arion. Arion werd in 1994 opgericht door de Nederlander Erik Joosten. Als jonge ondernemer had hij \u00e9\u00e9n missie: bestaande irritaties in de gezondheidszorg verhelpen. Toen Erik in 1999 stuitte op wegwerpdoekjes waarmee pati\u00ebnten zonder water gewassen konden worden, wist hij meteen, dit is d\u00e9 oplossing voor [&hellip;]<\/p>\n","protected":false},"author":77,"featured_media":16967,"parent":0,"menu_order":0,"comment_status":"closed","ping_status":"closed","template":"","meta":{"site-sidebar-layout":"no-sidebar","site-content-layout":"page-builder","ast-site-content-layout":"default","site-content-style":"default","site-sidebar-style":"default","ast-global-header-display":"","ast-banner-title-visibility":"","ast-main-header-display":"","ast-hfb-above-header-display":"","ast-hfb-below-header-display":"","ast-hfb-mobile-header-display":"","site-post-title":"disabled","ast-breadcrumbs-content":"","ast-featured-img":"disabled","footer-sml-layout":"","ast-disable-related-posts":"","theme-transparent-header-meta":"default","adv-header-id-meta":"","stick-header-meta":"","header-above-stick-meta":"","header-main-stick-meta":"","header-below-stick-meta":"","astra-migrate-meta-layouts":"default","ast-page-background-enabled":"default","ast-page-background-meta":{"desktop":{"background-color":"","background-image":"","background-repeat":"repeat","background-position":"center center","background-size":"auto","background-attachment":"scroll","background-type":"","background-media":"","overlay-type":"","overlay-color":"","overlay-opacity":"","overlay-gradient":""},"tablet":{"background-color":"","background-image":"","background-repeat":"repeat","background-position":"center center","background-size":"auto","background-attachment":"scroll","background-type":"","background-media":"","overlay-type":"","overlay-color":"","overlay-opacity":"","overlay-gradient":""},"mobile":{"background-color":"","background-image":"","background-repeat":"repeat","background-position":"center center","background-size":"auto","background-attachment":"scroll","background-type":"","background-media":"","overlay-type":"","overlay-color":"","overlay-opacity":"","overlay-gradient":""}},"ast-content-background-meta":{"desktop":{"background-color":"var(--ast-global-color-5)","background-image":"","background-repeat":"repeat","background-position":"center center","background-size":"auto","background-attachment":"scroll","background-type":"","background-media":"","overlay-type":"","overlay-color":"","overlay-opacity":"","overlay-gradient":""},"tablet":{"background-color":"var(--ast-global-color-5)","background-image":"","background-repeat":"repeat","background-position":"center center","background-size":"auto","background-attachment":"scroll","background-type":"","background-media":"","overlay-type":"","overlay-color":"","overlay-opacity":"","overlay-gradient":""},"mobile":{"background-color":"var(--ast-global-color-5)","background-image":"","background-repeat":"repeat","background-position":"center center","background-size":"auto","background-attachment":"scroll","background-type":"","background-media":"","overlay-type":"","overlay-color":"","overlay-opacity":"","overlay-gradient":""}},"footnotes":""},"class_list":["post-17305","page","type-page","status-publish","has-post-thumbnail","hentry"],"yoast_head":"<!-- This site is optimized with the Yoast SEO plugin v27.3 - https:\/\/yoast.com\/product\/yoast-seo-wordpress\/ -->\n<title>Over ons - Swash-shop<\/title>\n<meta name=\"description\" content=\"Het bedrijf achter Swash\u00ae is Arion. Arion werd in 1994 opgericht door de Nederlander Erik Joosten. Als jonge ondernemer had hij \u00e9\u00e9n missie.\" \/>\n<meta name=\"robots\" content=\"index, follow, max-snippet:-1, max-image-preview:large, max-video-preview:-1\" \/>\n<link rel=\"canonical\" href=\"https:\/\/swash-shop.com\/nl\/over-ons\/\" \/>\n<meta property=\"og:locale\" content=\"nl_NL\" \/>\n<meta property=\"og:type\" content=\"article\" \/>\n<meta property=\"og:title\" content=\"Over ons - Swash-shop\" \/>\n<meta property=\"og:description\" content=\"Het bedrijf achter Swash\u00ae is Arion. Arion werd in 1994 opgericht door de Nederlander Erik Joosten. Als jonge ondernemer had hij \u00e9\u00e9n missie.\" \/>\n<meta property=\"og:url\" content=\"https:\/\/swash-shop.com\/nl\/over-ons\/\" \/>\n<meta property=\"og:site_name\" content=\"Swash-shop\" \/>\n<meta property=\"article:publisher\" content=\"https:\/\/www.facebook.com\/arionsmile\" \/>\n<meta property=\"article:modified_time\" content=\"2020-07-02T10:13:52+00:00\" \/>\n<meta property=\"og:image\" content=\"https:\/\/swash-shop.com\/wp-content\/uploads\/2018\/07\/Swash_webshop_slider_1903x550px_OverOns.jpg\" \/>\n\t<meta property=\"og:image:width\" content=\"1903\" \/>\n\t<meta property=\"og:image:height\" content=\"550\" \/>\n\t<meta property=\"og:image:type\" content=\"image\/jpeg\" \/>\n<meta name=\"twitter:card\" content=\"summary_large_image\" \/>\n<meta name=\"twitter:site\" content=\"@arionsmile\" \/>\n<meta name=\"twitter:label1\" content=\"Geschatte leestijd\" \/>\n\t<meta name=\"twitter:data1\" content=\"2 minuten\" \/>\n<script type=\"application\/ld+json\" class=\"yoast-schema-graph\">{\"@context\":\"https:\\\/\\\/schema.org\",\"@graph\":[{\"@type\":\"WebPage\",\"@id\":\"https:\\\/\\\/swash-shop.com\\\/nl\\\/over-ons\\\/\",\"url\":\"https:\\\/\\\/swash-shop.com\\\/nl\\\/over-ons\\\/\",\"name\":\"Over ons - Swash-shop\",\"isPartOf\":{\"@id\":\"https:\\\/\\\/swash-shop.com\\\/nl\\\/#website\"},\"primaryImageOfPage\":{\"@id\":\"https:\\\/\\\/swash-shop.com\\\/nl\\\/over-ons\\\/#primaryimage\"},\"image\":{\"@id\":\"https:\\\/\\\/swash-shop.com\\\/nl\\\/over-ons\\\/#primaryimage\"},\"thumbnailUrl\":\"https:\\\/\\\/swash-shop.com\\\/wp-content\\\/uploads\\\/2018\\\/07\\\/Swash_webshop_slider_1903x550px_OverOns.jpg\",\"datePublished\":\"2018-07-18T14:16:34+00:00\",\"dateModified\":\"2020-07-02T10:13:52+00:00\",\"description\":\"Het bedrijf achter Swash\u00ae is Arion. Arion werd in 1994 opgericht door de Nederlander Erik Joosten. Als jonge ondernemer had hij \u00e9\u00e9n missie.\",\"breadcrumb\":{\"@id\":\"https:\\\/\\\/swash-shop.com\\\/nl\\\/over-ons\\\/#breadcrumb\"},\"inLanguage\":\"nl-NL\",\"potentialAction\":[{\"@type\":\"ReadAction\",\"target\":[\"https:\\\/\\\/swash-shop.com\\\/nl\\\/over-ons\\\/\"]}]},{\"@type\":\"ImageObject\",\"inLanguage\":\"nl-NL\",\"@id\":\"https:\\\/\\\/swash-shop.com\\\/nl\\\/over-ons\\\/#primaryimage\",\"url\":\"https:\\\/\\\/swash-shop.com\\\/wp-content\\\/uploads\\\/2018\\\/07\\\/Swash_webshop_slider_1903x550px_OverOns.jpg\",\"contentUrl\":\"https:\\\/\\\/swash-shop.com\\\/wp-content\\\/uploads\\\/2018\\\/07\\\/Swash_webshop_slider_1903x550px_OverOns.jpg\",\"width\":1903,\"height\":550,\"caption\":\"Man zit in een stelling\"},{\"@type\":\"BreadcrumbList\",\"@id\":\"https:\\\/\\\/swash-shop.com\\\/nl\\\/over-ons\\\/#breadcrumb\",\"itemListElement\":[{\"@type\":\"ListItem\",\"position\":1,\"name\":\"Home\",\"item\":\"https:\\\/\\\/swash-shop.com\\\/nl\\\/\"},{\"@type\":\"ListItem\",\"position\":2,\"name\":\"Over ons\"}]},{\"@type\":\"WebSite\",\"@id\":\"https:\\\/\\\/swash-shop.com\\\/nl\\\/#website\",\"url\":\"https:\\\/\\\/swash-shop.com\\\/nl\\\/\",\"name\":\"Swash-shop\",\"description\":\"Washing without water\",\"publisher\":{\"@id\":\"https:\\\/\\\/swash-shop.com\\\/nl\\\/#organization\"},\"potentialAction\":[{\"@type\":\"SearchAction\",\"target\":{\"@type\":\"EntryPoint\",\"urlTemplate\":\"https:\\\/\\\/swash-shop.com\\\/nl\\\/?s={search_term_string}\"},\"query-input\":{\"@type\":\"PropertyValueSpecification\",\"valueRequired\":true,\"valueName\":\"search_term_string\"}}],\"inLanguage\":\"nl-NL\"},{\"@type\":\"Organization\",\"@id\":\"https:\\\/\\\/swash-shop.com\\\/nl\\\/#organization\",\"name\":\"Arion Group\",\"url\":\"https:\\\/\\\/swash-shop.com\\\/nl\\\/\",\"logo\":{\"@type\":\"ImageObject\",\"inLanguage\":\"nl-NL\",\"@id\":\"https:\\\/\\\/swash-shop.com\\\/nl\\\/#\\\/schema\\\/logo\\\/image\\\/\",\"url\":\"https:\\\/\\\/swash-shop.com\\\/wp-content\\\/uploads\\\/2017\\\/07\\\/Arion_logo_vrijstaand_normal.png\",\"contentUrl\":\"https:\\\/\\\/swash-shop.com\\\/wp-content\\\/uploads\\\/2017\\\/07\\\/Arion_logo_vrijstaand_normal.png\",\"width\":550,\"height\":214,\"caption\":\"Arion Group\"},\"image\":{\"@id\":\"https:\\\/\\\/swash-shop.com\\\/nl\\\/#\\\/schema\\\/logo\\\/image\\\/\"},\"sameAs\":[\"https:\\\/\\\/www.facebook.com\\\/arionsmile\",\"https:\\\/\\\/x.com\\\/arionsmile\",\"https:\\\/\\\/www.linkedin.com\\\/company\\\/arion-holding-bv\",\"https:\\\/\\\/www.youtube.com\\\/user\\\/ArionInternational\"]}]}<\/script>\n<!-- \/ Yoast SEO plugin. -->","yoast_head_json":{"title":"Over ons - Swash-shop","description":"Het bedrijf achter Swash\u00ae is Arion. Arion werd in 1994 opgericht door de Nederlander Erik Joosten. Als jonge ondernemer had hij \u00e9\u00e9n missie.","robots":{"index":"index","follow":"follow","max-snippet":"max-snippet:-1","max-image-preview":"max-image-preview:large","max-video-preview":"max-video-preview:-1"},"canonical":"https:\/\/swash-shop.com\/nl\/over-ons\/","og_locale":"nl_NL","og_type":"article","og_title":"Over ons - Swash-shop","og_description":"Het bedrijf achter Swash\u00ae is Arion. Arion werd in 1994 opgericht door de Nederlander Erik Joosten. Als jonge ondernemer had hij \u00e9\u00e9n missie.","og_url":"https:\/\/swash-shop.com\/nl\/over-ons\/","og_site_name":"Swash-shop","article_publisher":"https:\/\/www.facebook.com\/arionsmile","article_modified_time":"2020-07-02T10:13:52+00:00","og_image":[{"width":1903,"height":550,"url":"https:\/\/swash-shop.com\/wp-content\/uploads\/2018\/07\/Swash_webshop_slider_1903x550px_OverOns.jpg","type":"image\/jpeg"}],"twitter_card":"summary_large_image","twitter_site":"@arionsmile","twitter_misc":{"Geschatte leestijd":"2 minuten"},"schema":{"@context":"https:\/\/schema.org","@graph":[{"@type":"WebPage","@id":"https:\/\/swash-shop.com\/nl\/over-ons\/","url":"https:\/\/swash-shop.com\/nl\/over-ons\/","name":"Over ons - Swash-shop","isPartOf":{"@id":"https:\/\/swash-shop.com\/nl\/#website"},"primaryImageOfPage":{"@id":"https:\/\/swash-shop.com\/nl\/over-ons\/#primaryimage"},"image":{"@id":"https:\/\/swash-shop.com\/nl\/over-ons\/#primaryimage"},"thumbnailUrl":"https:\/\/swash-shop.com\/wp-content\/uploads\/2018\/07\/Swash_webshop_slider_1903x550px_OverOns.jpg","datePublished":"2018-07-18T14:16:34+00:00","dateModified":"2020-07-02T10:13:52+00:00","description":"Het bedrijf achter Swash\u00ae is Arion. Arion werd in 1994 opgericht door de Nederlander Erik Joosten. Als jonge ondernemer had hij \u00e9\u00e9n missie.","breadcrumb":{"@id":"https:\/\/swash-shop.com\/nl\/over-ons\/#breadcrumb"},"inLanguage":"nl-NL","potentialAction":[{"@type":"ReadAction","target":["https:\/\/swash-shop.com\/nl\/over-ons\/"]}]},{"@type":"ImageObject","inLanguage":"nl-NL","@id":"https:\/\/swash-shop.com\/nl\/over-ons\/#primaryimage","url":"https:\/\/swash-shop.com\/wp-content\/uploads\/2018\/07\/Swash_webshop_slider_1903x550px_OverOns.jpg","contentUrl":"https:\/\/swash-shop.com\/wp-content\/uploads\/2018\/07\/Swash_webshop_slider_1903x550px_OverOns.jpg","width":1903,"height":550,"caption":"Man zit in een stelling"},{"@type":"BreadcrumbList","@id":"https:\/\/swash-shop.com\/nl\/over-ons\/#breadcrumb","itemListElement":[{"@type":"ListItem","position":1,"name":"Home","item":"https:\/\/swash-shop.com\/nl\/"},{"@type":"ListItem","position":2,"name":"Over ons"}]},{"@type":"WebSite","@id":"https:\/\/swash-shop.com\/nl\/#website","url":"https:\/\/swash-shop.com\/nl\/","name":"Swash-shop","description":"Washing without water","publisher":{"@id":"https:\/\/swash-shop.com\/nl\/#organization"},"potentialAction":[{"@type":"SearchAction","target":{"@type":"EntryPoint","urlTemplate":"https:\/\/swash-shop.com\/nl\/?s={search_term_string}"},"query-input":{"@type":"PropertyValueSpecification","valueRequired":true,"valueName":"search_term_string"}}],"inLanguage":"nl-NL"},{"@type":"Organization","@id":"https:\/\/swash-shop.com\/nl\/#organization","name":"Arion Group","url":"https:\/\/swash-shop.com\/nl\/","logo":{"@type":"ImageObject","inLanguage":"nl-NL","@id":"https:\/\/swash-shop.com\/nl\/#\/schema\/logo\/image\/","url":"https:\/\/swash-shop.com\/wp-content\/uploads\/2017\/07\/Arion_logo_vrijstaand_normal.png","contentUrl":"https:\/\/swash-shop.com\/wp-content\/uploads\/2017\/07\/Arion_logo_vrijstaand_normal.png","width":550,"height":214,"caption":"Arion Group"},"image":{"@id":"https:\/\/swash-shop.com\/nl\/#\/schema\/logo\/image\/"},"sameAs":["https:\/\/www.facebook.com\/arionsmile","https:\/\/x.com\/arionsmile","https:\/\/www.linkedin.com\/company\/arion-holding-bv","https:\/\/www.youtube.com\/user\/ArionInternational"]}]}},"_links":{"self":[{"href":"https:\/\/swash-shop.com\/nl\/wp-json\/wp\/v2\/pages\/17305","targetHints":{"allow":["GET"]}}],"collection":[{"href":"https:\/\/swash-shop.com\/nl\/wp-json\/wp\/v2\/pages"}],"about":[{"href":"https:\/\/swash-shop.com\/nl\/wp-json\/wp\/v2\/types\/page"}],"author":[{"embeddable":true,"href":"https:\/\/swash-shop.com\/nl\/wp-json\/wp\/v2\/users\/77"}],"replies":[{"embeddable":true,"href":"https:\/\/swash-shop.com\/nl\/wp-json\/wp\/v2\/comments?post=17305"}],"version-history":[{"count":0,"href":"https:\/\/swash-shop.com\/nl\/wp-json\/wp\/v2\/pages\/17305\/revisions"}],"wp:featuredmedia":[{"embeddable":true,"href":"https:\/\/swash-shop.com\/nl\/wp-json\/wp\/v2\/media\/16967"}],"wp:attachment":[{"href":"https:\/\/swash-shop.com\/nl\/wp-json\/wp\/v2\/media?parent=17305"}],"curies":[{"name":"wp","href":"https:\/\/api.w.org\/{rel}","templated":true}]}}