{"id":196028,"date":"2020-05-29T10:42:12","date_gmt":"2020-05-29T08:42:12","guid":{"rendered":"https:\/\/swash-shop.com\/product\/cleansing-wipes\/"},"modified":"2024-05-13T18:16:02","modified_gmt":"2024-05-13T16:16:02","slug":"cleansing-wipes","status":"publish","type":"product","link":"https:\/\/swash-shop.com\/de\/product\/cleansing-wipes\/","title":{"rendered":"Cleansing Wipes"},"content":{"rendered":"\t\t<div data-elementor-type=\"product-post\" data-elementor-id=\"196028\" class=\"elementor elementor-196028 elementor-195858\" data-elementor-post-type=\"product\">\n\t\t\t\t\t\t<section class=\"elementor-section elementor-top-section elementor-element elementor-element-0c307bf elementor-section-boxed elementor-section-height-default elementor-section-height-default\" data-id=\"0c307bf\" data-element_type=\"section\" data-e-type=\"section\">\n\t\t\t\t\t\t<div class=\"elementor-container elementor-column-gap-default\">\n\t\t\t\t\t<div class=\"elementor-column elementor-col-50 elementor-top-column elementor-element elementor-element-4ac0305\" data-id=\"4ac0305\" data-element_type=\"column\" data-e-type=\"column\">\n\t\t\t<div class=\"elementor-widget-wrap elementor-element-populated\">\n\t\t\t\t\t\t<div class=\"elementor-element elementor-element-09fea69 elementor-widget elementor-widget-heading\" data-id=\"09fea69\" data-element_type=\"widget\" data-e-type=\"widget\" data-widget_type=\"heading.default\">\n\t\t\t\t<div class=\"elementor-widget-container\">\n\t\t\t\t\t<h2 class=\"elementor-heading-title elementor-size-default\">Beschreibung<\/h2>\t\t\t\t<\/div>\n\t\t\t\t<\/div>\n\t\t\t\t<div class=\"elementor-element elementor-element-2704f0c elementor-position-left elementor-vertical-align-middle elementor-widget elementor-widget-image-box\" data-id=\"2704f0c\" data-element_type=\"widget\" data-e-type=\"widget\" data-widget_type=\"image-box.default\">\n\t\t\t\t<div class=\"elementor-widget-container\">\n\t\t\t\t\t<div class=\"elementor-image-box-wrapper\"><figure class=\"elementor-image-box-img\"><img decoding=\"async\" width=\"80\" height=\"80\" src=\"https:\/\/swash-shop.com\/wp-content\/uploads\/2018\/06\/Wassen1stap_icon.png\" class=\"attachment-full size-full wp-image-17862\" alt=\"Schritt eins waschen\" \/><\/figure><div class=\"elementor-image-box-content\"><h3 class=\"elementor-image-box-title\">MILDE REINIGUNG<\/h3><\/div><\/div>\t\t\t\t<\/div>\n\t\t\t\t<\/div>\n\t\t\t\t<div class=\"elementor-element elementor-element-1d3e387 elementor-position-left elementor-vertical-align-middle elementor-widget elementor-widget-image-box\" data-id=\"1d3e387\" data-element_type=\"widget\" data-e-type=\"widget\" data-widget_type=\"image-box.default\">\n\t\t\t\t<div class=\"elementor-widget-container\">\n\t\t\t\t\t<div class=\"elementor-image-box-wrapper\"><figure class=\"elementor-image-box-img\"><img decoding=\"async\" width=\"80\" height=\"80\" src=\"https:\/\/swash-shop.com\/wp-content\/uploads\/2018\/07\/Kwetsbarehuid_icon.png\" class=\"attachment-full size-full wp-image-17188\" alt=\"zerbrechliches Hautsymbol\" \/><\/figure><div class=\"elementor-image-box-content\"><h3 class=\"elementor-image-box-title\">GEEIGNET F\u00dcR DIE EMPFINDLICHE HAUT<\/h3><p class=\"elementor-image-box-description\">Feuchte T\u00fccher f\u00fcr eine optimale Hautreinigung \r\nSwash\u00ae Cleansing Wipes sind feuchte T\u00fccher zur milden und h\u00e4ufigen Reinigung f\u00fcr den t\u00e4glichen Gebrauch. Besonders nach einer Inkontinenz-Episode sind die Feuchtt\u00fccher ideal f\u00fcr eine erste sanfte, jedoch gr\u00fcndliche Vorreinigung des Intimbereichs \u2013 bevor die Swash Perineum-Produkte mit hautsch\u00fctzenden Inhaltsstoffen verwendet werden. Die Lotion enth\u00e4lt den pflegenden Inhaltsstoff Jojoba, der die Haut weich und hydriert h\u00e4lt. Dank der extra gro\u00dfe Gr\u00f6\u00dfe eignen sich die T\u00fccher perfekt f\u00fcr diesen Zweck.\r\n\r\n- Extra gro\u00dfes Tuch mit 30 x 20 cm\r\n- Erh\u00e4ltlich in einer gro\u00dfen Verpackung mit 48 T\u00fcchern: parf\u00fcmiert und parf\u00fcmfrei\r\n<\/p><\/div><\/div>\t\t\t\t<\/div>\n\t\t\t\t<\/div>\n\t\t\t\t<div class=\"elementor-element elementor-element-1f81d20 elementor-position-left elementor-vertical-align-middle elementor-widget elementor-widget-image-box\" data-id=\"1f81d20\" data-element_type=\"widget\" data-e-type=\"widget\" data-widget_type=\"image-box.default\">\n\t\t\t\t<div class=\"elementor-widget-container\">\n\t\t\t\t\t<div class=\"elementor-image-box-wrapper\"><figure class=\"elementor-image-box-img\"><img decoding=\"async\" width=\"80\" height=\"80\" src=\"https:\/\/swash-shop.com\/wp-content\/uploads\/2018\/07\/DermatologischGetest_icon.png\" class=\"attachment-full size-full wp-image-17173\" alt=\"dermatologisch getestet\" \/><\/figure><div class=\"elementor-image-box-content\"><h3 class=\"elementor-image-box-title\">DERMATOLOGISCH GETESTET<\/h3><p class=\"elementor-image-box-description\">Alle Produkte von Swash<sup>\u00ae<\/sup> wurden ausgiebig dermatologisch getestet.<\/p><\/div><\/div>\t\t\t\t<\/div>\n\t\t\t\t<\/div>\n\t\t\t\t<div class=\"elementor-element elementor-element-785da4f elementor-position-left elementor-vertical-align-middle elementor-widget elementor-widget-image-box\" data-id=\"785da4f\" data-element_type=\"widget\" data-e-type=\"widget\" data-widget_type=\"image-box.default\">\n\t\t\t\t<div class=\"elementor-widget-container\">\n\t\t\t\t\t<div class=\"elementor-image-box-wrapper\"><figure class=\"elementor-image-box-img\"><img loading=\"lazy\" decoding=\"async\" width=\"80\" height=\"80\" src=\"https:\/\/swash-shop.com\/wp-content\/uploads\/2018\/07\/HoogwaardigeKwaliteit_icon.png\" class=\"attachment-full size-full wp-image-17178\" alt=\"Hochwertiges Symbol\" \/><\/figure><div class=\"elementor-image-box-content\"><h3 class=\"elementor-image-box-title\">HOHE QUALIT\u00c4T<\/h3><p class=\"elementor-image-box-description\">Swash\u00ae Produkte werden aus den besten Materialien unter hochmodernen Reinraumbedingungen hergestellt. So garantieren wir die h\u00f6chstm\u00f6gliche Qualit\u00e4t.<\/p><\/div><\/div>\t\t\t\t<\/div>\n\t\t\t\t<\/div>\n\t\t\t\t\t<\/div>\n\t\t<\/div>\n\t\t\t\t<div class=\"elementor-column elementor-col-50 elementor-top-column elementor-element elementor-element-0d28c4d\" data-id=\"0d28c4d\" data-element_type=\"column\" data-e-type=\"column\">\n\t\t\t<div class=\"elementor-widget-wrap\">\n\t\t\t\t\t\t\t<\/div>\n\t\t<\/div>\n\t\t\t\t\t<\/div>\n\t\t<\/section>\n\t\t\t\t<\/div>\n\t\t","protected":false},"excerpt":{"rendered":"<p>Feuchte T\u00fccher f\u00fcr eine optimale Hautreinigung<br \/>\nSwash\u00ae Cleansing Wipes sind feuchte T\u00fccher zur milden und h\u00e4ufigen Reinigung f\u00fcr den t\u00e4glichen Gebrauch. Besonders nach einer Inkontinenz-Episode sind die Feuchtt\u00fccher ideal f\u00fcr eine erste sanfte, jedoch gr\u00fcndliche Vorreinigung des Intimbereichs \u2013 bevor die Swash Perineum-Produkte mit hautsch\u00fctzenden Inhaltsstoffen verwendet werden. Die Lotion enth\u00e4lt den pflegenden Inhaltsstoff Jojoba, der die Haut weich und hydriert h\u00e4lt. Dank der extra gro\u00dfe Gr\u00f6\u00dfe eignen sich die T\u00fccher perfekt f\u00fcr diesen Zweck.<\/p>\n<p>&#8211; Extra gro\u00dfes Tuch mit 30 x 20 cm<br \/>\n&#8211; Erh\u00e4ltlich in einer gro\u00dfen Verpackung mit 48 T\u00fcchern: parf\u00fcmiert und parf\u00fcmfrei<br \/>\n&#8211; CE<\/p>\n","protected":false},"featured_media":195870,"template":"","meta":{"site-sidebar-layout":"default","site-content-layout":"default","ast-site-content-layout":"default","site-content-style":"default","site-sidebar-style":"default","ast-global-header-display":"","ast-banner-title-visibility":"","ast-main-header-display":"","ast-hfb-above-header-display":"","ast-hfb-below-header-display":"","ast-hfb-mobile-header-display":"","site-post-title":"","ast-breadcrumbs-content":"","ast-featured-img":"","footer-sml-layout":"","ast-disable-related-posts":"","theme-transparent-header-meta":"default","adv-header-id-meta":"","stick-header-meta":"","header-above-stick-meta":"","header-main-stick-meta":"","header-below-stick-meta":"","astra-migrate-meta-layouts":"default","ast-page-background-enabled":"default","ast-page-background-meta":{"desktop":{"background-color":"","background-image":"","background-repeat":"repeat","background-position":"center center","background-size":"auto","background-attachment":"scroll","background-type":"","background-media":"","overlay-type":"","overlay-color":"","overlay-opacity":"","overlay-gradient":""},"tablet":{"background-color":"","background-image":"","background-repeat":"repeat","background-position":"center center","background-size":"auto","background-attachment":"scroll","background-type":"","background-media":"","overlay-type":"","overlay-color":"","overlay-opacity":"","overlay-gradient":""},"mobile":{"background-color":"","background-image":"","background-repeat":"repeat","background-position":"center center","background-size":"auto","background-attachment":"scroll","background-type":"","background-media":"","overlay-type":"","overlay-color":"","overlay-opacity":"","overlay-gradient":""}},"ast-content-background-meta":{"desktop":{"background-color":"var(--ast-global-color-5)","background-image":"","background-repeat":"repeat","background-position":"center center","background-size":"auto","background-attachment":"scroll","background-type":"","background-media":"","overlay-type":"","overlay-color":"","overlay-opacity":"","overlay-gradient":""},"tablet":{"background-color":"var(--ast-global-color-5)","background-image":"","background-repeat":"repeat","background-position":"center center","background-size":"auto","background-attachment":"scroll","background-type":"","background-media":"","overlay-type":"","overlay-color":"","overlay-opacity":"","overlay-gradient":""},"mobile":{"background-color":"var(--ast-global-color-5)","background-image":"","background-repeat":"repeat","background-position":"center center","background-size":"auto","background-attachment":"scroll","background-type":"","background-media":"","overlay-type":"","overlay-color":"","overlay-opacity":"","overlay-gradient":""}}},"product_brand":[],"product_cat":[197],"product_tag":[],"class_list":{"0":"post-196028","1":"product","2":"type-product","3":"status-publish","4":"has-post-thumbnail","6":"product_cat-inkontinenzpflege","7":"pa_amount-in-package-parfuem-48er-pack","8":"pa_amount-in-package-parfuemfrei-48er-pack","9":"pa_packages-1-stuck","10":"pa_packages-12-stuck-karton-10","11":"pa_packages-6-stueck-karton-10","12":"desktop-align-left","13":"tablet-align-left","14":"mobile-align-left","16":"first","17":"instock","18":"taxable","19":"shipping-taxable","20":"purchasable","21":"product-type-variable","22":"has-default-attributes"},"yoast_head":"<!-- This site is optimized with the Yoast SEO plugin v27.3 - https:\/\/yoast.com\/product\/yoast-seo-wordpress\/ -->\n<title>Cleansing Wipes - Ohne Wasser waschen<\/title>\n<meta name=\"description\" content=\"Feuchte T\u00fccher f\u00fcr eine optimale HautreinigungSwash\u00ae Cleansing Wipes sind feuchte T\u00fccher zur milden und h\u00e4ufigen Reinigung f\u00fcr den t\u00e4glichen Gebrauch.\" \/>\n<meta name=\"robots\" content=\"index, follow, max-snippet:-1, max-image-preview:large, max-video-preview:-1\" \/>\n<link rel=\"canonical\" href=\"https:\/\/swash-shop.com\/de\/product\/cleansing-wipes\/\" \/>\n<meta property=\"og:locale\" content=\"de_DE\" \/>\n<meta property=\"og:type\" content=\"article\" \/>\n<meta property=\"og:title\" content=\"Cleansing Wipes - Ohne Wasser waschen\" \/>\n<meta property=\"og:description\" content=\"Feuchte T\u00fccher f\u00fcr eine optimale HautreinigungSwash\u00ae Cleansing Wipes sind feuchte T\u00fccher zur milden und h\u00e4ufigen Reinigung f\u00fcr den t\u00e4glichen Gebrauch.\" \/>\n<meta property=\"og:url\" content=\"https:\/\/swash-shop.com\/de\/product\/cleansing-wipes\/\" \/>\n<meta property=\"og:site_name\" content=\"Swash-shop\" \/>\n<meta property=\"article:publisher\" content=\"https:\/\/www.facebook.com\/arionsmile\" \/>\n<meta property=\"article:modified_time\" content=\"2024-05-13T16:16:02+00:00\" \/>\n<meta property=\"og:image\" content=\"https:\/\/swash-shop.com\/wp-content\/uploads\/2020\/05\/cleansing-wipes.jpg\" \/>\n\t<meta property=\"og:image:width\" content=\"800\" \/>\n\t<meta property=\"og:image:height\" content=\"800\" \/>\n\t<meta property=\"og:image:type\" content=\"image\/jpeg\" \/>\n<meta name=\"twitter:card\" content=\"summary_large_image\" \/>\n<meta name=\"twitter:site\" content=\"@arionsmile\" \/>\n<meta name=\"twitter:label1\" content=\"Gesch\u00e4tzte Lesezeit\" \/>\n\t<meta name=\"twitter:data1\" content=\"1\u00a0Minute\" \/>\n<script type=\"application\/ld+json\" class=\"yoast-schema-graph\">{\"@context\":\"https:\\\/\\\/schema.org\",\"@graph\":[{\"@type\":\"WebPage\",\"@id\":\"https:\\\/\\\/swash-shop.com\\\/de\\\/product\\\/cleansing-wipes\\\/\",\"url\":\"https:\\\/\\\/swash-shop.com\\\/de\\\/product\\\/cleansing-wipes\\\/\",\"name\":\"Cleansing Wipes - Ohne Wasser waschen\",\"isPartOf\":{\"@id\":\"https:\\\/\\\/swash-shop.com\\\/de\\\/#website\"},\"primaryImageOfPage\":{\"@id\":\"https:\\\/\\\/swash-shop.com\\\/de\\\/product\\\/cleansing-wipes\\\/#primaryimage\"},\"image\":{\"@id\":\"https:\\\/\\\/swash-shop.com\\\/de\\\/product\\\/cleansing-wipes\\\/#primaryimage\"},\"thumbnailUrl\":\"https:\\\/\\\/swash-shop.com\\\/wp-content\\\/uploads\\\/2020\\\/05\\\/cleansing-wipes.jpg\",\"datePublished\":\"2020-05-29T08:42:12+00:00\",\"dateModified\":\"2024-05-13T16:16:02+00:00\",\"description\":\"Feuchte T\u00fccher f\u00fcr eine optimale HautreinigungSwash\u00ae Cleansing Wipes sind feuchte T\u00fccher zur milden und h\u00e4ufigen Reinigung f\u00fcr den t\u00e4glichen Gebrauch.\",\"breadcrumb\":{\"@id\":\"https:\\\/\\\/swash-shop.com\\\/de\\\/product\\\/cleansing-wipes\\\/#breadcrumb\"},\"inLanguage\":\"de\",\"potentialAction\":[{\"@type\":\"ReadAction\",\"target\":[\"https:\\\/\\\/swash-shop.com\\\/de\\\/product\\\/cleansing-wipes\\\/\"]}]},{\"@type\":\"ImageObject\",\"inLanguage\":\"de\",\"@id\":\"https:\\\/\\\/swash-shop.com\\\/de\\\/product\\\/cleansing-wipes\\\/#primaryimage\",\"url\":\"https:\\\/\\\/swash-shop.com\\\/wp-content\\\/uploads\\\/2020\\\/05\\\/cleansing-wipes.jpg\",\"contentUrl\":\"https:\\\/\\\/swash-shop.com\\\/wp-content\\\/uploads\\\/2020\\\/05\\\/cleansing-wipes.jpg\",\"width\":800,\"height\":800,\"caption\":\"Waschlappen\"},{\"@type\":\"BreadcrumbList\",\"@id\":\"https:\\\/\\\/swash-shop.com\\\/de\\\/product\\\/cleansing-wipes\\\/#breadcrumb\",\"itemListElement\":[{\"@type\":\"ListItem\",\"position\":1,\"name\":\"Home\",\"item\":\"https:\\\/\\\/swash-shop.com\\\/de\\\/\"},{\"@type\":\"ListItem\",\"position\":2,\"name\":\"Shop\",\"item\":\"https:\\\/\\\/swash-shop.com\\\/de\\\/shop\\\/\"},{\"@type\":\"ListItem\",\"position\":3,\"name\":\"Cleansing Wipes\"}]},{\"@type\":\"WebSite\",\"@id\":\"https:\\\/\\\/swash-shop.com\\\/de\\\/#website\",\"url\":\"https:\\\/\\\/swash-shop.com\\\/de\\\/\",\"name\":\"Swash-shop\",\"description\":\"Washing without water\",\"publisher\":{\"@id\":\"https:\\\/\\\/swash-shop.com\\\/de\\\/#organization\"},\"potentialAction\":[{\"@type\":\"SearchAction\",\"target\":{\"@type\":\"EntryPoint\",\"urlTemplate\":\"https:\\\/\\\/swash-shop.com\\\/de\\\/?s={search_term_string}\"},\"query-input\":{\"@type\":\"PropertyValueSpecification\",\"valueRequired\":true,\"valueName\":\"search_term_string\"}}],\"inLanguage\":\"de\"},{\"@type\":\"Organization\",\"@id\":\"https:\\\/\\\/swash-shop.com\\\/de\\\/#organization\",\"name\":\"Arion Group\",\"url\":\"https:\\\/\\\/swash-shop.com\\\/de\\\/\",\"logo\":{\"@type\":\"ImageObject\",\"inLanguage\":\"de\",\"@id\":\"https:\\\/\\\/swash-shop.com\\\/de\\\/#\\\/schema\\\/logo\\\/image\\\/\",\"url\":\"https:\\\/\\\/swash-shop.com\\\/wp-content\\\/uploads\\\/2017\\\/07\\\/Arion_logo_vrijstaand_normal.png\",\"contentUrl\":\"https:\\\/\\\/swash-shop.com\\\/wp-content\\\/uploads\\\/2017\\\/07\\\/Arion_logo_vrijstaand_normal.png\",\"width\":550,\"height\":214,\"caption\":\"Arion Group\"},\"image\":{\"@id\":\"https:\\\/\\\/swash-shop.com\\\/de\\\/#\\\/schema\\\/logo\\\/image\\\/\"},\"sameAs\":[\"https:\\\/\\\/www.facebook.com\\\/arionsmile\",\"https:\\\/\\\/x.com\\\/arionsmile\",\"https:\\\/\\\/www.linkedin.com\\\/company\\\/arion-holding-bv\",\"https:\\\/\\\/www.youtube.com\\\/user\\\/ArionInternational\"]}]}<\/script>\n<!-- \/ Yoast SEO plugin. -->","yoast_head_json":{"title":"Cleansing Wipes - Ohne Wasser waschen","description":"Feuchte T\u00fccher f\u00fcr eine optimale HautreinigungSwash\u00ae Cleansing Wipes sind feuchte T\u00fccher zur milden und h\u00e4ufigen Reinigung f\u00fcr den t\u00e4glichen Gebrauch.","robots":{"index":"index","follow":"follow","max-snippet":"max-snippet:-1","max-image-preview":"max-image-preview:large","max-video-preview":"max-video-preview:-1"},"canonical":"https:\/\/swash-shop.com\/de\/product\/cleansing-wipes\/","og_locale":"de_DE","og_type":"article","og_title":"Cleansing Wipes - Ohne Wasser waschen","og_description":"Feuchte T\u00fccher f\u00fcr eine optimale HautreinigungSwash\u00ae Cleansing Wipes sind feuchte T\u00fccher zur milden und h\u00e4ufigen Reinigung f\u00fcr den t\u00e4glichen Gebrauch.","og_url":"https:\/\/swash-shop.com\/de\/product\/cleansing-wipes\/","og_site_name":"Swash-shop","article_publisher":"https:\/\/www.facebook.com\/arionsmile","article_modified_time":"2024-05-13T16:16:02+00:00","og_image":[{"width":800,"height":800,"url":"https:\/\/swash-shop.com\/wp-content\/uploads\/2020\/05\/cleansing-wipes.jpg","type":"image\/jpeg"}],"twitter_card":"summary_large_image","twitter_site":"@arionsmile","twitter_misc":{"Gesch\u00e4tzte Lesezeit":"1\u00a0Minute"},"schema":{"@context":"https:\/\/schema.org","@graph":[{"@type":"WebPage","@id":"https:\/\/swash-shop.com\/de\/product\/cleansing-wipes\/","url":"https:\/\/swash-shop.com\/de\/product\/cleansing-wipes\/","name":"Cleansing Wipes - Ohne Wasser waschen","isPartOf":{"@id":"https:\/\/swash-shop.com\/de\/#website"},"primaryImageOfPage":{"@id":"https:\/\/swash-shop.com\/de\/product\/cleansing-wipes\/#primaryimage"},"image":{"@id":"https:\/\/swash-shop.com\/de\/product\/cleansing-wipes\/#primaryimage"},"thumbnailUrl":"https:\/\/swash-shop.com\/wp-content\/uploads\/2020\/05\/cleansing-wipes.jpg","datePublished":"2020-05-29T08:42:12+00:00","dateModified":"2024-05-13T16:16:02+00:00","description":"Feuchte T\u00fccher f\u00fcr eine optimale HautreinigungSwash\u00ae Cleansing Wipes sind feuchte T\u00fccher zur milden und h\u00e4ufigen Reinigung f\u00fcr den t\u00e4glichen Gebrauch.","breadcrumb":{"@id":"https:\/\/swash-shop.com\/de\/product\/cleansing-wipes\/#breadcrumb"},"inLanguage":"de","potentialAction":[{"@type":"ReadAction","target":["https:\/\/swash-shop.com\/de\/product\/cleansing-wipes\/"]}]},{"@type":"ImageObject","inLanguage":"de","@id":"https:\/\/swash-shop.com\/de\/product\/cleansing-wipes\/#primaryimage","url":"https:\/\/swash-shop.com\/wp-content\/uploads\/2020\/05\/cleansing-wipes.jpg","contentUrl":"https:\/\/swash-shop.com\/wp-content\/uploads\/2020\/05\/cleansing-wipes.jpg","width":800,"height":800,"caption":"Waschlappen"},{"@type":"BreadcrumbList","@id":"https:\/\/swash-shop.com\/de\/product\/cleansing-wipes\/#breadcrumb","itemListElement":[{"@type":"ListItem","position":1,"name":"Home","item":"https:\/\/swash-shop.com\/de\/"},{"@type":"ListItem","position":2,"name":"Shop","item":"https:\/\/swash-shop.com\/de\/shop\/"},{"@type":"ListItem","position":3,"name":"Cleansing Wipes"}]},{"@type":"WebSite","@id":"https:\/\/swash-shop.com\/de\/#website","url":"https:\/\/swash-shop.com\/de\/","name":"Swash-shop","description":"Washing without water","publisher":{"@id":"https:\/\/swash-shop.com\/de\/#organization"},"potentialAction":[{"@type":"SearchAction","target":{"@type":"EntryPoint","urlTemplate":"https:\/\/swash-shop.com\/de\/?s={search_term_string}"},"query-input":{"@type":"PropertyValueSpecification","valueRequired":true,"valueName":"search_term_string"}}],"inLanguage":"de"},{"@type":"Organization","@id":"https:\/\/swash-shop.com\/de\/#organization","name":"Arion Group","url":"https:\/\/swash-shop.com\/de\/","logo":{"@type":"ImageObject","inLanguage":"de","@id":"https:\/\/swash-shop.com\/de\/#\/schema\/logo\/image\/","url":"https:\/\/swash-shop.com\/wp-content\/uploads\/2017\/07\/Arion_logo_vrijstaand_normal.png","contentUrl":"https:\/\/swash-shop.com\/wp-content\/uploads\/2017\/07\/Arion_logo_vrijstaand_normal.png","width":550,"height":214,"caption":"Arion Group"},"image":{"@id":"https:\/\/swash-shop.com\/de\/#\/schema\/logo\/image\/"},"sameAs":["https:\/\/www.facebook.com\/arionsmile","https:\/\/x.com\/arionsmile","https:\/\/www.linkedin.com\/company\/arion-holding-bv","https:\/\/www.youtube.com\/user\/ArionInternational"]}]}},"_links":{"self":[{"href":"https:\/\/swash-shop.com\/de\/wp-json\/wp\/v2\/product\/196028","targetHints":{"allow":["GET"]}}],"collection":[{"href":"https:\/\/swash-shop.com\/de\/wp-json\/wp\/v2\/product"}],"about":[{"href":"https:\/\/swash-shop.com\/de\/wp-json\/wp\/v2\/types\/product"}],"version-history":[{"count":0,"href":"https:\/\/swash-shop.com\/de\/wp-json\/wp\/v2\/product\/196028\/revisions"}],"wp:featuredmedia":[{"embeddable":true,"href":"https:\/\/swash-shop.com\/de\/wp-json\/wp\/v2\/media\/195870"}],"wp:attachment":[{"href":"https:\/\/swash-shop.com\/de\/wp-json\/wp\/v2\/media?parent=196028"}],"wp:term":[{"taxonomy":"product_brand","embeddable":true,"href":"https:\/\/swash-shop.com\/de\/wp-json\/wp\/v2\/product_brand?post=196028"},{"taxonomy":"product_cat","embeddable":true,"href":"https:\/\/swash-shop.com\/de\/wp-json\/wp\/v2\/product_cat?post=196028"},{"taxonomy":"product_tag","embeddable":true,"href":"https:\/\/swash-shop.com\/de\/wp-json\/wp\/v2\/product_tag?post=196028"}],"curies":[{"name":"wp","href":"https:\/\/api.w.org\/{rel}","templated":true}]}}