{"id":196004,"date":"2020-05-29T10:42:56","date_gmt":"2020-05-29T08:42:56","guid":{"rendered":"https:\/\/swash-shop.com\/product\/dry-gloves\/"},"modified":"2024-05-13T18:11:20","modified_gmt":"2024-05-13T16:11:20","slug":"dry-gloves","status":"publish","type":"product","link":"https:\/\/swash-shop.com\/de\/product\/dry-gloves\/","title":{"rendered":"Dry gloves"},"content":{"rendered":"\t\t<div data-elementor-type=\"product-post\" data-elementor-id=\"196004\" class=\"elementor elementor-196004 elementor-195860\" data-elementor-post-type=\"product\">\n\t\t\t\t\t\t<section class=\"elementor-section elementor-top-section elementor-element elementor-element-af607de elementor-section-boxed elementor-section-height-default elementor-section-height-default\" data-id=\"af607de\" data-element_type=\"section\" data-e-type=\"section\">\n\t\t\t\t\t\t<div class=\"elementor-container elementor-column-gap-default\">\n\t\t\t\t\t<div class=\"elementor-column elementor-col-50 elementor-top-column elementor-element elementor-element-d5df778\" data-id=\"d5df778\" data-element_type=\"column\" data-e-type=\"column\">\n\t\t\t<div class=\"elementor-widget-wrap elementor-element-populated\">\n\t\t\t\t\t\t<div class=\"elementor-element elementor-element-804bb3f elementor-widget elementor-widget-heading\" data-id=\"804bb3f\" data-element_type=\"widget\" data-e-type=\"widget\" data-widget_type=\"heading.default\">\n\t\t\t\t<div class=\"elementor-widget-container\">\n\t\t\t\t\t<h2 class=\"elementor-heading-title elementor-size-default\"><strong>Beschreibung<\/strong><\/h2>\t\t\t\t<\/div>\n\t\t\t\t<\/div>\n\t\t\t\t<div class=\"elementor-element elementor-element-24b824b elementor-position-left elementor-vertical-align-middle elementor-widget elementor-widget-image-box\" data-id=\"24b824b\" data-element_type=\"widget\" data-e-type=\"widget\" data-widget_type=\"image-box.default\">\n\t\t\t\t<div class=\"elementor-widget-container\">\n\t\t\t\t\t<div class=\"elementor-image-box-wrapper\"><figure class=\"elementor-image-box-img\"><img decoding=\"async\" width=\"80\" height=\"80\" src=\"https:\/\/swash-shop.com\/wp-content\/uploads\/2018\/07\/HoogwaardigeKwaliteit_icon.png\" class=\"attachment-full size-full wp-image-17178\" alt=\"Hochwertiges Symbol\" \/><\/figure><div class=\"elementor-image-box-content\"><h3 class=\"elementor-image-box-title\">HOHE QUALIT\u00c4T<\/h3><p class=\"elementor-image-box-description\">Swash<sup>\u00ae<\/sup> Produkte werden aus den besten Materialien unter hochmodernen Reinraumbedingungen hergestellt. So garantieren wir die h\u00f6chstm\u00f6gliche Qualit\u00e4t.<\/p><\/div><\/div>\t\t\t\t<\/div>\n\t\t\t\t<\/div>\n\t\t\t\t\t<\/div>\n\t\t<\/div>\n\t\t\t\t<div class=\"elementor-column elementor-col-50 elementor-top-column elementor-element elementor-element-db7ea30\" data-id=\"db7ea30\" data-element_type=\"column\" data-e-type=\"column\">\n\t\t\t<div class=\"elementor-widget-wrap\">\n\t\t\t\t\t\t\t<\/div>\n\t\t<\/div>\n\t\t\t\t\t<\/div>\n\t\t<\/section>\n\t\t\t\t<\/div>\n\t\t","protected":false},"excerpt":{"rendered":"<p>Ein weicher, trockener Waschhandschuh f\u00fcr die Inkontinenzpflege<\/p>\n<p><span style=\"font-size: 17px;\">Swash<\/span><sup>\u00ae<\/sup><span style=\"font-size: 17px;\"> Dry Gloves sind weiche Einweg-Waschhandschuhe, die f\u00fcr die Inkontinenzpflege bestimmt sind. Da die Swash\u00ae Dry Gloves rei\u00dffest und nicht scheuernd sind, k\u00f6nnen sie nass oder trocken verwendet werden.<\/span><\/p>\n<p>&#8211; Erh\u00e4ltlich in einer gro\u00dfen Packung mit 50 T\u00fcchern<\/p>\n","protected":false},"featured_media":195865,"template":"","meta":{"site-sidebar-layout":"no-sidebar","site-content-layout":"plain-container","ast-site-content-layout":"normal-width-container","site-content-style":"unboxed","site-sidebar-style":"unboxed","ast-global-header-display":"","ast-banner-title-visibility":"","ast-main-header-display":"","ast-hfb-above-header-display":"","ast-hfb-below-header-display":"","ast-hfb-mobile-header-display":"","site-post-title":"disabled","ast-breadcrumbs-content":"","ast-featured-img":"disabled","footer-sml-layout":"","ast-disable-related-posts":"","theme-transparent-header-meta":"default","adv-header-id-meta":"","stick-header-meta":"","header-above-stick-meta":"","header-main-stick-meta":"","header-below-stick-meta":"","astra-migrate-meta-layouts":"default","ast-page-background-enabled":"default","ast-page-background-meta":{"desktop":{"background-color":"","background-image":"","background-repeat":"repeat","background-position":"center center","background-size":"auto","background-attachment":"scroll","background-type":"","background-media":"","overlay-type":"","overlay-color":"","overlay-opacity":"","overlay-gradient":""},"tablet":{"background-color":"","background-image":"","background-repeat":"repeat","background-position":"center center","background-size":"auto","background-attachment":"scroll","background-type":"","background-media":"","overlay-type":"","overlay-color":"","overlay-opacity":"","overlay-gradient":""},"mobile":{"background-color":"","background-image":"","background-repeat":"repeat","background-position":"center center","background-size":"auto","background-attachment":"scroll","background-type":"","background-media":"","overlay-type":"","overlay-color":"","overlay-opacity":"","overlay-gradient":""}},"ast-content-background-meta":{"desktop":{"background-color":"var(--ast-global-color-5)","background-image":"","background-repeat":"repeat","background-position":"center center","background-size":"auto","background-attachment":"scroll","background-type":"","background-media":"","overlay-type":"","overlay-color":"","overlay-opacity":"","overlay-gradient":""},"tablet":{"background-color":"var(--ast-global-color-5)","background-image":"","background-repeat":"repeat","background-position":"center center","background-size":"auto","background-attachment":"scroll","background-type":"","background-media":"","overlay-type":"","overlay-color":"","overlay-opacity":"","overlay-gradient":""},"mobile":{"background-color":"var(--ast-global-color-5)","background-image":"","background-repeat":"repeat","background-position":"center center","background-size":"auto","background-attachment":"scroll","background-type":"","background-media":"","overlay-type":"","overlay-color":"","overlay-opacity":"","overlay-gradient":""}}},"product_brand":[],"product_cat":[197],"product_tag":[],"class_list":{"0":"post-196004","1":"product","2":"type-product","3":"status-publish","4":"has-post-thumbnail","6":"product_cat-inkontinenzpflege","7":"pa_amount-in-package-50-pack-de","8":"pa_packages-1-stuck","9":"pa_packages-10-stuck-karton-10-de","10":"pa_packages-20-stuck-karton-10","11":"desktop-align-left","12":"tablet-align-left","13":"mobile-align-left","15":"first","16":"instock","17":"taxable","18":"shipping-taxable","19":"purchasable","20":"product-type-variable","21":"has-default-attributes"},"yoast_head":"<!-- This site is optimized with the Yoast SEO plugin v27.3 - https:\/\/yoast.com\/product\/yoast-seo-wordpress\/ -->\n<title>Dry gloves - Ohne Wasser waschen<\/title>\n<meta name=\"description\" content=\"Swash\u00ae Dry Gloves sind weiche Einweg-Waschhandschuhe, die f\u00fcr die Inkontinenzpflege bestimmt sind. Da die Swash\u00ae Dry Gloves rei\u00dffest und nicht scheuernd...\" \/>\n<meta name=\"robots\" content=\"index, follow, max-snippet:-1, max-image-preview:large, max-video-preview:-1\" \/>\n<link rel=\"canonical\" href=\"https:\/\/swash-shop.com\/de\/product\/dry-gloves\/\" \/>\n<meta property=\"og:locale\" content=\"de_DE\" \/>\n<meta property=\"og:type\" content=\"article\" \/>\n<meta property=\"og:title\" content=\"Dry gloves - Ohne Wasser waschen\" \/>\n<meta property=\"og:description\" content=\"Swash\u00ae Dry Gloves sind weiche Einweg-Waschhandschuhe, die f\u00fcr die Inkontinenzpflege bestimmt sind. Da die Swash\u00ae Dry Gloves rei\u00dffest und nicht scheuernd...\" \/>\n<meta property=\"og:url\" content=\"https:\/\/swash-shop.com\/de\/product\/dry-gloves\/\" \/>\n<meta property=\"og:site_name\" content=\"Swash-shop\" \/>\n<meta property=\"article:publisher\" content=\"https:\/\/www.facebook.com\/arionsmile\" \/>\n<meta property=\"article:modified_time\" content=\"2024-05-13T16:11:20+00:00\" \/>\n<meta property=\"og:image\" content=\"https:\/\/swash-shop.com\/wp-content\/uploads\/2020\/05\/Bathing-Gloves.jpg\" \/>\n\t<meta property=\"og:image:width\" content=\"800\" \/>\n\t<meta property=\"og:image:height\" content=\"800\" \/>\n\t<meta property=\"og:image:type\" content=\"image\/jpeg\" \/>\n<meta name=\"twitter:card\" content=\"summary_large_image\" \/>\n<meta name=\"twitter:site\" content=\"@arionsmile\" \/>\n<script type=\"application\/ld+json\" class=\"yoast-schema-graph\">{\"@context\":\"https:\\\/\\\/schema.org\",\"@graph\":[{\"@type\":\"WebPage\",\"@id\":\"https:\\\/\\\/swash-shop.com\\\/de\\\/product\\\/dry-gloves\\\/\",\"url\":\"https:\\\/\\\/swash-shop.com\\\/de\\\/product\\\/dry-gloves\\\/\",\"name\":\"Dry gloves - Ohne Wasser waschen\",\"isPartOf\":{\"@id\":\"https:\\\/\\\/swash-shop.com\\\/de\\\/#website\"},\"primaryImageOfPage\":{\"@id\":\"https:\\\/\\\/swash-shop.com\\\/de\\\/product\\\/dry-gloves\\\/#primaryimage\"},\"image\":{\"@id\":\"https:\\\/\\\/swash-shop.com\\\/de\\\/product\\\/dry-gloves\\\/#primaryimage\"},\"thumbnailUrl\":\"https:\\\/\\\/swash-shop.com\\\/wp-content\\\/uploads\\\/2020\\\/05\\\/Bathing-Gloves.jpg\",\"datePublished\":\"2020-05-29T08:42:56+00:00\",\"dateModified\":\"2024-05-13T16:11:20+00:00\",\"description\":\"Swash\u00ae Dry Gloves sind weiche Einweg-Waschhandschuhe, die f\u00fcr die Inkontinenzpflege bestimmt sind. Da die Swash\u00ae Dry Gloves rei\u00dffest und nicht scheuernd...\",\"breadcrumb\":{\"@id\":\"https:\\\/\\\/swash-shop.com\\\/de\\\/product\\\/dry-gloves\\\/#breadcrumb\"},\"inLanguage\":\"de\",\"potentialAction\":[{\"@type\":\"ReadAction\",\"target\":[\"https:\\\/\\\/swash-shop.com\\\/de\\\/product\\\/dry-gloves\\\/\"]}]},{\"@type\":\"ImageObject\",\"inLanguage\":\"de\",\"@id\":\"https:\\\/\\\/swash-shop.com\\\/de\\\/product\\\/dry-gloves\\\/#primaryimage\",\"url\":\"https:\\\/\\\/swash-shop.com\\\/wp-content\\\/uploads\\\/2020\\\/05\\\/Bathing-Gloves.jpg\",\"contentUrl\":\"https:\\\/\\\/swash-shop.com\\\/wp-content\\\/uploads\\\/2020\\\/05\\\/Bathing-Gloves.jpg\",\"width\":800,\"height\":800,\"caption\":\"Trockener waschlappen\"},{\"@type\":\"BreadcrumbList\",\"@id\":\"https:\\\/\\\/swash-shop.com\\\/de\\\/product\\\/dry-gloves\\\/#breadcrumb\",\"itemListElement\":[{\"@type\":\"ListItem\",\"position\":1,\"name\":\"Home\",\"item\":\"https:\\\/\\\/swash-shop.com\\\/de\\\/\"},{\"@type\":\"ListItem\",\"position\":2,\"name\":\"Shop\",\"item\":\"https:\\\/\\\/swash-shop.com\\\/de\\\/shop\\\/\"},{\"@type\":\"ListItem\",\"position\":3,\"name\":\"Dry gloves\"}]},{\"@type\":\"WebSite\",\"@id\":\"https:\\\/\\\/swash-shop.com\\\/de\\\/#website\",\"url\":\"https:\\\/\\\/swash-shop.com\\\/de\\\/\",\"name\":\"Swash-shop\",\"description\":\"Washing without water\",\"publisher\":{\"@id\":\"https:\\\/\\\/swash-shop.com\\\/de\\\/#organization\"},\"potentialAction\":[{\"@type\":\"SearchAction\",\"target\":{\"@type\":\"EntryPoint\",\"urlTemplate\":\"https:\\\/\\\/swash-shop.com\\\/de\\\/?s={search_term_string}\"},\"query-input\":{\"@type\":\"PropertyValueSpecification\",\"valueRequired\":true,\"valueName\":\"search_term_string\"}}],\"inLanguage\":\"de\"},{\"@type\":\"Organization\",\"@id\":\"https:\\\/\\\/swash-shop.com\\\/de\\\/#organization\",\"name\":\"Arion Group\",\"url\":\"https:\\\/\\\/swash-shop.com\\\/de\\\/\",\"logo\":{\"@type\":\"ImageObject\",\"inLanguage\":\"de\",\"@id\":\"https:\\\/\\\/swash-shop.com\\\/de\\\/#\\\/schema\\\/logo\\\/image\\\/\",\"url\":\"https:\\\/\\\/swash-shop.com\\\/wp-content\\\/uploads\\\/2017\\\/07\\\/Arion_logo_vrijstaand_normal.png\",\"contentUrl\":\"https:\\\/\\\/swash-shop.com\\\/wp-content\\\/uploads\\\/2017\\\/07\\\/Arion_logo_vrijstaand_normal.png\",\"width\":550,\"height\":214,\"caption\":\"Arion Group\"},\"image\":{\"@id\":\"https:\\\/\\\/swash-shop.com\\\/de\\\/#\\\/schema\\\/logo\\\/image\\\/\"},\"sameAs\":[\"https:\\\/\\\/www.facebook.com\\\/arionsmile\",\"https:\\\/\\\/x.com\\\/arionsmile\",\"https:\\\/\\\/www.linkedin.com\\\/company\\\/arion-holding-bv\",\"https:\\\/\\\/www.youtube.com\\\/user\\\/ArionInternational\"]}]}<\/script>\n<!-- \/ Yoast SEO plugin. -->","yoast_head_json":{"title":"Dry gloves - Ohne Wasser waschen","description":"Swash\u00ae Dry Gloves sind weiche Einweg-Waschhandschuhe, die f\u00fcr die Inkontinenzpflege bestimmt sind. Da die Swash\u00ae Dry Gloves rei\u00dffest und nicht scheuernd...","robots":{"index":"index","follow":"follow","max-snippet":"max-snippet:-1","max-image-preview":"max-image-preview:large","max-video-preview":"max-video-preview:-1"},"canonical":"https:\/\/swash-shop.com\/de\/product\/dry-gloves\/","og_locale":"de_DE","og_type":"article","og_title":"Dry gloves - Ohne Wasser waschen","og_description":"Swash\u00ae Dry Gloves sind weiche Einweg-Waschhandschuhe, die f\u00fcr die Inkontinenzpflege bestimmt sind. Da die Swash\u00ae Dry Gloves rei\u00dffest und nicht scheuernd...","og_url":"https:\/\/swash-shop.com\/de\/product\/dry-gloves\/","og_site_name":"Swash-shop","article_publisher":"https:\/\/www.facebook.com\/arionsmile","article_modified_time":"2024-05-13T16:11:20+00:00","og_image":[{"width":800,"height":800,"url":"https:\/\/swash-shop.com\/wp-content\/uploads\/2020\/05\/Bathing-Gloves.jpg","type":"image\/jpeg"}],"twitter_card":"summary_large_image","twitter_site":"@arionsmile","schema":{"@context":"https:\/\/schema.org","@graph":[{"@type":"WebPage","@id":"https:\/\/swash-shop.com\/de\/product\/dry-gloves\/","url":"https:\/\/swash-shop.com\/de\/product\/dry-gloves\/","name":"Dry gloves - Ohne Wasser waschen","isPartOf":{"@id":"https:\/\/swash-shop.com\/de\/#website"},"primaryImageOfPage":{"@id":"https:\/\/swash-shop.com\/de\/product\/dry-gloves\/#primaryimage"},"image":{"@id":"https:\/\/swash-shop.com\/de\/product\/dry-gloves\/#primaryimage"},"thumbnailUrl":"https:\/\/swash-shop.com\/wp-content\/uploads\/2020\/05\/Bathing-Gloves.jpg","datePublished":"2020-05-29T08:42:56+00:00","dateModified":"2024-05-13T16:11:20+00:00","description":"Swash\u00ae Dry Gloves sind weiche Einweg-Waschhandschuhe, die f\u00fcr die Inkontinenzpflege bestimmt sind. Da die Swash\u00ae Dry Gloves rei\u00dffest und nicht scheuernd...","breadcrumb":{"@id":"https:\/\/swash-shop.com\/de\/product\/dry-gloves\/#breadcrumb"},"inLanguage":"de","potentialAction":[{"@type":"ReadAction","target":["https:\/\/swash-shop.com\/de\/product\/dry-gloves\/"]}]},{"@type":"ImageObject","inLanguage":"de","@id":"https:\/\/swash-shop.com\/de\/product\/dry-gloves\/#primaryimage","url":"https:\/\/swash-shop.com\/wp-content\/uploads\/2020\/05\/Bathing-Gloves.jpg","contentUrl":"https:\/\/swash-shop.com\/wp-content\/uploads\/2020\/05\/Bathing-Gloves.jpg","width":800,"height":800,"caption":"Trockener waschlappen"},{"@type":"BreadcrumbList","@id":"https:\/\/swash-shop.com\/de\/product\/dry-gloves\/#breadcrumb","itemListElement":[{"@type":"ListItem","position":1,"name":"Home","item":"https:\/\/swash-shop.com\/de\/"},{"@type":"ListItem","position":2,"name":"Shop","item":"https:\/\/swash-shop.com\/de\/shop\/"},{"@type":"ListItem","position":3,"name":"Dry gloves"}]},{"@type":"WebSite","@id":"https:\/\/swash-shop.com\/de\/#website","url":"https:\/\/swash-shop.com\/de\/","name":"Swash-shop","description":"Washing without water","publisher":{"@id":"https:\/\/swash-shop.com\/de\/#organization"},"potentialAction":[{"@type":"SearchAction","target":{"@type":"EntryPoint","urlTemplate":"https:\/\/swash-shop.com\/de\/?s={search_term_string}"},"query-input":{"@type":"PropertyValueSpecification","valueRequired":true,"valueName":"search_term_string"}}],"inLanguage":"de"},{"@type":"Organization","@id":"https:\/\/swash-shop.com\/de\/#organization","name":"Arion Group","url":"https:\/\/swash-shop.com\/de\/","logo":{"@type":"ImageObject","inLanguage":"de","@id":"https:\/\/swash-shop.com\/de\/#\/schema\/logo\/image\/","url":"https:\/\/swash-shop.com\/wp-content\/uploads\/2017\/07\/Arion_logo_vrijstaand_normal.png","contentUrl":"https:\/\/swash-shop.com\/wp-content\/uploads\/2017\/07\/Arion_logo_vrijstaand_normal.png","width":550,"height":214,"caption":"Arion Group"},"image":{"@id":"https:\/\/swash-shop.com\/de\/#\/schema\/logo\/image\/"},"sameAs":["https:\/\/www.facebook.com\/arionsmile","https:\/\/x.com\/arionsmile","https:\/\/www.linkedin.com\/company\/arion-holding-bv","https:\/\/www.youtube.com\/user\/ArionInternational"]}]}},"_links":{"self":[{"href":"https:\/\/swash-shop.com\/de\/wp-json\/wp\/v2\/product\/196004","targetHints":{"allow":["GET"]}}],"collection":[{"href":"https:\/\/swash-shop.com\/de\/wp-json\/wp\/v2\/product"}],"about":[{"href":"https:\/\/swash-shop.com\/de\/wp-json\/wp\/v2\/types\/product"}],"version-history":[{"count":0,"href":"https:\/\/swash-shop.com\/de\/wp-json\/wp\/v2\/product\/196004\/revisions"}],"wp:featuredmedia":[{"embeddable":true,"href":"https:\/\/swash-shop.com\/de\/wp-json\/wp\/v2\/media\/195865"}],"wp:attachment":[{"href":"https:\/\/swash-shop.com\/de\/wp-json\/wp\/v2\/media?parent=196004"}],"wp:term":[{"taxonomy":"product_brand","embeddable":true,"href":"https:\/\/swash-shop.com\/de\/wp-json\/wp\/v2\/product_brand?post=196004"},{"taxonomy":"product_cat","embeddable":true,"href":"https:\/\/swash-shop.com\/de\/wp-json\/wp\/v2\/product_cat?post=196004"},{"taxonomy":"product_tag","embeddable":true,"href":"https:\/\/swash-shop.com\/de\/wp-json\/wp\/v2\/product_tag?post=196004"}],"curies":[{"name":"wp","href":"https:\/\/api.w.org\/{rel}","templated":true}]}}