{"id":17996,"date":"2018-07-26T14:01:57","date_gmt":"2018-07-26T12:01:57","guid":{"rendered":"https:\/\/swash-shop.com\/shop\/17996\/"},"modified":"2024-05-13T18:25:39","modified_gmt":"2024-05-13T16:25:39","slug":"hair-lotion","status":"publish","type":"product","link":"https:\/\/swash-shop.com\/de\/product\/hair-lotion\/","title":{"rendered":"Hair Lotion"},"content":{"rendered":"\t\t<div data-elementor-type=\"product-post\" data-elementor-id=\"17996\" class=\"elementor elementor-17996 elementor-17934\" data-elementor-post-type=\"product\">\n\t\t\t\t\t\t<section class=\"elementor-section elementor-top-section elementor-element elementor-element-c2b62e9 elementor-section-boxed elementor-section-height-default elementor-section-height-default\" data-id=\"c2b62e9\" data-element_type=\"section\" data-e-type=\"section\">\n\t\t\t\t\t\t<div class=\"elementor-container elementor-column-gap-default\">\n\t\t\t\t\t<div class=\"elementor-column elementor-col-50 elementor-top-column elementor-element elementor-element-ab26616\" data-id=\"ab26616\" data-element_type=\"column\" data-e-type=\"column\">\n\t\t\t<div class=\"elementor-widget-wrap elementor-element-populated\">\n\t\t\t\t\t\t<div class=\"elementor-element elementor-element-df96736 elementor-widget elementor-widget-heading\" data-id=\"df96736\" data-element_type=\"widget\" data-e-type=\"widget\" data-widget_type=\"heading.default\">\n\t\t\t\t<div class=\"elementor-widget-container\">\n\t\t\t\t\t<h2 class=\"elementor-heading-title elementor-size-default\"><strong>Beschreibung<\/strong><\/h2>\t\t\t\t<\/div>\n\t\t\t\t<\/div>\n\t\t\t\t<div class=\"elementor-element elementor-element-cdb7fb7 elementor-position-left elementor-vertical-align-middle elementor-widget elementor-widget-image-box\" data-id=\"cdb7fb7\" data-element_type=\"widget\" data-e-type=\"widget\" data-widget_type=\"image-box.default\">\n\t\t\t\t<div class=\"elementor-widget-container\">\n\t\t\t\t\t<div class=\"elementor-image-box-wrapper\"><figure class=\"elementor-image-box-img\"><img decoding=\"async\" width=\"80\" height=\"80\" src=\"https:\/\/swash-shop.com\/wp-content\/uploads\/2018\/06\/Wassen1stap_icon.png\" class=\"attachment-full size-full wp-image-17862\" alt=\"Schritt eins waschen\" \/><\/figure><div class=\"elementor-image-box-content\"><h3 class=\"elementor-image-box-title\">VOLLST\u00c4NDIGE UND KOMFORTABLE HAARW\u00c4SCHE IN EINEM SCHRITT<\/h3><p class=\"elementor-image-box-description\">Dank der Reinigungs- und Pflegelotion sind die Produkte sofort einsatzf\u00e4hig. Die Verwendung von Wasser und Shampoo, aber auch das Aussp\u00fclen der Haare ist nicht mehr notwendig.\n<\/p><\/div><\/div>\t\t\t\t<\/div>\n\t\t\t\t<\/div>\n\t\t\t\t<div class=\"elementor-element elementor-element-3855aa5 elementor-position-left elementor-vertical-align-middle elementor-widget elementor-widget-image-box\" data-id=\"3855aa5\" data-element_type=\"widget\" data-e-type=\"widget\" data-widget_type=\"image-box.default\">\n\t\t\t\t<div class=\"elementor-widget-container\">\n\t\t\t\t\t<div class=\"elementor-image-box-wrapper\"><figure class=\"elementor-image-box-img\"><img decoding=\"async\" width=\"80\" height=\"80\" src=\"https:\/\/swash-shop.com\/wp-content\/uploads\/2018\/06\/GevoeligeHoofdhuid_icon.png\" class=\"attachment-full size-full wp-image-17888\" alt=\"zerbrechliches Kopfhaut-Symbol\" \/><\/figure><div class=\"elementor-image-box-content\"><h3 class=\"elementor-image-box-title\">GEEIGNET F\u00dcR DIE EMPFINDLICHE KOPFHAUT<\/h3><p class=\"elementor-image-box-description\">Die parf\u00fcmfreie Lotion ist pH-hautneutral und enth\u00e4lt ein mildes Reinigungsmittel. Unn\u00f6tige Inhaltsstoffe wie Parabene oder Formaldehyd (Trennmittel) wurden nicht zugesetzt.\n<\/p><\/div><\/div>\t\t\t\t<\/div>\n\t\t\t\t<\/div>\n\t\t\t\t<div class=\"elementor-element elementor-element-bbacd09 elementor-position-left elementor-vertical-align-middle elementor-widget elementor-widget-image-box\" data-id=\"bbacd09\" data-element_type=\"widget\" data-e-type=\"widget\" data-widget_type=\"image-box.default\">\n\t\t\t\t<div class=\"elementor-widget-container\">\n\t\t\t\t\t<div class=\"elementor-image-box-wrapper\"><figure class=\"elementor-image-box-img\"><img decoding=\"async\" width=\"80\" height=\"80\" src=\"https:\/\/swash-shop.com\/wp-content\/uploads\/2018\/07\/DermatologischGetest_icon.png\" class=\"attachment-full size-full wp-image-17173\" alt=\"dermatologisch getestet\" \/><\/figure><div class=\"elementor-image-box-content\"><h3 class=\"elementor-image-box-title\">DERMATOLOGISCH GETESTET<\/h3><p class=\"elementor-image-box-description\">Alle Produkte von Swash<sup>\u00ae<\/sup> wurden ausgiebig dermatologisch getestet.\n<\/p><\/div><\/div>\t\t\t\t<\/div>\n\t\t\t\t<\/div>\n\t\t\t\t<div class=\"elementor-element elementor-element-514c77a elementor-position-left elementor-vertical-align-middle elementor-widget elementor-widget-image-box\" data-id=\"514c77a\" data-element_type=\"widget\" data-e-type=\"widget\" data-widget_type=\"image-box.default\">\n\t\t\t\t<div class=\"elementor-widget-container\">\n\t\t\t\t\t<div class=\"elementor-image-box-wrapper\"><figure class=\"elementor-image-box-img\"><img loading=\"lazy\" decoding=\"async\" width=\"80\" height=\"80\" src=\"https:\/\/swash-shop.com\/wp-content\/uploads\/2018\/07\/HoogwaardigeKwaliteit_icon.png\" class=\"attachment-full size-full wp-image-17178\" alt=\"Hochwertiges Symbol\" \/><\/figure><div class=\"elementor-image-box-content\"><h3 class=\"elementor-image-box-title\">HOHE QUALIT\u00c4T<\/h3><p class=\"elementor-image-box-description\">Swash<sup>\u00ae<\/sup> Produkte werden aus den besten Materialien unter hochmodernen Reinraumbedingungen hergestellt. So garantieren wir die h\u00f6chstm\u00f6gliche Qualit\u00e4t.<\/p><\/div><\/div>\t\t\t\t<\/div>\n\t\t\t\t<\/div>\n\t\t\t\t\t<\/div>\n\t\t<\/div>\n\t\t\t\t<div class=\"elementor-column elementor-col-50 elementor-top-column elementor-element elementor-element-a254058\" data-id=\"a254058\" data-element_type=\"column\" data-e-type=\"column\">\n\t\t\t<div class=\"elementor-widget-wrap elementor-element-populated\">\n\t\t\t\t\t\t<div class=\"elementor-element elementor-element-711f4aa elementor-widget elementor-widget-heading\" data-id=\"711f4aa\" data-element_type=\"widget\" data-e-type=\"widget\" data-widget_type=\"heading.default\">\n\t\t\t\t<div class=\"elementor-widget-container\">\n\t\t\t\t\t<h2 class=\"elementor-heading-title elementor-size-default\">GEBRAUCHSANWEISUNG<\/h2>\t\t\t\t<\/div>\n\t\t\t\t<\/div>\n\t\t\t\t<div class=\"elementor-element elementor-element-3351815 elementor-icon-list--layout-traditional elementor-list-item-link-full_width elementor-widget elementor-widget-icon-list\" data-id=\"3351815\" data-element_type=\"widget\" data-e-type=\"widget\" data-widget_type=\"icon-list.default\">\n\t\t\t\t<div class=\"elementor-widget-container\">\n\t\t\t\t\t\t\t<ul class=\"elementor-icon-list-items\">\n\t\t\t\t\t\t\t<li class=\"elementor-icon-list-item\">\n\t\t\t\t\t\t\t\t\t\t\t<span class=\"elementor-icon-list-icon\">\n\t\t\t\t\t\t\t<i aria-hidden=\"true\" class=\"fas fa-check\"><\/i>\t\t\t\t\t\t<\/span>\n\t\t\t\t\t\t\t\t\t\t<span class=\"elementor-icon-list-text\">Bringen Sie die Lotion auf trockenem Haar an.<\/span>\n\t\t\t\t\t\t\t\t\t<\/li>\n\t\t\t\t\t\t\t\t<li class=\"elementor-icon-list-item\">\n\t\t\t\t\t\t\t\t\t\t\t<span class=\"elementor-icon-list-icon\">\n\t\t\t\t\t\t\t<i aria-hidden=\"true\" class=\"fas fa-check\"><\/i>\t\t\t\t\t\t<\/span>\n\t\t\t\t\t\t\t\t\t\t<span class=\"elementor-icon-list-text\">Haar massieren und 1-2 Minuten einwirken lassen.<\/span>\n\t\t\t\t\t\t\t\t\t<\/li>\n\t\t\t\t\t\t\t\t<li class=\"elementor-icon-list-item\">\n\t\t\t\t\t\t\t\t\t\t\t<span class=\"elementor-icon-list-icon\">\n\t\t\t\t\t\t\t<i aria-hidden=\"true\" class=\"fas fa-check\"><\/i>\t\t\t\t\t\t<\/span>\n\t\t\t\t\t\t\t\t\t\t<span class=\"elementor-icon-list-text\">Nicht aussp\u00fclen.<\/span>\n\t\t\t\t\t\t\t\t\t<\/li>\n\t\t\t\t\t\t\t\t<li class=\"elementor-icon-list-item\">\n\t\t\t\t\t\t\t\t\t\t\t<span class=\"elementor-icon-list-icon\">\n\t\t\t\t\t\t\t<i aria-hidden=\"true\" class=\"fas fa-check\"><\/i>\t\t\t\t\t\t<\/span>\n\t\t\t\t\t\t\t\t\t\t<span class=\"elementor-icon-list-text\">Trocknen Sie das Haar mit einem Handtuch.<\/span>\n\t\t\t\t\t\t\t\t\t<\/li>\n\t\t\t\t\t\t\t\t<li class=\"elementor-icon-list-item\">\n\t\t\t\t\t\t\t\t\t\t\t<span class=\"elementor-icon-list-icon\">\n\t\t\t\t\t\t\t<i aria-hidden=\"true\" class=\"fas fa-check\"><\/i>\t\t\t\t\t\t<\/span>\n\t\t\t\t\t\t\t\t\t\t<span class=\"elementor-icon-list-text\">K\u00e4mmen Sie das Haar mit einem feinen Kamm.<\/span>\n\t\t\t\t\t\t\t\t\t<\/li>\n\t\t\t\t\t\t\t\t<li class=\"elementor-icon-list-item\">\n\t\t\t\t\t\t\t\t\t\t\t<span class=\"elementor-icon-list-icon\">\n\t\t\t\t\t\t\t<i aria-hidden=\"true\" class=\"fas fa-check\"><\/i>\t\t\t\t\t\t<\/span>\n\t\t\t\t\t\t\t\t\t\t<span class=\"elementor-icon-list-text\">Bringen Sie das Haar wie gewohnt in Form.<\/span>\n\t\t\t\t\t\t\t\t\t<\/li>\n\t\t\t\t\t\t\t\t<li class=\"elementor-icon-list-item\">\n\t\t\t\t\t\t\t\t\t\t\t<span class=\"elementor-icon-list-icon\">\n\t\t\t\t\t\t\t<i aria-hidden=\"true\" class=\"fas fa-check\"><\/i>\t\t\t\t\t\t<\/span>\n\t\t\t\t\t\t\t\t\t\t<span class=\"elementor-icon-list-text\">Die Lotion sollte nur f\u00fcr eine Person verwendet werden und reicht f\u00fcr 2 \u2013 3 Haarw\u00e4schen (je nach Haarl\u00e4nge).<\/span>\n\t\t\t\t\t\t\t\t\t<\/li>\n\t\t\t\t\t\t<\/ul>\n\t\t\t\t\t\t<\/div>\n\t\t\t\t<\/div>\n\t\t\t\t\t<\/div>\n\t\t<\/div>\n\t\t\t\t\t<\/div>\n\t\t<\/section>\n\t\t\t\t<section class=\"elementor-section elementor-top-section elementor-element elementor-element-cf650ed elementor-section-boxed elementor-section-height-default elementor-section-height-default\" data-id=\"cf650ed\" data-element_type=\"section\" data-e-type=\"section\">\n\t\t\t\t\t\t<div class=\"elementor-container elementor-column-gap-default\">\n\t\t\t\t\t<div class=\"elementor-column elementor-col-100 elementor-top-column elementor-element elementor-element-ee8007d\" data-id=\"ee8007d\" data-element_type=\"column\" data-e-type=\"column\">\n\t\t\t<div class=\"elementor-widget-wrap\">\n\t\t\t\t\t\t\t<\/div>\n\t\t<\/div>\n\t\t\t\t\t<\/div>\n\t\t<\/section>\n\t\t\t\t<\/div>\n\t\t","protected":false},"excerpt":{"rendered":"<p style=\"text-transform: uppercase\"><strong>Einfache und schnelle Haarw\u00e4sche ohne Wasser und Seife<\/strong><\/p>\n<p>Einfach, schnell und bequem jeden Haartyp ohne Sp\u00fclen waschen k\u00f6nnen? Die Swash<sup>\u00ae<\/sup> Hair Lotion wurde eigens zu diesem Zweck entwickelt. Die spezielle Lotion reinigt und pflegt das Haar gr\u00fcndlich, sodass sich die zahlreichen Arbeitsg\u00e4nge einer Haarw\u00e4sche mit Wasser und Shampoo er\u00fcbrigen. Ein Fl\u00e4schchen enth\u00e4lt 100 ml Lotion, genug f\u00fcr 2 bis 3 Haarw\u00e4schen.<\/p>\n<p>\u2022 F\u00fcr jeden Haartyp geeignet.<br \/>\n\u2022 Auch besonders geeignet zum Waschen von Patienten mit Kopfverletzungen.<br \/>\n\u2022 Wiederverschlie\u00dfbare Flasche.<\/p>\n","protected":false},"featured_media":16877,"template":"","meta":{"site-sidebar-layout":"default","site-content-layout":"default","ast-site-content-layout":"default","site-content-style":"default","site-sidebar-style":"default","ast-global-header-display":"","ast-banner-title-visibility":"","ast-main-header-display":"","ast-hfb-above-header-display":"","ast-hfb-below-header-display":"","ast-hfb-mobile-header-display":"","site-post-title":"","ast-breadcrumbs-content":"","ast-featured-img":"","footer-sml-layout":"","ast-disable-related-posts":"","theme-transparent-header-meta":"default","adv-header-id-meta":"","stick-header-meta":"","header-above-stick-meta":"","header-main-stick-meta":"","header-below-stick-meta":"","astra-migrate-meta-layouts":"default","ast-page-background-enabled":"default","ast-page-background-meta":{"desktop":{"background-color":"","background-image":"","background-repeat":"repeat","background-position":"center center","background-size":"auto","background-attachment":"scroll","background-type":"","background-media":"","overlay-type":"","overlay-color":"","overlay-opacity":"","overlay-gradient":""},"tablet":{"background-color":"","background-image":"","background-repeat":"repeat","background-position":"center center","background-size":"auto","background-attachment":"scroll","background-type":"","background-media":"","overlay-type":"","overlay-color":"","overlay-opacity":"","overlay-gradient":""},"mobile":{"background-color":"","background-image":"","background-repeat":"repeat","background-position":"center center","background-size":"auto","background-attachment":"scroll","background-type":"","background-media":"","overlay-type":"","overlay-color":"","overlay-opacity":"","overlay-gradient":""}},"ast-content-background-meta":{"desktop":{"background-color":"var(--ast-global-color-5)","background-image":"","background-repeat":"repeat","background-position":"center center","background-size":"auto","background-attachment":"scroll","background-type":"","background-media":"","overlay-type":"","overlay-color":"","overlay-opacity":"","overlay-gradient":""},"tablet":{"background-color":"var(--ast-global-color-5)","background-image":"","background-repeat":"repeat","background-position":"center center","background-size":"auto","background-attachment":"scroll","background-type":"","background-media":"","overlay-type":"","overlay-color":"","overlay-opacity":"","overlay-gradient":""},"mobile":{"background-color":"var(--ast-global-color-5)","background-image":"","background-repeat":"repeat","background-position":"center center","background-size":"auto","background-attachment":"scroll","background-type":"","background-media":"","overlay-type":"","overlay-color":"","overlay-opacity":"","overlay-gradient":""}}},"product_brand":[],"product_cat":[198],"product_tag":[261],"class_list":{"0":"post-17996","1":"product","2":"type-product","3":"status-publish","4":"has-post-thumbnail","6":"product_cat-haarpflege","7":"product_tag-flasche","8":"pa_packages-1-flasche","9":"pa_packages-14-flasche-karton-10","10":"pa_packages-7-flasche-karton-5","11":"desktop-align-left","12":"tablet-align-left","13":"mobile-align-left","15":"first","16":"instock","17":"taxable","18":"shipping-taxable","19":"purchasable","20":"product-type-variable","21":"has-default-attributes"},"yoast_head":"<!-- This site is optimized with the Yoast SEO plugin v27.3 - https:\/\/yoast.com\/product\/yoast-seo-wordpress\/ -->\n<title>Hair Lotion - Ohne Wasser waschen<\/title>\n<meta name=\"description\" content=\"Einfach, schnell und bequem jeden Haartyp ohne Sp\u00fclen waschen k\u00f6nnen? Die Swash\u00ae Hair Lotion wurde eigens zu diesem Zweck entwickelt.\" \/>\n<meta name=\"robots\" content=\"index, follow, max-snippet:-1, max-image-preview:large, max-video-preview:-1\" \/>\n<link rel=\"canonical\" href=\"https:\/\/swash-shop.com\/de\/product\/hair-lotion\/\" \/>\n<meta property=\"og:locale\" content=\"de_DE\" \/>\n<meta property=\"og:type\" content=\"article\" \/>\n<meta property=\"og:title\" content=\"Hair Lotion - Ohne Wasser waschen\" \/>\n<meta property=\"og:description\" content=\"Einfach, schnell und bequem jeden Haartyp ohne Sp\u00fclen waschen k\u00f6nnen? Die Swash\u00ae Hair Lotion wurde eigens zu diesem Zweck entwickelt.\" \/>\n<meta property=\"og:url\" content=\"https:\/\/swash-shop.com\/de\/product\/hair-lotion\/\" \/>\n<meta property=\"og:site_name\" content=\"Swash-shop\" \/>\n<meta property=\"article:publisher\" content=\"https:\/\/www.facebook.com\/arionsmile\" \/>\n<meta property=\"article:modified_time\" content=\"2024-05-13T16:25:39+00:00\" \/>\n<meta property=\"og:image\" content=\"https:\/\/swash-shop.com\/wp-content\/uploads\/2018\/06\/Swash_webshop_HairLotion_400x400px.jpg\" \/>\n\t<meta property=\"og:image:width\" content=\"400\" \/>\n\t<meta property=\"og:image:height\" content=\"400\" \/>\n\t<meta property=\"og:image:type\" content=\"image\/jpeg\" \/>\n<meta name=\"twitter:card\" content=\"summary_large_image\" \/>\n<meta name=\"twitter:site\" content=\"@arionsmile\" \/>\n<meta name=\"twitter:label1\" content=\"Gesch\u00e4tzte Lesezeit\" \/>\n\t<meta name=\"twitter:data1\" content=\"1\u00a0Minute\" \/>\n<script type=\"application\/ld+json\" class=\"yoast-schema-graph\">{\"@context\":\"https:\\\/\\\/schema.org\",\"@graph\":[{\"@type\":\"WebPage\",\"@id\":\"https:\\\/\\\/swash-shop.com\\\/de\\\/product\\\/hair-lotion\\\/\",\"url\":\"https:\\\/\\\/swash-shop.com\\\/de\\\/product\\\/hair-lotion\\\/\",\"name\":\"Hair Lotion - Ohne Wasser waschen\",\"isPartOf\":{\"@id\":\"https:\\\/\\\/swash-shop.com\\\/de\\\/#website\"},\"primaryImageOfPage\":{\"@id\":\"https:\\\/\\\/swash-shop.com\\\/de\\\/product\\\/hair-lotion\\\/#primaryimage\"},\"image\":{\"@id\":\"https:\\\/\\\/swash-shop.com\\\/de\\\/product\\\/hair-lotion\\\/#primaryimage\"},\"thumbnailUrl\":\"https:\\\/\\\/swash-shop.com\\\/wp-content\\\/uploads\\\/2018\\\/06\\\/Swash_webshop_HairLotion_400x400px.jpg\",\"datePublished\":\"2018-07-26T12:01:57+00:00\",\"dateModified\":\"2024-05-13T16:25:39+00:00\",\"description\":\"Einfach, schnell und bequem jeden Haartyp ohne Sp\u00fclen waschen k\u00f6nnen? Die Swash\u00ae Hair Lotion wurde eigens zu diesem Zweck entwickelt.\",\"breadcrumb\":{\"@id\":\"https:\\\/\\\/swash-shop.com\\\/de\\\/product\\\/hair-lotion\\\/#breadcrumb\"},\"inLanguage\":\"de\",\"potentialAction\":[{\"@type\":\"ReadAction\",\"target\":[\"https:\\\/\\\/swash-shop.com\\\/de\\\/product\\\/hair-lotion\\\/\"]}]},{\"@type\":\"ImageObject\",\"inLanguage\":\"de\",\"@id\":\"https:\\\/\\\/swash-shop.com\\\/de\\\/product\\\/hair-lotion\\\/#primaryimage\",\"url\":\"https:\\\/\\\/swash-shop.com\\\/wp-content\\\/uploads\\\/2018\\\/06\\\/Swash_webshop_HairLotion_400x400px.jpg\",\"contentUrl\":\"https:\\\/\\\/swash-shop.com\\\/wp-content\\\/uploads\\\/2018\\\/06\\\/Swash_webshop_HairLotion_400x400px.jpg\",\"width\":400,\"height\":400,\"caption\":\"Haarlotion\"},{\"@type\":\"BreadcrumbList\",\"@id\":\"https:\\\/\\\/swash-shop.com\\\/de\\\/product\\\/hair-lotion\\\/#breadcrumb\",\"itemListElement\":[{\"@type\":\"ListItem\",\"position\":1,\"name\":\"Home\",\"item\":\"https:\\\/\\\/swash-shop.com\\\/de\\\/\"},{\"@type\":\"ListItem\",\"position\":2,\"name\":\"Shop\",\"item\":\"https:\\\/\\\/swash-shop.com\\\/de\\\/shop\\\/\"},{\"@type\":\"ListItem\",\"position\":3,\"name\":\"Hair Lotion\"}]},{\"@type\":\"WebSite\",\"@id\":\"https:\\\/\\\/swash-shop.com\\\/de\\\/#website\",\"url\":\"https:\\\/\\\/swash-shop.com\\\/de\\\/\",\"name\":\"Swash-shop\",\"description\":\"Washing without water\",\"publisher\":{\"@id\":\"https:\\\/\\\/swash-shop.com\\\/de\\\/#organization\"},\"potentialAction\":[{\"@type\":\"SearchAction\",\"target\":{\"@type\":\"EntryPoint\",\"urlTemplate\":\"https:\\\/\\\/swash-shop.com\\\/de\\\/?s={search_term_string}\"},\"query-input\":{\"@type\":\"PropertyValueSpecification\",\"valueRequired\":true,\"valueName\":\"search_term_string\"}}],\"inLanguage\":\"de\"},{\"@type\":\"Organization\",\"@id\":\"https:\\\/\\\/swash-shop.com\\\/de\\\/#organization\",\"name\":\"Arion Group\",\"url\":\"https:\\\/\\\/swash-shop.com\\\/de\\\/\",\"logo\":{\"@type\":\"ImageObject\",\"inLanguage\":\"de\",\"@id\":\"https:\\\/\\\/swash-shop.com\\\/de\\\/#\\\/schema\\\/logo\\\/image\\\/\",\"url\":\"https:\\\/\\\/swash-shop.com\\\/wp-content\\\/uploads\\\/2017\\\/07\\\/Arion_logo_vrijstaand_normal.png\",\"contentUrl\":\"https:\\\/\\\/swash-shop.com\\\/wp-content\\\/uploads\\\/2017\\\/07\\\/Arion_logo_vrijstaand_normal.png\",\"width\":550,\"height\":214,\"caption\":\"Arion Group\"},\"image\":{\"@id\":\"https:\\\/\\\/swash-shop.com\\\/de\\\/#\\\/schema\\\/logo\\\/image\\\/\"},\"sameAs\":[\"https:\\\/\\\/www.facebook.com\\\/arionsmile\",\"https:\\\/\\\/x.com\\\/arionsmile\",\"https:\\\/\\\/www.linkedin.com\\\/company\\\/arion-holding-bv\",\"https:\\\/\\\/www.youtube.com\\\/user\\\/ArionInternational\"]}]}<\/script>\n<!-- \/ Yoast SEO plugin. -->","yoast_head_json":{"title":"Hair Lotion - Ohne Wasser waschen","description":"Einfach, schnell und bequem jeden Haartyp ohne Sp\u00fclen waschen k\u00f6nnen? Die Swash\u00ae Hair Lotion wurde eigens zu diesem Zweck entwickelt.","robots":{"index":"index","follow":"follow","max-snippet":"max-snippet:-1","max-image-preview":"max-image-preview:large","max-video-preview":"max-video-preview:-1"},"canonical":"https:\/\/swash-shop.com\/de\/product\/hair-lotion\/","og_locale":"de_DE","og_type":"article","og_title":"Hair Lotion - Ohne Wasser waschen","og_description":"Einfach, schnell und bequem jeden Haartyp ohne Sp\u00fclen waschen k\u00f6nnen? Die Swash\u00ae Hair Lotion wurde eigens zu diesem Zweck entwickelt.","og_url":"https:\/\/swash-shop.com\/de\/product\/hair-lotion\/","og_site_name":"Swash-shop","article_publisher":"https:\/\/www.facebook.com\/arionsmile","article_modified_time":"2024-05-13T16:25:39+00:00","og_image":[{"width":400,"height":400,"url":"https:\/\/swash-shop.com\/wp-content\/uploads\/2018\/06\/Swash_webshop_HairLotion_400x400px.jpg","type":"image\/jpeg"}],"twitter_card":"summary_large_image","twitter_site":"@arionsmile","twitter_misc":{"Gesch\u00e4tzte Lesezeit":"1\u00a0Minute"},"schema":{"@context":"https:\/\/schema.org","@graph":[{"@type":"WebPage","@id":"https:\/\/swash-shop.com\/de\/product\/hair-lotion\/","url":"https:\/\/swash-shop.com\/de\/product\/hair-lotion\/","name":"Hair Lotion - Ohne Wasser waschen","isPartOf":{"@id":"https:\/\/swash-shop.com\/de\/#website"},"primaryImageOfPage":{"@id":"https:\/\/swash-shop.com\/de\/product\/hair-lotion\/#primaryimage"},"image":{"@id":"https:\/\/swash-shop.com\/de\/product\/hair-lotion\/#primaryimage"},"thumbnailUrl":"https:\/\/swash-shop.com\/wp-content\/uploads\/2018\/06\/Swash_webshop_HairLotion_400x400px.jpg","datePublished":"2018-07-26T12:01:57+00:00","dateModified":"2024-05-13T16:25:39+00:00","description":"Einfach, schnell und bequem jeden Haartyp ohne Sp\u00fclen waschen k\u00f6nnen? Die Swash\u00ae Hair Lotion wurde eigens zu diesem Zweck entwickelt.","breadcrumb":{"@id":"https:\/\/swash-shop.com\/de\/product\/hair-lotion\/#breadcrumb"},"inLanguage":"de","potentialAction":[{"@type":"ReadAction","target":["https:\/\/swash-shop.com\/de\/product\/hair-lotion\/"]}]},{"@type":"ImageObject","inLanguage":"de","@id":"https:\/\/swash-shop.com\/de\/product\/hair-lotion\/#primaryimage","url":"https:\/\/swash-shop.com\/wp-content\/uploads\/2018\/06\/Swash_webshop_HairLotion_400x400px.jpg","contentUrl":"https:\/\/swash-shop.com\/wp-content\/uploads\/2018\/06\/Swash_webshop_HairLotion_400x400px.jpg","width":400,"height":400,"caption":"Haarlotion"},{"@type":"BreadcrumbList","@id":"https:\/\/swash-shop.com\/de\/product\/hair-lotion\/#breadcrumb","itemListElement":[{"@type":"ListItem","position":1,"name":"Home","item":"https:\/\/swash-shop.com\/de\/"},{"@type":"ListItem","position":2,"name":"Shop","item":"https:\/\/swash-shop.com\/de\/shop\/"},{"@type":"ListItem","position":3,"name":"Hair Lotion"}]},{"@type":"WebSite","@id":"https:\/\/swash-shop.com\/de\/#website","url":"https:\/\/swash-shop.com\/de\/","name":"Swash-shop","description":"Washing without water","publisher":{"@id":"https:\/\/swash-shop.com\/de\/#organization"},"potentialAction":[{"@type":"SearchAction","target":{"@type":"EntryPoint","urlTemplate":"https:\/\/swash-shop.com\/de\/?s={search_term_string}"},"query-input":{"@type":"PropertyValueSpecification","valueRequired":true,"valueName":"search_term_string"}}],"inLanguage":"de"},{"@type":"Organization","@id":"https:\/\/swash-shop.com\/de\/#organization","name":"Arion Group","url":"https:\/\/swash-shop.com\/de\/","logo":{"@type":"ImageObject","inLanguage":"de","@id":"https:\/\/swash-shop.com\/de\/#\/schema\/logo\/image\/","url":"https:\/\/swash-shop.com\/wp-content\/uploads\/2017\/07\/Arion_logo_vrijstaand_normal.png","contentUrl":"https:\/\/swash-shop.com\/wp-content\/uploads\/2017\/07\/Arion_logo_vrijstaand_normal.png","width":550,"height":214,"caption":"Arion Group"},"image":{"@id":"https:\/\/swash-shop.com\/de\/#\/schema\/logo\/image\/"},"sameAs":["https:\/\/www.facebook.com\/arionsmile","https:\/\/x.com\/arionsmile","https:\/\/www.linkedin.com\/company\/arion-holding-bv","https:\/\/www.youtube.com\/user\/ArionInternational"]}]}},"_links":{"self":[{"href":"https:\/\/swash-shop.com\/de\/wp-json\/wp\/v2\/product\/17996","targetHints":{"allow":["GET"]}}],"collection":[{"href":"https:\/\/swash-shop.com\/de\/wp-json\/wp\/v2\/product"}],"about":[{"href":"https:\/\/swash-shop.com\/de\/wp-json\/wp\/v2\/types\/product"}],"version-history":[{"count":0,"href":"https:\/\/swash-shop.com\/de\/wp-json\/wp\/v2\/product\/17996\/revisions"}],"wp:featuredmedia":[{"embeddable":true,"href":"https:\/\/swash-shop.com\/de\/wp-json\/wp\/v2\/media\/16877"}],"wp:attachment":[{"href":"https:\/\/swash-shop.com\/de\/wp-json\/wp\/v2\/media?parent=17996"}],"wp:term":[{"taxonomy":"product_brand","embeddable":true,"href":"https:\/\/swash-shop.com\/de\/wp-json\/wp\/v2\/product_brand?post=17996"},{"taxonomy":"product_cat","embeddable":true,"href":"https:\/\/swash-shop.com\/de\/wp-json\/wp\/v2\/product_cat?post=17996"},{"taxonomy":"product_tag","embeddable":true,"href":"https:\/\/swash-shop.com\/de\/wp-json\/wp\/v2\/product_tag?post=17996"}],"curies":[{"name":"wp","href":"https:\/\/api.w.org\/{rel}","templated":true}]}}