{"id":17845,"date":"2018-07-24T16:05:38","date_gmt":"2018-07-24T14:05:38","guid":{"rendered":"https:\/\/swash-shop.com\/versand-rucksendung\/"},"modified":"2020-07-02T14:27:56","modified_gmt":"2020-07-02T12:27:56","slug":"versand-rucksendung","status":"publish","type":"page","link":"https:\/\/swash-shop.com\/de\/versand-rucksendung\/","title":{"rendered":"Versand &#038; R\u00fccksendung"},"content":{"rendered":"\t\t<div data-elementor-type=\"wp-page\" data-elementor-id=\"17845\" class=\"elementor elementor-17845 elementor-17114\" data-elementor-post-type=\"page\">\n\t\t\t\t\t\t<section class=\"elementor-section elementor-top-section elementor-element elementor-element-74b3ae0 elementor-section-boxed elementor-section-height-default elementor-section-height-default\" data-id=\"74b3ae0\" data-element_type=\"section\" data-e-type=\"section\">\n\t\t\t\t\t\t<div class=\"elementor-container elementor-column-gap-default\">\n\t\t\t\t\t<div class=\"elementor-column elementor-col-100 elementor-top-column elementor-element elementor-element-134f19a\" data-id=\"134f19a\" data-element_type=\"column\" data-e-type=\"column\">\n\t\t\t<div class=\"elementor-widget-wrap elementor-element-populated\">\n\t\t\t\t\t\t<div class=\"elementor-element elementor-element-c0873b4 elementor-widget elementor-widget-image\" data-id=\"c0873b4\" data-element_type=\"widget\" data-e-type=\"widget\" data-widget_type=\"image.default\">\n\t\t\t\t<div class=\"elementor-widget-container\">\n\t\t\t\t\t\t\t\t\t\t\t\t\t\t\t<img fetchpriority=\"high\" decoding=\"async\" width=\"1903\" height=\"500\" src=\"https:\/\/swash-shop.com\/wp-content\/uploads\/2018\/08\/Swash_webshop_slider_1903x500px_verzendenDozen-2.png\" class=\"attachment-full size-full wp-image-34980\" alt=\"Versandkartons\" srcset=\"https:\/\/swash-shop.com\/wp-content\/uploads\/2018\/08\/Swash_webshop_slider_1903x500px_verzendenDozen-2.png 1903w, https:\/\/swash-shop.com\/wp-content\/uploads\/2018\/08\/Swash_webshop_slider_1903x500px_verzendenDozen-2-300x79.png 300w, https:\/\/swash-shop.com\/wp-content\/uploads\/2018\/08\/Swash_webshop_slider_1903x500px_verzendenDozen-2-768x202.png 768w, https:\/\/swash-shop.com\/wp-content\/uploads\/2018\/08\/Swash_webshop_slider_1903x500px_verzendenDozen-2-1024x269.png 1024w, https:\/\/swash-shop.com\/wp-content\/uploads\/2018\/08\/Swash_webshop_slider_1903x500px_verzendenDozen-2-600x158.png 600w\" sizes=\"(max-width: 1903px) 100vw, 1903px\" \/>\t\t\t\t\t\t\t\t\t\t\t\t\t\t\t<\/div>\n\t\t\t\t<\/div>\n\t\t\t\t<div class=\"elementor-element elementor-element-f137be4 elementor-widget elementor-widget-heading\" data-id=\"f137be4\" data-element_type=\"widget\" data-e-type=\"widget\" data-widget_type=\"heading.default\">\n\t\t\t\t<div class=\"elementor-widget-container\">\n\t\t\t\t\t<h1 class=\"elementor-heading-title elementor-size-default\">Versand &amp; R\u00fccksendung\n<\/h1>\t\t\t\t<\/div>\n\t\t\t\t<\/div>\n\t\t\t\t<div class=\"elementor-element elementor-element-f44d5b8 elementor-widget elementor-widget-text-editor\" data-id=\"f44d5b8\" data-element_type=\"widget\" data-e-type=\"widget\" data-widget_type=\"text-editor.default\">\n\t\t\t\t<div class=\"elementor-widget-container\">\n\t\t\t\t\t\t\t\t\t<p>Wir gehen davon aus, dass Sie mit Ihrer Swash<sup>\u00ae<\/sup>\u00a0Bestellung zufrieden sind. F\u00fcr den wenig wahrscheinlichen Fall, dass Ihre Bestellung nicht Ihren Erwartungen entspricht, haben Sie das Recht*, Ihre Bestellung bis zu 14 Tage nach Erhalt ohne Angabe von Gr\u00fcnden zu stornieren. Einzige Voraussetzung daf\u00fcr ist, dass die Swash<sup>\u00ae<\/sup>-Verpackungen noch nicht ge\u00f6ffnet sind. Nach der Stornierung haben Sie 14 Tage Zeit, Ihre Bestellung an uns zur\u00fcckzusenden. Wir stellen dann sicher, dass Sie die volle R\u00fcckerstattung des Bestellbetrages rechtzeitig (innerhalb von 14 Tagen nach R\u00fccksendungsmeldung) erhalten. Die Kosten der R\u00fccksendung gehen zu Ihren Lasten. Wenn Sie von diesem Widerrufsrecht Gebrauch machen m\u00f6chten, kontaktieren Sie uns bitte unter\u00a0<a href=\"mailto:info@arion-group.com\">info@arion-group.com<\/a>.<\/p><p>* Das Widerrufsrecht gilt nur f\u00fcr Bestellungen von Verbrauchern und nicht f\u00fcr Bestellungen von Unternehmen\/B2B.<\/p>\t\t\t\t\t\t\t\t<\/div>\n\t\t\t\t<\/div>\n\t\t\t\t\t<\/div>\n\t\t<\/div>\n\t\t\t\t\t<\/div>\n\t\t<\/section>\n\t\t\t\t<\/div>\n\t\t","protected":false},"excerpt":{"rendered":"<p>Versand &amp; R\u00fccksendung Wir gehen davon aus, dass Sie mit Ihrer Swash\u00ae&nbsp;Bestellung zufrieden sind. F\u00fcr den wenig wahrscheinlichen Fall, dass Ihre Bestellung nicht Ihren Erwartungen entspricht, haben Sie das Recht*, Ihre Bestellung bis zu 14 Tage nach Erhalt ohne Angabe von Gr\u00fcnden zu stornieren. Einzige Voraussetzung daf\u00fcr ist, dass die Swash\u00ae-Verpackungen noch nicht ge\u00f6ffnet sind. [&hellip;]<\/p>\n","protected":false},"author":77,"featured_media":0,"parent":0,"menu_order":99,"comment_status":"closed","ping_status":"closed","template":"","meta":{"site-sidebar-layout":"default","site-content-layout":"default","ast-site-content-layout":"default","site-content-style":"default","site-sidebar-style":"default","ast-global-header-display":"","ast-banner-title-visibility":"","ast-main-header-display":"","ast-hfb-above-header-display":"","ast-hfb-below-header-display":"","ast-hfb-mobile-header-display":"","site-post-title":"disabled","ast-breadcrumbs-content":"","ast-featured-img":"","footer-sml-layout":"","ast-disable-related-posts":"","theme-transparent-header-meta":"default","adv-header-id-meta":"","stick-header-meta":"","header-above-stick-meta":"","header-main-stick-meta":"","header-below-stick-meta":"","astra-migrate-meta-layouts":"default","ast-page-background-enabled":"default","ast-page-background-meta":{"desktop":{"background-color":"","background-image":"","background-repeat":"repeat","background-position":"center center","background-size":"auto","background-attachment":"scroll","background-type":"","background-media":"","overlay-type":"","overlay-color":"","overlay-opacity":"","overlay-gradient":""},"tablet":{"background-color":"","background-image":"","background-repeat":"repeat","background-position":"center center","background-size":"auto","background-attachment":"scroll","background-type":"","background-media":"","overlay-type":"","overlay-color":"","overlay-opacity":"","overlay-gradient":""},"mobile":{"background-color":"","background-image":"","background-repeat":"repeat","background-position":"center center","background-size":"auto","background-attachment":"scroll","background-type":"","background-media":"","overlay-type":"","overlay-color":"","overlay-opacity":"","overlay-gradient":""}},"ast-content-background-meta":{"desktop":{"background-color":"var(--ast-global-color-5)","background-image":"","background-repeat":"repeat","background-position":"center center","background-size":"auto","background-attachment":"scroll","background-type":"","background-media":"","overlay-type":"","overlay-color":"","overlay-opacity":"","overlay-gradient":""},"tablet":{"background-color":"var(--ast-global-color-5)","background-image":"","background-repeat":"repeat","background-position":"center center","background-size":"auto","background-attachment":"scroll","background-type":"","background-media":"","overlay-type":"","overlay-color":"","overlay-opacity":"","overlay-gradient":""},"mobile":{"background-color":"var(--ast-global-color-5)","background-image":"","background-repeat":"repeat","background-position":"center center","background-size":"auto","background-attachment":"scroll","background-type":"","background-media":"","overlay-type":"","overlay-color":"","overlay-opacity":"","overlay-gradient":""}},"footnotes":""},"class_list":["post-17845","page","type-page","status-publish","hentry"],"yoast_head":"<!-- This site is optimized with the Yoast SEO plugin v27.3 - https:\/\/yoast.com\/product\/yoast-seo-wordpress\/ -->\n<title>Versand &amp; R\u00fccksendung - Swash-shop<\/title>\n<meta name=\"description\" content=\"Wir gehen davon aus, dass Sie mit Ihrer Swash\u00ae Bestellung zufrieden sind. F\u00fcr den wenig wahrscheinlichen Fall, dass Ihre Bestellung nicht Ihren...\" \/>\n<meta name=\"robots\" content=\"index, follow, max-snippet:-1, max-image-preview:large, max-video-preview:-1\" \/>\n<link rel=\"canonical\" href=\"https:\/\/swash-shop.com\/de\/versand-rucksendung\/\" \/>\n<meta property=\"og:locale\" content=\"de_DE\" \/>\n<meta property=\"og:type\" content=\"article\" \/>\n<meta property=\"og:title\" content=\"Versand &amp; R\u00fccksendung - Swash-shop\" \/>\n<meta property=\"og:description\" content=\"Wir gehen davon aus, dass Sie mit Ihrer Swash\u00ae Bestellung zufrieden sind. F\u00fcr den wenig wahrscheinlichen Fall, dass Ihre Bestellung nicht Ihren...\" \/>\n<meta property=\"og:url\" content=\"https:\/\/swash-shop.com\/de\/versand-rucksendung\/\" \/>\n<meta property=\"og:site_name\" content=\"Swash-shop\" \/>\n<meta property=\"article:publisher\" content=\"https:\/\/www.facebook.com\/arionsmile\" \/>\n<meta property=\"article:modified_time\" content=\"2020-07-02T12:27:56+00:00\" \/>\n<meta property=\"og:image\" content=\"https:\/\/swash-shop.com\/wp-content\/uploads\/2018\/08\/Swash_webshop_slider_1903x500px_verzendenDozen-2.png\" \/>\n<meta name=\"twitter:card\" content=\"summary_large_image\" \/>\n<meta name=\"twitter:site\" content=\"@arionsmile\" \/>\n<meta name=\"twitter:label1\" content=\"Gesch\u00e4tzte Lesezeit\" \/>\n\t<meta name=\"twitter:data1\" content=\"1\u00a0Minute\" \/>\n<script type=\"application\/ld+json\" class=\"yoast-schema-graph\">{\"@context\":\"https:\\\/\\\/schema.org\",\"@graph\":[{\"@type\":\"WebPage\",\"@id\":\"https:\\\/\\\/swash-shop.com\\\/de\\\/versand-rucksendung\\\/\",\"url\":\"https:\\\/\\\/swash-shop.com\\\/de\\\/versand-rucksendung\\\/\",\"name\":\"Versand & R\u00fccksendung - Swash-shop\",\"isPartOf\":{\"@id\":\"https:\\\/\\\/swash-shop.com\\\/de\\\/#website\"},\"primaryImageOfPage\":{\"@id\":\"https:\\\/\\\/swash-shop.com\\\/de\\\/versand-rucksendung\\\/#primaryimage\"},\"image\":{\"@id\":\"https:\\\/\\\/swash-shop.com\\\/de\\\/versand-rucksendung\\\/#primaryimage\"},\"thumbnailUrl\":\"https:\\\/\\\/swash-shop.com\\\/wp-content\\\/uploads\\\/2018\\\/08\\\/Swash_webshop_slider_1903x500px_verzendenDozen-2.png\",\"datePublished\":\"2018-07-24T14:05:38+00:00\",\"dateModified\":\"2020-07-02T12:27:56+00:00\",\"description\":\"Wir gehen davon aus, dass Sie mit Ihrer Swash\u00ae Bestellung zufrieden sind. F\u00fcr den wenig wahrscheinlichen Fall, dass Ihre Bestellung nicht Ihren...\",\"breadcrumb\":{\"@id\":\"https:\\\/\\\/swash-shop.com\\\/de\\\/versand-rucksendung\\\/#breadcrumb\"},\"inLanguage\":\"de\",\"potentialAction\":[{\"@type\":\"ReadAction\",\"target\":[\"https:\\\/\\\/swash-shop.com\\\/de\\\/versand-rucksendung\\\/\"]}]},{\"@type\":\"ImageObject\",\"inLanguage\":\"de\",\"@id\":\"https:\\\/\\\/swash-shop.com\\\/de\\\/versand-rucksendung\\\/#primaryimage\",\"url\":\"https:\\\/\\\/swash-shop.com\\\/wp-content\\\/uploads\\\/2018\\\/08\\\/Swash_webshop_slider_1903x500px_verzendenDozen-2.png\",\"contentUrl\":\"https:\\\/\\\/swash-shop.com\\\/wp-content\\\/uploads\\\/2018\\\/08\\\/Swash_webshop_slider_1903x500px_verzendenDozen-2.png\"},{\"@type\":\"BreadcrumbList\",\"@id\":\"https:\\\/\\\/swash-shop.com\\\/de\\\/versand-rucksendung\\\/#breadcrumb\",\"itemListElement\":[{\"@type\":\"ListItem\",\"position\":1,\"name\":\"Home\",\"item\":\"https:\\\/\\\/swash-shop.com\\\/de\\\/\"},{\"@type\":\"ListItem\",\"position\":2,\"name\":\"Versand &#038; R\u00fccksendung\"}]},{\"@type\":\"WebSite\",\"@id\":\"https:\\\/\\\/swash-shop.com\\\/de\\\/#website\",\"url\":\"https:\\\/\\\/swash-shop.com\\\/de\\\/\",\"name\":\"Swash-shop\",\"description\":\"Washing without water\",\"publisher\":{\"@id\":\"https:\\\/\\\/swash-shop.com\\\/de\\\/#organization\"},\"potentialAction\":[{\"@type\":\"SearchAction\",\"target\":{\"@type\":\"EntryPoint\",\"urlTemplate\":\"https:\\\/\\\/swash-shop.com\\\/de\\\/?s={search_term_string}\"},\"query-input\":{\"@type\":\"PropertyValueSpecification\",\"valueRequired\":true,\"valueName\":\"search_term_string\"}}],\"inLanguage\":\"de\"},{\"@type\":\"Organization\",\"@id\":\"https:\\\/\\\/swash-shop.com\\\/de\\\/#organization\",\"name\":\"Arion Group\",\"url\":\"https:\\\/\\\/swash-shop.com\\\/de\\\/\",\"logo\":{\"@type\":\"ImageObject\",\"inLanguage\":\"de\",\"@id\":\"https:\\\/\\\/swash-shop.com\\\/de\\\/#\\\/schema\\\/logo\\\/image\\\/\",\"url\":\"https:\\\/\\\/swash-shop.com\\\/wp-content\\\/uploads\\\/2017\\\/07\\\/Arion_logo_vrijstaand_normal.png\",\"contentUrl\":\"https:\\\/\\\/swash-shop.com\\\/wp-content\\\/uploads\\\/2017\\\/07\\\/Arion_logo_vrijstaand_normal.png\",\"width\":550,\"height\":214,\"caption\":\"Arion Group\"},\"image\":{\"@id\":\"https:\\\/\\\/swash-shop.com\\\/de\\\/#\\\/schema\\\/logo\\\/image\\\/\"},\"sameAs\":[\"https:\\\/\\\/www.facebook.com\\\/arionsmile\",\"https:\\\/\\\/x.com\\\/arionsmile\",\"https:\\\/\\\/www.linkedin.com\\\/company\\\/arion-holding-bv\",\"https:\\\/\\\/www.youtube.com\\\/user\\\/ArionInternational\"]}]}<\/script>\n<!-- \/ Yoast SEO plugin. -->","yoast_head_json":{"title":"Versand & R\u00fccksendung - Swash-shop","description":"Wir gehen davon aus, dass Sie mit Ihrer Swash\u00ae Bestellung zufrieden sind. F\u00fcr den wenig wahrscheinlichen Fall, dass Ihre Bestellung nicht Ihren...","robots":{"index":"index","follow":"follow","max-snippet":"max-snippet:-1","max-image-preview":"max-image-preview:large","max-video-preview":"max-video-preview:-1"},"canonical":"https:\/\/swash-shop.com\/de\/versand-rucksendung\/","og_locale":"de_DE","og_type":"article","og_title":"Versand & R\u00fccksendung - Swash-shop","og_description":"Wir gehen davon aus, dass Sie mit Ihrer Swash\u00ae Bestellung zufrieden sind. F\u00fcr den wenig wahrscheinlichen Fall, dass Ihre Bestellung nicht Ihren...","og_url":"https:\/\/swash-shop.com\/de\/versand-rucksendung\/","og_site_name":"Swash-shop","article_publisher":"https:\/\/www.facebook.com\/arionsmile","article_modified_time":"2020-07-02T12:27:56+00:00","og_image":[{"url":"https:\/\/swash-shop.com\/wp-content\/uploads\/2018\/08\/Swash_webshop_slider_1903x500px_verzendenDozen-2.png","type":"","width":"","height":""}],"twitter_card":"summary_large_image","twitter_site":"@arionsmile","twitter_misc":{"Gesch\u00e4tzte Lesezeit":"1\u00a0Minute"},"schema":{"@context":"https:\/\/schema.org","@graph":[{"@type":"WebPage","@id":"https:\/\/swash-shop.com\/de\/versand-rucksendung\/","url":"https:\/\/swash-shop.com\/de\/versand-rucksendung\/","name":"Versand & R\u00fccksendung - Swash-shop","isPartOf":{"@id":"https:\/\/swash-shop.com\/de\/#website"},"primaryImageOfPage":{"@id":"https:\/\/swash-shop.com\/de\/versand-rucksendung\/#primaryimage"},"image":{"@id":"https:\/\/swash-shop.com\/de\/versand-rucksendung\/#primaryimage"},"thumbnailUrl":"https:\/\/swash-shop.com\/wp-content\/uploads\/2018\/08\/Swash_webshop_slider_1903x500px_verzendenDozen-2.png","datePublished":"2018-07-24T14:05:38+00:00","dateModified":"2020-07-02T12:27:56+00:00","description":"Wir gehen davon aus, dass Sie mit Ihrer Swash\u00ae Bestellung zufrieden sind. F\u00fcr den wenig wahrscheinlichen Fall, dass Ihre Bestellung nicht Ihren...","breadcrumb":{"@id":"https:\/\/swash-shop.com\/de\/versand-rucksendung\/#breadcrumb"},"inLanguage":"de","potentialAction":[{"@type":"ReadAction","target":["https:\/\/swash-shop.com\/de\/versand-rucksendung\/"]}]},{"@type":"ImageObject","inLanguage":"de","@id":"https:\/\/swash-shop.com\/de\/versand-rucksendung\/#primaryimage","url":"https:\/\/swash-shop.com\/wp-content\/uploads\/2018\/08\/Swash_webshop_slider_1903x500px_verzendenDozen-2.png","contentUrl":"https:\/\/swash-shop.com\/wp-content\/uploads\/2018\/08\/Swash_webshop_slider_1903x500px_verzendenDozen-2.png"},{"@type":"BreadcrumbList","@id":"https:\/\/swash-shop.com\/de\/versand-rucksendung\/#breadcrumb","itemListElement":[{"@type":"ListItem","position":1,"name":"Home","item":"https:\/\/swash-shop.com\/de\/"},{"@type":"ListItem","position":2,"name":"Versand &#038; R\u00fccksendung"}]},{"@type":"WebSite","@id":"https:\/\/swash-shop.com\/de\/#website","url":"https:\/\/swash-shop.com\/de\/","name":"Swash-shop","description":"Washing without water","publisher":{"@id":"https:\/\/swash-shop.com\/de\/#organization"},"potentialAction":[{"@type":"SearchAction","target":{"@type":"EntryPoint","urlTemplate":"https:\/\/swash-shop.com\/de\/?s={search_term_string}"},"query-input":{"@type":"PropertyValueSpecification","valueRequired":true,"valueName":"search_term_string"}}],"inLanguage":"de"},{"@type":"Organization","@id":"https:\/\/swash-shop.com\/de\/#organization","name":"Arion Group","url":"https:\/\/swash-shop.com\/de\/","logo":{"@type":"ImageObject","inLanguage":"de","@id":"https:\/\/swash-shop.com\/de\/#\/schema\/logo\/image\/","url":"https:\/\/swash-shop.com\/wp-content\/uploads\/2017\/07\/Arion_logo_vrijstaand_normal.png","contentUrl":"https:\/\/swash-shop.com\/wp-content\/uploads\/2017\/07\/Arion_logo_vrijstaand_normal.png","width":550,"height":214,"caption":"Arion Group"},"image":{"@id":"https:\/\/swash-shop.com\/de\/#\/schema\/logo\/image\/"},"sameAs":["https:\/\/www.facebook.com\/arionsmile","https:\/\/x.com\/arionsmile","https:\/\/www.linkedin.com\/company\/arion-holding-bv","https:\/\/www.youtube.com\/user\/ArionInternational"]}]}},"_links":{"self":[{"href":"https:\/\/swash-shop.com\/de\/wp-json\/wp\/v2\/pages\/17845","targetHints":{"allow":["GET"]}}],"collection":[{"href":"https:\/\/swash-shop.com\/de\/wp-json\/wp\/v2\/pages"}],"about":[{"href":"https:\/\/swash-shop.com\/de\/wp-json\/wp\/v2\/types\/page"}],"author":[{"embeddable":true,"href":"https:\/\/swash-shop.com\/de\/wp-json\/wp\/v2\/users\/77"}],"replies":[{"embeddable":true,"href":"https:\/\/swash-shop.com\/de\/wp-json\/wp\/v2\/comments?post=17845"}],"version-history":[{"count":0,"href":"https:\/\/swash-shop.com\/de\/wp-json\/wp\/v2\/pages\/17845\/revisions"}],"wp:attachment":[{"href":"https:\/\/swash-shop.com\/de\/wp-json\/wp\/v2\/media?parent=17845"}],"curies":[{"name":"wp","href":"https:\/\/api.w.org\/{rel}","templated":true}]}}