{"id":17840,"date":"2018-07-24T15:56:59","date_gmt":"2018-07-24T13:56:59","guid":{"rendered":"https:\/\/swash-shop.com\/haftungsausschluss\/"},"modified":"2020-07-02T14:13:32","modified_gmt":"2020-07-02T12:13:32","slug":"haftungsausschluss","status":"publish","type":"page","link":"https:\/\/swash-shop.com\/de\/haftungsausschluss\/","title":{"rendered":"Haftungsausschluss"},"content":{"rendered":"\t\t<div data-elementor-type=\"wp-page\" data-elementor-id=\"17840\" class=\"elementor elementor-17840 elementor-17837\" data-elementor-post-type=\"page\">\n\t\t\t\t\t\t<section class=\"elementor-section elementor-top-section elementor-element elementor-element-04742e7 elementor-section-boxed elementor-section-height-default elementor-section-height-default\" data-id=\"04742e7\" data-element_type=\"section\" data-e-type=\"section\">\n\t\t\t\t\t\t<div class=\"elementor-container elementor-column-gap-default\">\n\t\t\t\t\t<div class=\"elementor-column elementor-col-100 elementor-top-column elementor-element elementor-element-9bfb83a\" data-id=\"9bfb83a\" data-element_type=\"column\" data-e-type=\"column\">\n\t\t\t<div class=\"elementor-widget-wrap elementor-element-populated\">\n\t\t\t\t\t\t<div class=\"elementor-element elementor-element-658dc1f elementor-widget elementor-widget-image\" data-id=\"658dc1f\" data-element_type=\"widget\" data-e-type=\"widget\" data-widget_type=\"image.default\">\n\t\t\t\t<div class=\"elementor-widget-container\">\n\t\t\t\t\t\t\t\t\t\t\t\t\t\t\t<img fetchpriority=\"high\" decoding=\"async\" width=\"1903\" height=\"500\" src=\"https:\/\/swash-shop.com\/wp-content\/uploads\/2018\/07\/Swash_webshop_slider_1903x500px_geelGloves.jpg\" class=\"attachment-full size-full wp-image-16990\" alt=\"Waschlappen\" srcset=\"https:\/\/swash-shop.com\/wp-content\/uploads\/2018\/07\/Swash_webshop_slider_1903x500px_geelGloves.jpg 1903w, https:\/\/swash-shop.com\/wp-content\/uploads\/2018\/07\/Swash_webshop_slider_1903x500px_geelGloves-300x79.jpg 300w, https:\/\/swash-shop.com\/wp-content\/uploads\/2018\/07\/Swash_webshop_slider_1903x500px_geelGloves-768x202.jpg 768w, https:\/\/swash-shop.com\/wp-content\/uploads\/2018\/07\/Swash_webshop_slider_1903x500px_geelGloves-1024x269.jpg 1024w, https:\/\/swash-shop.com\/wp-content\/uploads\/2018\/07\/Swash_webshop_slider_1903x500px_geelGloves-600x158.jpg 600w\" sizes=\"(max-width: 1903px) 100vw, 1903px\" \/>\t\t\t\t\t\t\t\t\t\t\t\t\t\t\t<\/div>\n\t\t\t\t<\/div>\n\t\t\t\t<div class=\"elementor-element elementor-element-1984a5c elementor-widget elementor-widget-heading\" data-id=\"1984a5c\" data-element_type=\"widget\" data-e-type=\"widget\" data-widget_type=\"heading.default\">\n\t\t\t\t<div class=\"elementor-widget-container\">\n\t\t\t\t\t<h1 class=\"elementor-heading-title elementor-size-default\">Haftungsausschluss<\/h1>\t\t\t\t<\/div>\n\t\t\t\t<\/div>\n\t\t\t\t<div class=\"elementor-element elementor-element-a1687bb elementor-widget elementor-widget-text-editor\" data-id=\"a1687bb\" data-element_type=\"widget\" data-e-type=\"widget\" data-widget_type=\"text-editor.default\">\n\t\t\t\t<div class=\"elementor-widget-container\">\n\t\t\t\t\t\t\t\t\t<p style=\"background: white; vertical-align: baseline; margin: 0cm 0cm 19.2pt 0cm;\"><span style=\"font-size: 11.5pt; font-family: 'Arial',sans-serif; color: #282828;\">Trotz der st\u00e4ndigen Sorgfalt und Aufmerksamkeit, die wir der Zusammenstellung unserer Website widmen, ist es m\u00f6glich, dass die auf unserer Website ver\u00f6ffentlichten Informationen unvollst\u00e4ndig oder fehlerhaft sind. Die Informationen auf unserer Website werden regelm\u00e4\u00dfig aktualisiert und k\u00f6nnen jederzeit mit sofortiger Wirkung und ohne Vorank\u00fcndigung ge\u00e4ndert werden. Ein Besucher darf ohne (schriftliche) Genehmigung der Arion Group BV keine urheberrechtlich gesch\u00fctzten Werke oder andere auf unseren Websites gespeicherte Informationen ver\u00f6ffentlichen oder vervielf\u00e4ltigen.<\/span><\/p><p style=\"background: white; vertical-align: baseline; box-sizing: inherit; outline: 0px; font-variant-ligatures: normal; font-variant-caps: normal; orphans: 2; text-align: start; widows: 2; -webkit-text-stroke-width: 0px; text-decoration-style: initial; text-decoration-color: initial; word-spacing: 0px; margin: 0cm 0cm 19.2pt 0cm;\"><span style=\"font-size: 11.5pt; font-family: 'Arial',sans-serif; color: #282828;\">Wir k\u00f6nnen nicht garantieren, dass die Informationen auf unserer Website sich f\u00fcr den Zweck eignen, zu dem sie von Ihnen konsultiert werden Alle Informationen, Produkte und Dienstleistungen werden in dem Zustand angeboten, in dem sie sich tats\u00e4chlich befinden und ohne jegliche (implizite) Garantie oder Gew\u00e4hrleistung hinsichtlich ihrer Tauglichkeit und Eignung f\u00fcr einen bestimmten Zweck oder anderweitig.<\/span><\/p><p style=\"background: white; vertical-align: baseline; box-sizing: inherit; outline: 0px; font-variant-ligatures: normal; font-variant-caps: normal; orphans: 2; text-align: start; widows: 2; -webkit-text-stroke-width: 0px; text-decoration-style: initial; text-decoration-color: initial; word-spacing: 0px; margin: 0cm 0cm 19.2pt 0cm;\"><span style=\"font-size: 11.5pt; font-family: 'Arial',sans-serif; color: #282828;\">Wir schlie\u00dfen jegliche Haftung f\u00fcr irgendwelche Sch\u00e4den aus, sowohl direkter als auch indirekter Art oder welcher Art auch immer, die sich aus der Verwendung unserer Site und\/oder der Information ergeben oder damit in Zusammenhang stehen. Ferner haften wir nicht f\u00fcr etwaige direkte oder indirekte Sch\u00e4den, die sich aus der Verwendung von \u00fcber unsere Website erh\u00e4ltlichen Informationen ergeben.<\/span><\/p><p style=\"margin: 0cm; margin-bottom: .0001pt; background: white; vertical-align: baseline; box-sizing: inherit; outline: 0px; font-variant-ligatures: normal; font-variant-caps: normal; orphans: 2; text-align: start; widows: 2; -webkit-text-stroke-width: 0px; text-decoration-style: initial; text-decoration-color: initial; word-spacing: 0px;\"><span style=\"font-size: 11.5pt; font-family: 'Arial',sans-serif; color: #282828;\">Arion Holding B.V. beh\u00e4lt sich das Recht vor, diesen Haftungsausschluss jederzeit mit sofortiger Wirkung und ohne vorherige Ank\u00fcndigung zu \u00e4ndern.<\/span><\/p>\t\t\t\t\t\t\t\t<\/div>\n\t\t\t\t<\/div>\n\t\t\t\t\t<\/div>\n\t\t<\/div>\n\t\t\t\t\t<\/div>\n\t\t<\/section>\n\t\t\t\t<\/div>\n\t\t","protected":false},"excerpt":{"rendered":"<p>Haftungsausschluss Trotz der st\u00e4ndigen Sorgfalt und Aufmerksamkeit, die wir der Zusammenstellung unserer Website widmen, ist es m\u00f6glich, dass die auf unserer Website ver\u00f6ffentlichten Informationen unvollst\u00e4ndig oder fehlerhaft sind. Die Informationen auf unserer Website werden regelm\u00e4\u00dfig aktualisiert und k\u00f6nnen jederzeit mit sofortiger Wirkung und ohne Vorank\u00fcndigung ge\u00e4ndert werden. Ein Besucher darf ohne (schriftliche) Genehmigung der Arion [&hellip;]<\/p>\n","protected":false},"author":77,"featured_media":0,"parent":0,"menu_order":0,"comment_status":"closed","ping_status":"closed","template":"","meta":{"site-sidebar-layout":"default","site-content-layout":"default","ast-site-content-layout":"default","site-content-style":"default","site-sidebar-style":"default","ast-global-header-display":"","ast-banner-title-visibility":"","ast-main-header-display":"","ast-hfb-above-header-display":"","ast-hfb-below-header-display":"","ast-hfb-mobile-header-display":"","site-post-title":"disabled","ast-breadcrumbs-content":"","ast-featured-img":"","footer-sml-layout":"","ast-disable-related-posts":"","theme-transparent-header-meta":"default","adv-header-id-meta":"","stick-header-meta":"","header-above-stick-meta":"","header-main-stick-meta":"","header-below-stick-meta":"","astra-migrate-meta-layouts":"default","ast-page-background-enabled":"default","ast-page-background-meta":{"desktop":{"background-color":"","background-image":"","background-repeat":"repeat","background-position":"center center","background-size":"auto","background-attachment":"scroll","background-type":"","background-media":"","overlay-type":"","overlay-color":"","overlay-opacity":"","overlay-gradient":""},"tablet":{"background-color":"","background-image":"","background-repeat":"repeat","background-position":"center center","background-size":"auto","background-attachment":"scroll","background-type":"","background-media":"","overlay-type":"","overlay-color":"","overlay-opacity":"","overlay-gradient":""},"mobile":{"background-color":"","background-image":"","background-repeat":"repeat","background-position":"center center","background-size":"auto","background-attachment":"scroll","background-type":"","background-media":"","overlay-type":"","overlay-color":"","overlay-opacity":"","overlay-gradient":""}},"ast-content-background-meta":{"desktop":{"background-color":"var(--ast-global-color-5)","background-image":"","background-repeat":"repeat","background-position":"center center","background-size":"auto","background-attachment":"scroll","background-type":"","background-media":"","overlay-type":"","overlay-color":"","overlay-opacity":"","overlay-gradient":""},"tablet":{"background-color":"var(--ast-global-color-5)","background-image":"","background-repeat":"repeat","background-position":"center center","background-size":"auto","background-attachment":"scroll","background-type":"","background-media":"","overlay-type":"","overlay-color":"","overlay-opacity":"","overlay-gradient":""},"mobile":{"background-color":"var(--ast-global-color-5)","background-image":"","background-repeat":"repeat","background-position":"center center","background-size":"auto","background-attachment":"scroll","background-type":"","background-media":"","overlay-type":"","overlay-color":"","overlay-opacity":"","overlay-gradient":""}},"footnotes":""},"class_list":["post-17840","page","type-page","status-publish","hentry"],"yoast_head":"<!-- This site is optimized with the Yoast SEO plugin v27.3 - https:\/\/yoast.com\/product\/yoast-seo-wordpress\/ -->\n<title>Haftungsausschluss - Swash-shop<\/title>\n<meta name=\"description\" content=\"Trotz der st\u00e4ndigen Sorgfalt und Aufmerksamkeit, die wir der Zusammenstellung unserer Website widmen, ist es m\u00f6glich, dass die auf unserer Website...\" \/>\n<meta name=\"robots\" content=\"index, follow, max-snippet:-1, max-image-preview:large, max-video-preview:-1\" \/>\n<link rel=\"canonical\" href=\"https:\/\/swash-shop.com\/de\/haftungsausschluss\/\" \/>\n<meta property=\"og:locale\" content=\"de_DE\" \/>\n<meta property=\"og:type\" content=\"article\" \/>\n<meta property=\"og:title\" content=\"Haftungsausschluss - Swash-shop\" \/>\n<meta property=\"og:description\" content=\"Trotz der st\u00e4ndigen Sorgfalt und Aufmerksamkeit, die wir der Zusammenstellung unserer Website widmen, ist es m\u00f6glich, dass die auf unserer Website...\" \/>\n<meta property=\"og:url\" content=\"https:\/\/swash-shop.com\/de\/haftungsausschluss\/\" \/>\n<meta property=\"og:site_name\" content=\"Swash-shop\" \/>\n<meta property=\"article:publisher\" content=\"https:\/\/www.facebook.com\/arionsmile\" \/>\n<meta property=\"article:modified_time\" content=\"2020-07-02T12:13:32+00:00\" \/>\n<meta property=\"og:image\" content=\"https:\/\/swash-shop.com\/wp-content\/uploads\/2018\/07\/Swash_webshop_slider_1903x500px_geelGloves.jpg\" \/>\n<meta name=\"twitter:card\" content=\"summary_large_image\" \/>\n<meta name=\"twitter:site\" content=\"@arionsmile\" \/>\n<meta name=\"twitter:label1\" content=\"Gesch\u00e4tzte Lesezeit\" \/>\n\t<meta name=\"twitter:data1\" content=\"1\u00a0Minute\" \/>\n<script type=\"application\/ld+json\" class=\"yoast-schema-graph\">{\"@context\":\"https:\\\/\\\/schema.org\",\"@graph\":[{\"@type\":\"WebPage\",\"@id\":\"https:\\\/\\\/swash-shop.com\\\/de\\\/haftungsausschluss\\\/\",\"url\":\"https:\\\/\\\/swash-shop.com\\\/de\\\/haftungsausschluss\\\/\",\"name\":\"Haftungsausschluss - Swash-shop\",\"isPartOf\":{\"@id\":\"https:\\\/\\\/swash-shop.com\\\/de\\\/#website\"},\"primaryImageOfPage\":{\"@id\":\"https:\\\/\\\/swash-shop.com\\\/de\\\/haftungsausschluss\\\/#primaryimage\"},\"image\":{\"@id\":\"https:\\\/\\\/swash-shop.com\\\/de\\\/haftungsausschluss\\\/#primaryimage\"},\"thumbnailUrl\":\"https:\\\/\\\/swash-shop.com\\\/wp-content\\\/uploads\\\/2018\\\/07\\\/Swash_webshop_slider_1903x500px_geelGloves.jpg\",\"datePublished\":\"2018-07-24T13:56:59+00:00\",\"dateModified\":\"2020-07-02T12:13:32+00:00\",\"description\":\"Trotz der st\u00e4ndigen Sorgfalt und Aufmerksamkeit, die wir der Zusammenstellung unserer Website widmen, ist es m\u00f6glich, dass die auf unserer Website...\",\"breadcrumb\":{\"@id\":\"https:\\\/\\\/swash-shop.com\\\/de\\\/haftungsausschluss\\\/#breadcrumb\"},\"inLanguage\":\"de\",\"potentialAction\":[{\"@type\":\"ReadAction\",\"target\":[\"https:\\\/\\\/swash-shop.com\\\/de\\\/haftungsausschluss\\\/\"]}]},{\"@type\":\"ImageObject\",\"inLanguage\":\"de\",\"@id\":\"https:\\\/\\\/swash-shop.com\\\/de\\\/haftungsausschluss\\\/#primaryimage\",\"url\":\"https:\\\/\\\/swash-shop.com\\\/wp-content\\\/uploads\\\/2018\\\/07\\\/Swash_webshop_slider_1903x500px_geelGloves.jpg\",\"contentUrl\":\"https:\\\/\\\/swash-shop.com\\\/wp-content\\\/uploads\\\/2018\\\/07\\\/Swash_webshop_slider_1903x500px_geelGloves.jpg\"},{\"@type\":\"BreadcrumbList\",\"@id\":\"https:\\\/\\\/swash-shop.com\\\/de\\\/haftungsausschluss\\\/#breadcrumb\",\"itemListElement\":[{\"@type\":\"ListItem\",\"position\":1,\"name\":\"Home\",\"item\":\"https:\\\/\\\/swash-shop.com\\\/de\\\/\"},{\"@type\":\"ListItem\",\"position\":2,\"name\":\"Haftungsausschluss\"}]},{\"@type\":\"WebSite\",\"@id\":\"https:\\\/\\\/swash-shop.com\\\/de\\\/#website\",\"url\":\"https:\\\/\\\/swash-shop.com\\\/de\\\/\",\"name\":\"Swash-shop\",\"description\":\"Washing without water\",\"publisher\":{\"@id\":\"https:\\\/\\\/swash-shop.com\\\/de\\\/#organization\"},\"potentialAction\":[{\"@type\":\"SearchAction\",\"target\":{\"@type\":\"EntryPoint\",\"urlTemplate\":\"https:\\\/\\\/swash-shop.com\\\/de\\\/?s={search_term_string}\"},\"query-input\":{\"@type\":\"PropertyValueSpecification\",\"valueRequired\":true,\"valueName\":\"search_term_string\"}}],\"inLanguage\":\"de\"},{\"@type\":\"Organization\",\"@id\":\"https:\\\/\\\/swash-shop.com\\\/de\\\/#organization\",\"name\":\"Arion Group\",\"url\":\"https:\\\/\\\/swash-shop.com\\\/de\\\/\",\"logo\":{\"@type\":\"ImageObject\",\"inLanguage\":\"de\",\"@id\":\"https:\\\/\\\/swash-shop.com\\\/de\\\/#\\\/schema\\\/logo\\\/image\\\/\",\"url\":\"https:\\\/\\\/swash-shop.com\\\/wp-content\\\/uploads\\\/2017\\\/07\\\/Arion_logo_vrijstaand_normal.png\",\"contentUrl\":\"https:\\\/\\\/swash-shop.com\\\/wp-content\\\/uploads\\\/2017\\\/07\\\/Arion_logo_vrijstaand_normal.png\",\"width\":550,\"height\":214,\"caption\":\"Arion Group\"},\"image\":{\"@id\":\"https:\\\/\\\/swash-shop.com\\\/de\\\/#\\\/schema\\\/logo\\\/image\\\/\"},\"sameAs\":[\"https:\\\/\\\/www.facebook.com\\\/arionsmile\",\"https:\\\/\\\/x.com\\\/arionsmile\",\"https:\\\/\\\/www.linkedin.com\\\/company\\\/arion-holding-bv\",\"https:\\\/\\\/www.youtube.com\\\/user\\\/ArionInternational\"]}]}<\/script>\n<!-- \/ Yoast SEO plugin. -->","yoast_head_json":{"title":"Haftungsausschluss - Swash-shop","description":"Trotz der st\u00e4ndigen Sorgfalt und Aufmerksamkeit, die wir der Zusammenstellung unserer Website widmen, ist es m\u00f6glich, dass die auf unserer Website...","robots":{"index":"index","follow":"follow","max-snippet":"max-snippet:-1","max-image-preview":"max-image-preview:large","max-video-preview":"max-video-preview:-1"},"canonical":"https:\/\/swash-shop.com\/de\/haftungsausschluss\/","og_locale":"de_DE","og_type":"article","og_title":"Haftungsausschluss - Swash-shop","og_description":"Trotz der st\u00e4ndigen Sorgfalt und Aufmerksamkeit, die wir der Zusammenstellung unserer Website widmen, ist es m\u00f6glich, dass die auf unserer Website...","og_url":"https:\/\/swash-shop.com\/de\/haftungsausschluss\/","og_site_name":"Swash-shop","article_publisher":"https:\/\/www.facebook.com\/arionsmile","article_modified_time":"2020-07-02T12:13:32+00:00","og_image":[{"url":"https:\/\/swash-shop.com\/wp-content\/uploads\/2018\/07\/Swash_webshop_slider_1903x500px_geelGloves.jpg","type":"","width":"","height":""}],"twitter_card":"summary_large_image","twitter_site":"@arionsmile","twitter_misc":{"Gesch\u00e4tzte Lesezeit":"1\u00a0Minute"},"schema":{"@context":"https:\/\/schema.org","@graph":[{"@type":"WebPage","@id":"https:\/\/swash-shop.com\/de\/haftungsausschluss\/","url":"https:\/\/swash-shop.com\/de\/haftungsausschluss\/","name":"Haftungsausschluss - Swash-shop","isPartOf":{"@id":"https:\/\/swash-shop.com\/de\/#website"},"primaryImageOfPage":{"@id":"https:\/\/swash-shop.com\/de\/haftungsausschluss\/#primaryimage"},"image":{"@id":"https:\/\/swash-shop.com\/de\/haftungsausschluss\/#primaryimage"},"thumbnailUrl":"https:\/\/swash-shop.com\/wp-content\/uploads\/2018\/07\/Swash_webshop_slider_1903x500px_geelGloves.jpg","datePublished":"2018-07-24T13:56:59+00:00","dateModified":"2020-07-02T12:13:32+00:00","description":"Trotz der st\u00e4ndigen Sorgfalt und Aufmerksamkeit, die wir der Zusammenstellung unserer Website widmen, ist es m\u00f6glich, dass die auf unserer Website...","breadcrumb":{"@id":"https:\/\/swash-shop.com\/de\/haftungsausschluss\/#breadcrumb"},"inLanguage":"de","potentialAction":[{"@type":"ReadAction","target":["https:\/\/swash-shop.com\/de\/haftungsausschluss\/"]}]},{"@type":"ImageObject","inLanguage":"de","@id":"https:\/\/swash-shop.com\/de\/haftungsausschluss\/#primaryimage","url":"https:\/\/swash-shop.com\/wp-content\/uploads\/2018\/07\/Swash_webshop_slider_1903x500px_geelGloves.jpg","contentUrl":"https:\/\/swash-shop.com\/wp-content\/uploads\/2018\/07\/Swash_webshop_slider_1903x500px_geelGloves.jpg"},{"@type":"BreadcrumbList","@id":"https:\/\/swash-shop.com\/de\/haftungsausschluss\/#breadcrumb","itemListElement":[{"@type":"ListItem","position":1,"name":"Home","item":"https:\/\/swash-shop.com\/de\/"},{"@type":"ListItem","position":2,"name":"Haftungsausschluss"}]},{"@type":"WebSite","@id":"https:\/\/swash-shop.com\/de\/#website","url":"https:\/\/swash-shop.com\/de\/","name":"Swash-shop","description":"Washing without water","publisher":{"@id":"https:\/\/swash-shop.com\/de\/#organization"},"potentialAction":[{"@type":"SearchAction","target":{"@type":"EntryPoint","urlTemplate":"https:\/\/swash-shop.com\/de\/?s={search_term_string}"},"query-input":{"@type":"PropertyValueSpecification","valueRequired":true,"valueName":"search_term_string"}}],"inLanguage":"de"},{"@type":"Organization","@id":"https:\/\/swash-shop.com\/de\/#organization","name":"Arion Group","url":"https:\/\/swash-shop.com\/de\/","logo":{"@type":"ImageObject","inLanguage":"de","@id":"https:\/\/swash-shop.com\/de\/#\/schema\/logo\/image\/","url":"https:\/\/swash-shop.com\/wp-content\/uploads\/2017\/07\/Arion_logo_vrijstaand_normal.png","contentUrl":"https:\/\/swash-shop.com\/wp-content\/uploads\/2017\/07\/Arion_logo_vrijstaand_normal.png","width":550,"height":214,"caption":"Arion Group"},"image":{"@id":"https:\/\/swash-shop.com\/de\/#\/schema\/logo\/image\/"},"sameAs":["https:\/\/www.facebook.com\/arionsmile","https:\/\/x.com\/arionsmile","https:\/\/www.linkedin.com\/company\/arion-holding-bv","https:\/\/www.youtube.com\/user\/ArionInternational"]}]}},"_links":{"self":[{"href":"https:\/\/swash-shop.com\/de\/wp-json\/wp\/v2\/pages\/17840","targetHints":{"allow":["GET"]}}],"collection":[{"href":"https:\/\/swash-shop.com\/de\/wp-json\/wp\/v2\/pages"}],"about":[{"href":"https:\/\/swash-shop.com\/de\/wp-json\/wp\/v2\/types\/page"}],"author":[{"embeddable":true,"href":"https:\/\/swash-shop.com\/de\/wp-json\/wp\/v2\/users\/77"}],"replies":[{"embeddable":true,"href":"https:\/\/swash-shop.com\/de\/wp-json\/wp\/v2\/comments?post=17840"}],"version-history":[{"count":0,"href":"https:\/\/swash-shop.com\/de\/wp-json\/wp\/v2\/pages\/17840\/revisions"}],"wp:attachment":[{"href":"https:\/\/swash-shop.com\/de\/wp-json\/wp\/v2\/media?parent=17840"}],"curies":[{"name":"wp","href":"https:\/\/api.w.org\/{rel}","templated":true}]}}