{"id":17669,"date":"2018-07-23T10:34:48","date_gmt":"2018-07-23T08:34:48","guid":{"rendered":"https:\/\/swash-shop.com\/kontakt\/"},"modified":"2022-04-12T10:21:38","modified_gmt":"2022-04-12T08:21:38","slug":"kontakt","status":"publish","type":"page","link":"https:\/\/swash-shop.com\/de\/kontakt\/","title":{"rendered":"Kontakt"},"content":{"rendered":"\t\t<div data-elementor-type=\"wp-page\" data-elementor-id=\"17669\" class=\"elementor elementor-17669 elementor-17111\" data-elementor-post-type=\"page\">\n\t\t\t\t\t\t<section class=\"elementor-section elementor-top-section elementor-element elementor-element-b05734c elementor-section-boxed elementor-section-height-default elementor-section-height-default\" data-id=\"b05734c\" data-element_type=\"section\" data-e-type=\"section\">\n\t\t\t\t\t\t<div class=\"elementor-container elementor-column-gap-default\">\n\t\t\t\t\t<div class=\"elementor-column elementor-col-100 elementor-top-column elementor-element elementor-element-26b7361\" data-id=\"26b7361\" data-element_type=\"column\" data-e-type=\"column\">\n\t\t\t<div class=\"elementor-widget-wrap elementor-element-populated\">\n\t\t\t\t\t\t<div class=\"elementor-element elementor-element-76e8f5c elementor-widget elementor-widget-image\" data-id=\"76e8f5c\" data-element_type=\"widget\" data-e-type=\"widget\" data-widget_type=\"image.default\">\n\t\t\t\t<div class=\"elementor-widget-container\">\n\t\t\t\t\t\t\t\t\t\t\t\t\t\t\t<img fetchpriority=\"high\" decoding=\"async\" width=\"1903\" height=\"500\" src=\"https:\/\/swash-shop.com\/wp-content\/uploads\/2020\/02\/Swash_webshop_header_CONTACT_1903x500px.jpg\" class=\"attachment-full size-full wp-image-195248\" alt=\"Haus\" srcset=\"https:\/\/swash-shop.com\/wp-content\/uploads\/2020\/02\/Swash_webshop_header_CONTACT_1903x500px.jpg 1903w, https:\/\/swash-shop.com\/wp-content\/uploads\/2020\/02\/Swash_webshop_header_CONTACT_1903x500px-300x79.jpg 300w, https:\/\/swash-shop.com\/wp-content\/uploads\/2020\/02\/Swash_webshop_header_CONTACT_1903x500px-1024x269.jpg 1024w, https:\/\/swash-shop.com\/wp-content\/uploads\/2020\/02\/Swash_webshop_header_CONTACT_1903x500px-768x202.jpg 768w, https:\/\/swash-shop.com\/wp-content\/uploads\/2020\/02\/Swash_webshop_header_CONTACT_1903x500px-1536x404.jpg 1536w, https:\/\/swash-shop.com\/wp-content\/uploads\/2020\/02\/Swash_webshop_header_CONTACT_1903x500px-600x158.jpg 600w\" sizes=\"(max-width: 1903px) 100vw, 1903px\" \/>\t\t\t\t\t\t\t\t\t\t\t\t\t\t\t<\/div>\n\t\t\t\t<\/div>\n\t\t\t\t<div class=\"elementor-element elementor-element-5560380 elementor-widget elementor-widget-heading\" data-id=\"5560380\" data-element_type=\"widget\" data-e-type=\"widget\" data-widget_type=\"heading.default\">\n\t\t\t\t<div class=\"elementor-widget-container\">\n\t\t\t\t\t<h1 class=\"elementor-heading-title elementor-size-default\">Wir freuen uns auf Ihre Mitteilung<\/h1>\t\t\t\t<\/div>\n\t\t\t\t<\/div>\n\t\t\t\t<div class=\"elementor-element elementor-element-004a324 elementor-widget elementor-widget-text-editor\" data-id=\"004a324\" data-element_type=\"widget\" data-e-type=\"widget\" data-widget_type=\"text-editor.default\">\n\t\t\t\t<div class=\"elementor-widget-container\">\n\t\t\t\t\t\t\t\t\t<p><strong>Haben sie eine frage, einen kommentar oder eine gute idee?<br \/><\/strong>Nat\u00fcrlich w\u00fcrden wir das alles gerne von Ihnen h\u00f6ren! Sie k\u00f6nnen uns auf verschiedenen Wegen kontaktieren. Sie haben die Wahl. Wir sind immer f\u00fcr Sie da.<\/p>\t\t\t\t\t\t\t\t<\/div>\n\t\t\t\t<\/div>\n\t\t\t\t\t<\/div>\n\t\t<\/div>\n\t\t\t\t\t<\/div>\n\t\t<\/section>\n\t\t\t\t<section class=\"elementor-section elementor-top-section elementor-element elementor-element-e744f07 elementor-section-boxed elementor-section-height-default elementor-section-height-default\" data-id=\"e744f07\" data-element_type=\"section\" data-e-type=\"section\">\n\t\t\t\t\t\t<div class=\"elementor-container elementor-column-gap-default\">\n\t\t\t\t\t<div class=\"elementor-column elementor-col-33 elementor-top-column elementor-element elementor-element-bd7da30\" data-id=\"bd7da30\" data-element_type=\"column\" data-e-type=\"column\" data-settings=\"{&quot;background_background&quot;:&quot;classic&quot;}\">\n\t\t\t<div class=\"elementor-widget-wrap elementor-element-populated\">\n\t\t\t\t\t\t<div class=\"elementor-element elementor-element-1e803a8 elementor-position-top elementor-widget elementor-widget-image-box\" data-id=\"1e803a8\" data-element_type=\"widget\" data-e-type=\"widget\" data-widget_type=\"image-box.default\">\n\t\t\t\t<div class=\"elementor-widget-container\">\n\t\t\t\t\t<div class=\"elementor-image-box-wrapper\"><figure class=\"elementor-image-box-img\"><img decoding=\"async\" width=\"80\" height=\"80\" src=\"https:\/\/swash-shop.com\/wp-content\/uploads\/2018\/07\/BelOns_icon.png\" class=\"attachment-full size-full wp-image-17158\" alt=\"Rufen Sie uns an symbol\" \/><\/figure><div class=\"elementor-image-box-content\"><h3 class=\"elementor-image-box-title\">Rufen sie uns an<\/h3><p class=\"elementor-image-box-description\">Wir helfen Ihnen gerne von Montag bis Freitag zwischen 08:30 und 17:00 Uhr unter der Nummer: <a href=\"tel:+49 241 95509350\">+49 241 95509350 <\/a><\/p><\/div><\/div>\t\t\t\t<\/div>\n\t\t\t\t<\/div>\n\t\t\t\t\t<\/div>\n\t\t<\/div>\n\t\t\t\t<div class=\"elementor-column elementor-col-33 elementor-top-column elementor-element elementor-element-247cf70\" data-id=\"247cf70\" data-element_type=\"column\" data-e-type=\"column\" data-settings=\"{&quot;background_background&quot;:&quot;classic&quot;}\">\n\t\t\t<div class=\"elementor-widget-wrap elementor-element-populated\">\n\t\t\t\t\t\t<div class=\"elementor-element elementor-element-cbd309e elementor-position-top elementor-widget elementor-widget-image-box\" data-id=\"cbd309e\" data-element_type=\"widget\" data-e-type=\"widget\" data-widget_type=\"image-box.default\">\n\t\t\t\t<div class=\"elementor-widget-container\">\n\t\t\t\t\t<div class=\"elementor-image-box-wrapper\"><figure class=\"elementor-image-box-img\"><img decoding=\"async\" width=\"80\" height=\"80\" src=\"https:\/\/swash-shop.com\/wp-content\/uploads\/2018\/07\/MailOns_icon.png\" class=\"attachment-full size-full wp-image-17198\" alt=\"mailen Sie uns symbol\" \/><\/figure><div class=\"elementor-image-box-content\"><h3 class=\"elementor-image-box-title\">Mailen sie uns<\/h3><p class=\"elementor-image-box-description\">M\u00f6chten Sie uns lieber per E-Mail kontaktieren? Dann senden Sie uns eine Mail an:<a href=\"mailto:info@swash-shop.com\">info@swash-shop.com<\/a>.\nWir werden unser M\u00f6glichstes tun, um Ihre E-Mail innerhalb von 48 Stunden zu beantworten.<\/p><\/div><\/div>\t\t\t\t<\/div>\n\t\t\t\t<\/div>\n\t\t\t\t\t<\/div>\n\t\t<\/div>\n\t\t\t\t<div class=\"elementor-column elementor-col-33 elementor-top-column elementor-element elementor-element-c8750c4\" data-id=\"c8750c4\" data-element_type=\"column\" data-e-type=\"column\" data-settings=\"{&quot;background_background&quot;:&quot;classic&quot;}\">\n\t\t\t<div class=\"elementor-widget-wrap elementor-element-populated\">\n\t\t\t\t\t\t<div class=\"elementor-element elementor-element-55dc6aa elementor-position-top elementor-widget elementor-widget-image-box\" data-id=\"55dc6aa\" data-element_type=\"widget\" data-e-type=\"widget\" data-widget_type=\"image-box.default\">\n\t\t\t\t<div class=\"elementor-widget-container\">\n\t\t\t\t\t<div class=\"elementor-image-box-wrapper\"><figure class=\"elementor-image-box-img\"><img loading=\"lazy\" decoding=\"async\" width=\"80\" height=\"80\" src=\"https:\/\/swash-shop.com\/wp-content\/uploads\/2018\/07\/SchrijfOns_icon.png\" class=\"attachment-full size-full wp-image-17223\" alt=\"Schreibe uns symbol\" \/><\/figure><div class=\"elementor-image-box-content\"><h3 class=\"elementor-image-box-title\">Schreiben sie uns<\/h3><p class=\"elementor-image-box-description\">Arion Deutschland Gmbh<br>\nRutherford 10 52072 Aachen Deutschland<\/p><\/div><\/div>\t\t\t\t<\/div>\n\t\t\t\t<\/div>\n\t\t\t\t\t<\/div>\n\t\t<\/div>\n\t\t\t\t\t<\/div>\n\t\t<\/section>\n\t\t\t\t<section class=\"elementor-section elementor-top-section elementor-element elementor-element-fa786a1 elementor-section-boxed elementor-section-height-default elementor-section-height-default\" data-id=\"fa786a1\" data-element_type=\"section\" data-e-type=\"section\">\n\t\t\t\t\t\t<div class=\"elementor-container elementor-column-gap-default\">\n\t\t\t\t\t<div class=\"elementor-column elementor-col-100 elementor-top-column elementor-element elementor-element-b3d9b7d\" data-id=\"b3d9b7d\" data-element_type=\"column\" data-e-type=\"column\">\n\t\t\t<div class=\"elementor-widget-wrap elementor-element-populated\">\n\t\t\t\t\t\t<div class=\"elementor-element elementor-element-f0a8097 elementor-widget elementor-widget-text-editor\" data-id=\"f0a8097\" data-element_type=\"widget\" data-e-type=\"widget\" data-widget_type=\"text-editor.default\">\n\t\t\t\t<div class=\"elementor-widget-container\">\n\t\t\t\t\t\t\t\t\t<p><strong>H\u00e4ufig gestellte fragen<br \/><\/strong>Haben Sie eine Frage? Dann lesen Sie bitte unsere <a href=\"\/de\/faq\">Frequently Asked Questions (FAQ)<\/a>. Hier haben wir die am h\u00e4ufigsten gestellten Fragen zusammengestellt. Wenn Ihre Frage nicht dabei ist, steht Ihnen unser Kundendienst von Montag bis Freitag zwischen 08:30 und 17:00 Uhr zur Verf\u00fcgung. Rufen Sie +49 241 95509350 an oder senden Sie eine E-Mail an <a href=\"mailto:info@swash-shop.com\">info@swash-shop.com<\/a>.<\/p>\t\t\t\t\t\t\t\t<\/div>\n\t\t\t\t<\/div>\n\t\t\t\t\t<\/div>\n\t\t<\/div>\n\t\t\t\t\t<\/div>\n\t\t<\/section>\n\t\t\t\t<\/div>\n\t\t","protected":false},"excerpt":{"rendered":"<p>Wir freuen uns auf Ihre Mitteilung Haben sie eine frage, einen kommentar oder eine gute idee?Nat\u00fcrlich w\u00fcrden wir das alles gerne von Ihnen h\u00f6ren! Sie k\u00f6nnen uns auf verschiedenen Wegen kontaktieren. Sie haben die Wahl. Wir sind immer f\u00fcr Sie da. Rufen sie uns an Wir helfen Ihnen gerne von Montag bis Freitag zwischen 08:30 [&hellip;]<\/p>\n","protected":false},"author":77,"featured_media":0,"parent":0,"menu_order":2,"comment_status":"closed","ping_status":"closed","template":"","meta":{"site-sidebar-layout":"no-sidebar","site-content-layout":"page-builder","ast-site-content-layout":"default","site-content-style":"default","site-sidebar-style":"default","ast-global-header-display":"","ast-banner-title-visibility":"","ast-main-header-display":"","ast-hfb-above-header-display":"","ast-hfb-below-header-display":"","ast-hfb-mobile-header-display":"","site-post-title":"disabled","ast-breadcrumbs-content":"","ast-featured-img":"disabled","footer-sml-layout":"","ast-disable-related-posts":"","theme-transparent-header-meta":"default","adv-header-id-meta":"","stick-header-meta":"","header-above-stick-meta":"","header-main-stick-meta":"","header-below-stick-meta":"","astra-migrate-meta-layouts":"default","ast-page-background-enabled":"default","ast-page-background-meta":{"desktop":{"background-color":"","background-image":"","background-repeat":"repeat","background-position":"center center","background-size":"auto","background-attachment":"scroll","background-type":"","background-media":"","overlay-type":"","overlay-color":"","overlay-opacity":"","overlay-gradient":""},"tablet":{"background-color":"","background-image":"","background-repeat":"repeat","background-position":"center center","background-size":"auto","background-attachment":"scroll","background-type":"","background-media":"","overlay-type":"","overlay-color":"","overlay-opacity":"","overlay-gradient":""},"mobile":{"background-color":"","background-image":"","background-repeat":"repeat","background-position":"center center","background-size":"auto","background-attachment":"scroll","background-type":"","background-media":"","overlay-type":"","overlay-color":"","overlay-opacity":"","overlay-gradient":""}},"ast-content-background-meta":{"desktop":{"background-color":"var(--ast-global-color-5)","background-image":"","background-repeat":"repeat","background-position":"center center","background-size":"auto","background-attachment":"scroll","background-type":"","background-media":"","overlay-type":"","overlay-color":"","overlay-opacity":"","overlay-gradient":""},"tablet":{"background-color":"var(--ast-global-color-5)","background-image":"","background-repeat":"repeat","background-position":"center center","background-size":"auto","background-attachment":"scroll","background-type":"","background-media":"","overlay-type":"","overlay-color":"","overlay-opacity":"","overlay-gradient":""},"mobile":{"background-color":"var(--ast-global-color-5)","background-image":"","background-repeat":"repeat","background-position":"center center","background-size":"auto","background-attachment":"scroll","background-type":"","background-media":"","overlay-type":"","overlay-color":"","overlay-opacity":"","overlay-gradient":""}},"footnotes":""},"class_list":["post-17669","page","type-page","status-publish","hentry"],"yoast_head":"<!-- This site is optimized with the Yoast SEO plugin v27.3 - https:\/\/yoast.com\/product\/yoast-seo-wordpress\/ -->\n<title>Kontakt - Swash-shop<\/title>\n<meta name=\"description\" content=\"Haben sie eine frage, einen kommentar oder eine gute idee? Nat\u00fcrlich w\u00fcrden wir das alles gerne von Ihnen h\u00f6ren! Sie k\u00f6nnen uns auf verschiedenen Wegen kontaktieren.\" \/>\n<meta name=\"robots\" content=\"index, follow, max-snippet:-1, max-image-preview:large, max-video-preview:-1\" \/>\n<link rel=\"canonical\" href=\"https:\/\/swash-shop.com\/de\/kontakt\/\" \/>\n<meta property=\"og:locale\" content=\"de_DE\" \/>\n<meta property=\"og:type\" content=\"article\" \/>\n<meta property=\"og:title\" content=\"Kontakt - Swash-shop\" \/>\n<meta property=\"og:description\" content=\"Haben sie eine frage, einen kommentar oder eine gute idee? Nat\u00fcrlich w\u00fcrden wir das alles gerne von Ihnen h\u00f6ren! Sie k\u00f6nnen uns auf verschiedenen Wegen kontaktieren.\" \/>\n<meta property=\"og:url\" content=\"https:\/\/swash-shop.com\/de\/kontakt\/\" \/>\n<meta property=\"og:site_name\" content=\"Swash-shop\" \/>\n<meta property=\"article:publisher\" content=\"https:\/\/www.facebook.com\/arionsmile\" \/>\n<meta property=\"article:modified_time\" content=\"2022-04-12T08:21:38+00:00\" \/>\n<meta property=\"og:image\" content=\"https:\/\/swash-shop.com\/wp-content\/uploads\/2020\/02\/Swash_webshop_header_CONTACT_1903x500px.jpg\" \/>\n<meta name=\"twitter:card\" content=\"summary_large_image\" \/>\n<meta name=\"twitter:site\" content=\"@arionsmile\" \/>\n<meta name=\"twitter:label1\" content=\"Gesch\u00e4tzte Lesezeit\" \/>\n\t<meta name=\"twitter:data1\" content=\"1\u00a0Minute\" \/>\n<script type=\"application\/ld+json\" class=\"yoast-schema-graph\">{\"@context\":\"https:\\\/\\\/schema.org\",\"@graph\":[{\"@type\":\"WebPage\",\"@id\":\"https:\\\/\\\/swash-shop.com\\\/de\\\/kontakt\\\/\",\"url\":\"https:\\\/\\\/swash-shop.com\\\/de\\\/kontakt\\\/\",\"name\":\"Kontakt - Swash-shop\",\"isPartOf\":{\"@id\":\"https:\\\/\\\/swash-shop.com\\\/de\\\/#website\"},\"primaryImageOfPage\":{\"@id\":\"https:\\\/\\\/swash-shop.com\\\/de\\\/kontakt\\\/#primaryimage\"},\"image\":{\"@id\":\"https:\\\/\\\/swash-shop.com\\\/de\\\/kontakt\\\/#primaryimage\"},\"thumbnailUrl\":\"https:\\\/\\\/swash-shop.com\\\/wp-content\\\/uploads\\\/2020\\\/02\\\/Swash_webshop_header_CONTACT_1903x500px.jpg\",\"datePublished\":\"2018-07-23T08:34:48+00:00\",\"dateModified\":\"2022-04-12T08:21:38+00:00\",\"description\":\"Haben sie eine frage, einen kommentar oder eine gute idee? Nat\u00fcrlich w\u00fcrden wir das alles gerne von Ihnen h\u00f6ren! Sie k\u00f6nnen uns auf verschiedenen Wegen kontaktieren.\",\"breadcrumb\":{\"@id\":\"https:\\\/\\\/swash-shop.com\\\/de\\\/kontakt\\\/#breadcrumb\"},\"inLanguage\":\"de\",\"potentialAction\":[{\"@type\":\"ReadAction\",\"target\":[\"https:\\\/\\\/swash-shop.com\\\/de\\\/kontakt\\\/\"]}]},{\"@type\":\"ImageObject\",\"inLanguage\":\"de\",\"@id\":\"https:\\\/\\\/swash-shop.com\\\/de\\\/kontakt\\\/#primaryimage\",\"url\":\"https:\\\/\\\/swash-shop.com\\\/wp-content\\\/uploads\\\/2020\\\/02\\\/Swash_webshop_header_CONTACT_1903x500px.jpg\",\"contentUrl\":\"https:\\\/\\\/swash-shop.com\\\/wp-content\\\/uploads\\\/2020\\\/02\\\/Swash_webshop_header_CONTACT_1903x500px.jpg\"},{\"@type\":\"BreadcrumbList\",\"@id\":\"https:\\\/\\\/swash-shop.com\\\/de\\\/kontakt\\\/#breadcrumb\",\"itemListElement\":[{\"@type\":\"ListItem\",\"position\":1,\"name\":\"Home\",\"item\":\"https:\\\/\\\/swash-shop.com\\\/de\\\/\"},{\"@type\":\"ListItem\",\"position\":2,\"name\":\"Kontakt\"}]},{\"@type\":\"WebSite\",\"@id\":\"https:\\\/\\\/swash-shop.com\\\/de\\\/#website\",\"url\":\"https:\\\/\\\/swash-shop.com\\\/de\\\/\",\"name\":\"Swash-shop\",\"description\":\"Washing without water\",\"publisher\":{\"@id\":\"https:\\\/\\\/swash-shop.com\\\/de\\\/#organization\"},\"potentialAction\":[{\"@type\":\"SearchAction\",\"target\":{\"@type\":\"EntryPoint\",\"urlTemplate\":\"https:\\\/\\\/swash-shop.com\\\/de\\\/?s={search_term_string}\"},\"query-input\":{\"@type\":\"PropertyValueSpecification\",\"valueRequired\":true,\"valueName\":\"search_term_string\"}}],\"inLanguage\":\"de\"},{\"@type\":\"Organization\",\"@id\":\"https:\\\/\\\/swash-shop.com\\\/de\\\/#organization\",\"name\":\"Arion Group\",\"url\":\"https:\\\/\\\/swash-shop.com\\\/de\\\/\",\"logo\":{\"@type\":\"ImageObject\",\"inLanguage\":\"de\",\"@id\":\"https:\\\/\\\/swash-shop.com\\\/de\\\/#\\\/schema\\\/logo\\\/image\\\/\",\"url\":\"https:\\\/\\\/swash-shop.com\\\/wp-content\\\/uploads\\\/2017\\\/07\\\/Arion_logo_vrijstaand_normal.png\",\"contentUrl\":\"https:\\\/\\\/swash-shop.com\\\/wp-content\\\/uploads\\\/2017\\\/07\\\/Arion_logo_vrijstaand_normal.png\",\"width\":550,\"height\":214,\"caption\":\"Arion Group\"},\"image\":{\"@id\":\"https:\\\/\\\/swash-shop.com\\\/de\\\/#\\\/schema\\\/logo\\\/image\\\/\"},\"sameAs\":[\"https:\\\/\\\/www.facebook.com\\\/arionsmile\",\"https:\\\/\\\/x.com\\\/arionsmile\",\"https:\\\/\\\/www.linkedin.com\\\/company\\\/arion-holding-bv\",\"https:\\\/\\\/www.youtube.com\\\/user\\\/ArionInternational\"]}]}<\/script>\n<!-- \/ Yoast SEO plugin. -->","yoast_head_json":{"title":"Kontakt - Swash-shop","description":"Haben sie eine frage, einen kommentar oder eine gute idee? Nat\u00fcrlich w\u00fcrden wir das alles gerne von Ihnen h\u00f6ren! Sie k\u00f6nnen uns auf verschiedenen Wegen kontaktieren.","robots":{"index":"index","follow":"follow","max-snippet":"max-snippet:-1","max-image-preview":"max-image-preview:large","max-video-preview":"max-video-preview:-1"},"canonical":"https:\/\/swash-shop.com\/de\/kontakt\/","og_locale":"de_DE","og_type":"article","og_title":"Kontakt - Swash-shop","og_description":"Haben sie eine frage, einen kommentar oder eine gute idee? Nat\u00fcrlich w\u00fcrden wir das alles gerne von Ihnen h\u00f6ren! Sie k\u00f6nnen uns auf verschiedenen Wegen kontaktieren.","og_url":"https:\/\/swash-shop.com\/de\/kontakt\/","og_site_name":"Swash-shop","article_publisher":"https:\/\/www.facebook.com\/arionsmile","article_modified_time":"2022-04-12T08:21:38+00:00","og_image":[{"url":"https:\/\/swash-shop.com\/wp-content\/uploads\/2020\/02\/Swash_webshop_header_CONTACT_1903x500px.jpg","type":"","width":"","height":""}],"twitter_card":"summary_large_image","twitter_site":"@arionsmile","twitter_misc":{"Gesch\u00e4tzte Lesezeit":"1\u00a0Minute"},"schema":{"@context":"https:\/\/schema.org","@graph":[{"@type":"WebPage","@id":"https:\/\/swash-shop.com\/de\/kontakt\/","url":"https:\/\/swash-shop.com\/de\/kontakt\/","name":"Kontakt - Swash-shop","isPartOf":{"@id":"https:\/\/swash-shop.com\/de\/#website"},"primaryImageOfPage":{"@id":"https:\/\/swash-shop.com\/de\/kontakt\/#primaryimage"},"image":{"@id":"https:\/\/swash-shop.com\/de\/kontakt\/#primaryimage"},"thumbnailUrl":"https:\/\/swash-shop.com\/wp-content\/uploads\/2020\/02\/Swash_webshop_header_CONTACT_1903x500px.jpg","datePublished":"2018-07-23T08:34:48+00:00","dateModified":"2022-04-12T08:21:38+00:00","description":"Haben sie eine frage, einen kommentar oder eine gute idee? Nat\u00fcrlich w\u00fcrden wir das alles gerne von Ihnen h\u00f6ren! Sie k\u00f6nnen uns auf verschiedenen Wegen kontaktieren.","breadcrumb":{"@id":"https:\/\/swash-shop.com\/de\/kontakt\/#breadcrumb"},"inLanguage":"de","potentialAction":[{"@type":"ReadAction","target":["https:\/\/swash-shop.com\/de\/kontakt\/"]}]},{"@type":"ImageObject","inLanguage":"de","@id":"https:\/\/swash-shop.com\/de\/kontakt\/#primaryimage","url":"https:\/\/swash-shop.com\/wp-content\/uploads\/2020\/02\/Swash_webshop_header_CONTACT_1903x500px.jpg","contentUrl":"https:\/\/swash-shop.com\/wp-content\/uploads\/2020\/02\/Swash_webshop_header_CONTACT_1903x500px.jpg"},{"@type":"BreadcrumbList","@id":"https:\/\/swash-shop.com\/de\/kontakt\/#breadcrumb","itemListElement":[{"@type":"ListItem","position":1,"name":"Home","item":"https:\/\/swash-shop.com\/de\/"},{"@type":"ListItem","position":2,"name":"Kontakt"}]},{"@type":"WebSite","@id":"https:\/\/swash-shop.com\/de\/#website","url":"https:\/\/swash-shop.com\/de\/","name":"Swash-shop","description":"Washing without water","publisher":{"@id":"https:\/\/swash-shop.com\/de\/#organization"},"potentialAction":[{"@type":"SearchAction","target":{"@type":"EntryPoint","urlTemplate":"https:\/\/swash-shop.com\/de\/?s={search_term_string}"},"query-input":{"@type":"PropertyValueSpecification","valueRequired":true,"valueName":"search_term_string"}}],"inLanguage":"de"},{"@type":"Organization","@id":"https:\/\/swash-shop.com\/de\/#organization","name":"Arion Group","url":"https:\/\/swash-shop.com\/de\/","logo":{"@type":"ImageObject","inLanguage":"de","@id":"https:\/\/swash-shop.com\/de\/#\/schema\/logo\/image\/","url":"https:\/\/swash-shop.com\/wp-content\/uploads\/2017\/07\/Arion_logo_vrijstaand_normal.png","contentUrl":"https:\/\/swash-shop.com\/wp-content\/uploads\/2017\/07\/Arion_logo_vrijstaand_normal.png","width":550,"height":214,"caption":"Arion Group"},"image":{"@id":"https:\/\/swash-shop.com\/de\/#\/schema\/logo\/image\/"},"sameAs":["https:\/\/www.facebook.com\/arionsmile","https:\/\/x.com\/arionsmile","https:\/\/www.linkedin.com\/company\/arion-holding-bv","https:\/\/www.youtube.com\/user\/ArionInternational"]}]}},"_links":{"self":[{"href":"https:\/\/swash-shop.com\/de\/wp-json\/wp\/v2\/pages\/17669","targetHints":{"allow":["GET"]}}],"collection":[{"href":"https:\/\/swash-shop.com\/de\/wp-json\/wp\/v2\/pages"}],"about":[{"href":"https:\/\/swash-shop.com\/de\/wp-json\/wp\/v2\/types\/page"}],"author":[{"embeddable":true,"href":"https:\/\/swash-shop.com\/de\/wp-json\/wp\/v2\/users\/77"}],"replies":[{"embeddable":true,"href":"https:\/\/swash-shop.com\/de\/wp-json\/wp\/v2\/comments?post=17669"}],"version-history":[{"count":0,"href":"https:\/\/swash-shop.com\/de\/wp-json\/wp\/v2\/pages\/17669\/revisions"}],"wp:attachment":[{"href":"https:\/\/swash-shop.com\/de\/wp-json\/wp\/v2\/media?parent=17669"}],"curies":[{"name":"wp","href":"https:\/\/api.w.org\/{rel}","templated":true}]}}