{"id":17544,"date":"2018-07-23T09:00:30","date_gmt":"2018-07-23T07:00:30","guid":{"rendered":"https:\/\/swash-shop.com\/uber-uns\/"},"modified":"2020-07-02T14:14:21","modified_gmt":"2020-07-02T12:14:21","slug":"uber-uns","status":"publish","type":"page","link":"https:\/\/swash-shop.com\/de\/uber-uns\/","title":{"rendered":"\u00dcber  uns"},"content":{"rendered":"\t\t<div data-elementor-type=\"wp-page\" data-elementor-id=\"17544\" class=\"elementor elementor-17544 elementor-17274\" data-elementor-post-type=\"page\">\n\t\t\t\t\t\t<section class=\"elementor-section elementor-top-section elementor-element elementor-element-ee832ca elementor-section-boxed elementor-section-height-default elementor-section-height-default\" data-id=\"ee832ca\" data-element_type=\"section\" data-e-type=\"section\">\n\t\t\t\t\t\t<div class=\"elementor-container elementor-column-gap-default\">\n\t\t\t\t\t<div class=\"elementor-column elementor-col-100 elementor-top-column elementor-element elementor-element-36f16a5\" data-id=\"36f16a5\" data-element_type=\"column\" data-e-type=\"column\">\n\t\t\t<div class=\"elementor-widget-wrap elementor-element-populated\">\n\t\t\t\t\t\t<div class=\"elementor-element elementor-element-b9d01ac elementor-widget elementor-widget-image\" data-id=\"b9d01ac\" data-element_type=\"widget\" data-e-type=\"widget\" data-widget_type=\"image.default\">\n\t\t\t\t<div class=\"elementor-widget-container\">\n\t\t\t\t\t\t\t\t\t\t\t\t\t\t\t<img fetchpriority=\"high\" decoding=\"async\" width=\"1903\" height=\"550\" src=\"https:\/\/swash-shop.com\/wp-content\/uploads\/2018\/07\/Swash_webshop_slider_1903x550px_OverOns.jpg\" class=\"attachment-full size-full wp-image-16968\" alt=\"Mann ist in Position\" srcset=\"https:\/\/swash-shop.com\/wp-content\/uploads\/2018\/07\/Swash_webshop_slider_1903x550px_OverOns.jpg 1903w, https:\/\/swash-shop.com\/wp-content\/uploads\/2018\/07\/Swash_webshop_slider_1903x550px_OverOns-300x87.jpg 300w, https:\/\/swash-shop.com\/wp-content\/uploads\/2018\/07\/Swash_webshop_slider_1903x550px_OverOns-768x222.jpg 768w, https:\/\/swash-shop.com\/wp-content\/uploads\/2018\/07\/Swash_webshop_slider_1903x550px_OverOns-1024x296.jpg 1024w, https:\/\/swash-shop.com\/wp-content\/uploads\/2018\/07\/Swash_webshop_slider_1903x550px_OverOns-600x173.jpg 600w\" sizes=\"(max-width: 1903px) 100vw, 1903px\" \/>\t\t\t\t\t\t\t\t\t\t\t\t\t\t\t<\/div>\n\t\t\t\t<\/div>\n\t\t\t\t\t<\/div>\n\t\t<\/div>\n\t\t\t\t\t<\/div>\n\t\t<\/section>\n\t\t\t\t<section class=\"elementor-section elementor-top-section elementor-element elementor-element-3026b44 elementor-section-boxed elementor-section-height-default elementor-section-height-default\" data-id=\"3026b44\" data-element_type=\"section\" data-e-type=\"section\">\n\t\t\t\t\t\t<div class=\"elementor-container elementor-column-gap-default\">\n\t\t\t\t\t<div class=\"elementor-column elementor-col-50 elementor-top-column elementor-element elementor-element-93f61e1\" data-id=\"93f61e1\" data-element_type=\"column\" data-e-type=\"column\">\n\t\t\t<div class=\"elementor-widget-wrap elementor-element-populated\">\n\t\t\t\t\t\t<div class=\"elementor-element elementor-element-90c39e6 elementor-widget elementor-widget-heading\" data-id=\"90c39e6\" data-element_type=\"widget\" data-e-type=\"widget\" data-widget_type=\"heading.default\">\n\t\t\t\t<div class=\"elementor-widget-container\">\n\t\t\t\t\t<h1 class=\"elementor-heading-title elementor-size-default\">\u00dcber uns<\/h1>\t\t\t\t<\/div>\n\t\t\t\t<\/div>\n\t\t\t\t<div class=\"elementor-element elementor-element-11c44c2 elementor-widget elementor-widget-text-editor\" data-id=\"11c44c2\" data-element_type=\"widget\" data-e-type=\"widget\" data-widget_type=\"text-editor.default\">\n\t\t\t\t<div class=\"elementor-widget-container\">\n\t\t\t\t\t\t\t\t\t<p><strong>KURZE EINF\u00dcHRUNG<\/strong><br \/>Das Unternehmen hinter Swash<sup>\u00ae<\/sup> ist Arion. Arion wurde 1994 von Erik Joosten aus den Niederlanden gegr\u00fcndet. Als junger Unternehmer hatte er eine Mission: die Beseitigung bestehender Irritationen im Gesundheitswesen. Als Erik 1999 auf Einwegt\u00fccher stie\u00df, mit denen Patienten ohne Wasser gewaschen werden konnten, wusste er sofort, dass dies die L\u00f6sung f\u00fcr die Irritation \u00fcber Kreuzkontamination und Unannehmlichkeiten beim traditionellen Waschen ist. So wurde Arion 1999 das Unternehmen, das dieses neue Waschkonzept (Waschen ohne Wasser) in Europa einf\u00fchrte.\u00a0<\/p>\t\t\t\t\t\t\t\t<\/div>\n\t\t\t\t<\/div>\n\t\t\t\t<div class=\"elementor-element elementor-element-a7a6824 elementor-widget elementor-widget-heading\" data-id=\"a7a6824\" data-element_type=\"widget\" data-e-type=\"widget\" data-widget_type=\"heading.default\">\n\t\t\t\t<div class=\"elementor-widget-container\">\n\t\t\t\t\t<h3 class=\"elementor-heading-title elementor-size-default\">\u201cWIR BEM\u00dcHEN UNS, DAS LEBEN DER HEUTIGEN UND ZUK\u00dcNFTIGEN GENERATIONEN VON PFLEGEBED\u00dcRFTIGEN UND PFLEGEKR\u00c4FTEN LEICHTER, EFFIZIENTER UND KOMFORTABLER ZU GESTALTEN.\u201d \u2013 DAS IST UNSERE MISSION<\/h3>\t\t\t\t<\/div>\n\t\t\t\t<\/div>\n\t\t\t\t<div class=\"elementor-element elementor-element-986c845 elementor-widget elementor-widget-text-editor\" data-id=\"986c845\" data-element_type=\"widget\" data-e-type=\"widget\" data-widget_type=\"text-editor.default\">\n\t\t\t\t<div class=\"elementor-widget-container\">\n\t\t\t\t\t\t\t\t\t<p>Zwei Jahrzehnte sp\u00e4ter sind die Waschprodukte von Swash<sup>\u00ae<\/sup>\u00a0weit verbreitet und in das europ\u00e4ische Gesundheitswesen integriert. Die feuchten Waschprodukte haben in vielen Gesundheitseinrichtungen eine positive Ver\u00e4nderung bewirkt und sind ein unverzichtbares Hilfsmittel geworden. Wir streben danach, mit qualitativ hochwertigen Produkten eine m\u00f6glichst gro\u00dfe Bedeutung im Leben unserer Kunden zu einzunehmen. Unsere Innovationen sind einfach, haben aber zum Ziel, das Leben leichter, komfortabler und einfacher zu machen. Dabei nutzen wir unser langj\u00e4hriges Wissen und unsere Erfahrung, h\u00f6ren aber auch aufmerksam auf die Bed\u00fcrfnisse unserer Kunden und lassen uns von Profis in der Praxis beraten.<\/p>\t\t\t\t\t\t\t\t<\/div>\n\t\t\t\t<\/div>\n\t\t\t\t<div class=\"elementor-element elementor-element-0886bc6 elementor-widget elementor-widget-video\" data-id=\"0886bc6\" data-element_type=\"widget\" data-e-type=\"widget\" data-settings=\"{&quot;youtube_url&quot;:&quot;https:\\\/\\\/www.youtube.com\\\/watch?v=TKSXPvOXibw&amp;list=PLZJi9Ll87uPyFcNygpg8wGobdJMbIJFll&amp;index=7&amp;t=0s&quot;,&quot;video_type&quot;:&quot;youtube&quot;,&quot;controls&quot;:&quot;yes&quot;}\" data-widget_type=\"video.default\">\n\t\t\t\t<div class=\"elementor-widget-container\">\n\t\t\t\t\t\t\t<div class=\"elementor-wrapper elementor-open-inline\">\n\t\t\t<div class=\"elementor-video\"><\/div>\t\t<\/div>\n\t\t\t\t\t\t<\/div>\n\t\t\t\t<\/div>\n\t\t\t\t\t<\/div>\n\t\t<\/div>\n\t\t\t\t<div class=\"elementor-column elementor-col-50 elementor-top-column elementor-element elementor-element-8f36023\" data-id=\"8f36023\" data-element_type=\"column\" data-e-type=\"column\">\n\t\t\t<div class=\"elementor-widget-wrap elementor-element-populated\">\n\t\t\t\t\t\t<div class=\"elementor-element elementor-element-c027008 elementor-widget elementor-widget-text-editor\" data-id=\"c027008\" data-element_type=\"widget\" data-e-type=\"widget\" data-widget_type=\"text-editor.default\">\n\t\t\t\t<div class=\"elementor-widget-container\">\n\t\t\t\t\t\t\t\t\t<p><strong>EIN AUGE F\u00dcR QUALIT\u00c4T<\/strong><br \/>Wir legen gro\u00dfen Wert auf die Qualit\u00e4t und Sicherheit unserer Produkte. Indem wir \u00fcber jedes Detail nachdenken, sind wir bei Arion st\u00e4ndig bestrebt, die besten Swash<sup>\u00ae<\/sup>-Produkte auf den Markt zu bringen. In unserer Zentrale haben wir eine High-Tech-Produktionsst\u00e4tte mit Reinstr\u00e4umen und Labor eingerichtet. So k\u00f6nnen wir unseren Kunden die h\u00f6chstm\u00f6gliche Qualit\u00e4t garantieren.<\/p>\t\t\t\t\t\t\t\t<\/div>\n\t\t\t\t<\/div>\n\t\t\t\t<div class=\"elementor-element elementor-element-6da2084 elementor-widget elementor-widget-image\" data-id=\"6da2084\" data-element_type=\"widget\" data-e-type=\"widget\" data-widget_type=\"image.default\">\n\t\t\t\t<div class=\"elementor-widget-container\">\n\t\t\t\t\t\t\t\t\t\t\t\t\t\t\t<img decoding=\"async\" width=\"500\" height=\"449\" src=\"https:\/\/swash-shop.com\/wp-content\/uploads\/2020\/05\/cleanroom-arion.jpg\" class=\"attachment-full size-full wp-image-195800\" alt=\"Mann ist an der Waschmaschine\" srcset=\"https:\/\/swash-shop.com\/wp-content\/uploads\/2020\/05\/cleanroom-arion.jpg 500w, https:\/\/swash-shop.com\/wp-content\/uploads\/2020\/05\/cleanroom-arion-300x269.jpg 300w\" sizes=\"(max-width: 500px) 100vw, 500px\" \/>\t\t\t\t\t\t\t\t\t\t\t\t\t\t\t<\/div>\n\t\t\t\t<\/div>\n\t\t\t\t<div class=\"elementor-element elementor-element-65bacb9 elementor-widget elementor-widget-text-editor\" data-id=\"65bacb9\" data-element_type=\"widget\" data-e-type=\"widget\" data-widget_type=\"text-editor.default\">\n\t\t\t\t<div class=\"elementor-widget-container\">\n\t\t\t\t\t\t\t\t\t<p>Wir f\u00fchren gr\u00fcndliche Tests und Pr\u00fcfungen unserer Produkte durch. Deshalb k\u00f6nnen wir zu Recht behaupten, dass unsere Produkte mild, hypoallergen und dermatologisch getestet sind und aus den besten Materialien hergestellt werden.<\/p>\t\t\t\t\t\t\t\t<\/div>\n\t\t\t\t<\/div>\n\t\t\t\t<div class=\"elementor-element elementor-element-34dcd67 elementor-align-left elementor-widget elementor-widget-button\" data-id=\"34dcd67\" data-element_type=\"widget\" data-e-type=\"widget\" data-widget_type=\"button.default\">\n\t\t\t\t<div class=\"elementor-widget-container\">\n\t\t\t\t\t\t\t\t\t<div class=\"elementor-button-wrapper\">\n\t\t\t\t\t<a class=\"elementor-button elementor-button-link elementor-size-md elementor-animation-shrink\" href=\"https:\/\/www.arion-group.com\/en\/\" target=\"_blank\">\n\t\t\t\t\t\t<span class=\"elementor-button-content-wrapper\">\n\t\t\t\t\t\t\t\t\t<span class=\"elementor-button-text\">Visit arion-group.com<\/span>\n\t\t\t\t\t<\/span>\n\t\t\t\t\t<\/a>\n\t\t\t\t<\/div>\n\t\t\t\t\t\t\t\t<\/div>\n\t\t\t\t<\/div>\n\t\t\t\t\t<\/div>\n\t\t<\/div>\n\t\t\t\t\t<\/div>\n\t\t<\/section>\n\t\t\t\t<\/div>\n\t\t","protected":false},"excerpt":{"rendered":"<p>\u00dcber uns KURZE EINF\u00dcHRUNG Das Unternehmen hinter Swash\u00ae ist Arion. Arion wurde 1994 von Erik Joosten aus den Niederlanden gegr\u00fcndet. Als junger Unternehmer hatte er eine Mission: die Beseitigung bestehender Irritationen im Gesundheitswesen. Als Erik 1999 auf Einwegt\u00fccher stie\u00df, mit denen Patienten ohne Wasser gewaschen werden konnten, wusste er sofort, dass dies die L\u00f6sung f\u00fcr [&hellip;]<\/p>\n","protected":false},"author":77,"featured_media":16968,"parent":0,"menu_order":0,"comment_status":"closed","ping_status":"closed","template":"","meta":{"site-sidebar-layout":"no-sidebar","site-content-layout":"page-builder","ast-site-content-layout":"default","site-content-style":"default","site-sidebar-style":"default","ast-global-header-display":"","ast-banner-title-visibility":"","ast-main-header-display":"","ast-hfb-above-header-display":"","ast-hfb-below-header-display":"","ast-hfb-mobile-header-display":"","site-post-title":"disabled","ast-breadcrumbs-content":"","ast-featured-img":"disabled","footer-sml-layout":"","ast-disable-related-posts":"","theme-transparent-header-meta":"default","adv-header-id-meta":"","stick-header-meta":"","header-above-stick-meta":"","header-main-stick-meta":"","header-below-stick-meta":"","astra-migrate-meta-layouts":"default","ast-page-background-enabled":"default","ast-page-background-meta":{"desktop":{"background-color":"","background-image":"","background-repeat":"repeat","background-position":"center center","background-size":"auto","background-attachment":"scroll","background-type":"","background-media":"","overlay-type":"","overlay-color":"","overlay-opacity":"","overlay-gradient":""},"tablet":{"background-color":"","background-image":"","background-repeat":"repeat","background-position":"center center","background-size":"auto","background-attachment":"scroll","background-type":"","background-media":"","overlay-type":"","overlay-color":"","overlay-opacity":"","overlay-gradient":""},"mobile":{"background-color":"","background-image":"","background-repeat":"repeat","background-position":"center center","background-size":"auto","background-attachment":"scroll","background-type":"","background-media":"","overlay-type":"","overlay-color":"","overlay-opacity":"","overlay-gradient":""}},"ast-content-background-meta":{"desktop":{"background-color":"var(--ast-global-color-5)","background-image":"","background-repeat":"repeat","background-position":"center center","background-size":"auto","background-attachment":"scroll","background-type":"","background-media":"","overlay-type":"","overlay-color":"","overlay-opacity":"","overlay-gradient":""},"tablet":{"background-color":"var(--ast-global-color-5)","background-image":"","background-repeat":"repeat","background-position":"center center","background-size":"auto","background-attachment":"scroll","background-type":"","background-media":"","overlay-type":"","overlay-color":"","overlay-opacity":"","overlay-gradient":""},"mobile":{"background-color":"var(--ast-global-color-5)","background-image":"","background-repeat":"repeat","background-position":"center center","background-size":"auto","background-attachment":"scroll","background-type":"","background-media":"","overlay-type":"","overlay-color":"","overlay-opacity":"","overlay-gradient":""}},"footnotes":""},"class_list":["post-17544","page","type-page","status-publish","has-post-thumbnail","hentry"],"yoast_head":"<!-- This site is optimized with the Yoast SEO plugin v27.3 - https:\/\/yoast.com\/product\/yoast-seo-wordpress\/ -->\n<title>\u00dcber uns - Swash-shop<\/title>\n<meta name=\"description\" content=\"Das Unternehmen hinter Swash\u00ae ist Arion. Arion wurde 1994 von Erik Joosten aus den Niederlanden gegr\u00fcndet. Als junger Unternehmer hatte er eine Mission.\" \/>\n<meta name=\"robots\" content=\"index, follow, max-snippet:-1, max-image-preview:large, max-video-preview:-1\" \/>\n<link rel=\"canonical\" href=\"https:\/\/swash-shop.com\/de\/uber-uns\/\" \/>\n<meta property=\"og:locale\" content=\"de_DE\" \/>\n<meta property=\"og:type\" content=\"article\" \/>\n<meta property=\"og:title\" content=\"\u00dcber uns - Swash-shop\" \/>\n<meta property=\"og:description\" content=\"Das Unternehmen hinter Swash\u00ae ist Arion. Arion wurde 1994 von Erik Joosten aus den Niederlanden gegr\u00fcndet. Als junger Unternehmer hatte er eine Mission.\" \/>\n<meta property=\"og:url\" content=\"https:\/\/swash-shop.com\/de\/uber-uns\/\" \/>\n<meta property=\"og:site_name\" content=\"Swash-shop\" \/>\n<meta property=\"article:publisher\" content=\"https:\/\/www.facebook.com\/arionsmile\" \/>\n<meta property=\"article:modified_time\" content=\"2020-07-02T12:14:21+00:00\" \/>\n<meta property=\"og:image\" content=\"https:\/\/swash-shop.com\/wp-content\/uploads\/2018\/07\/Swash_webshop_slider_1903x550px_OverOns.jpg\" \/>\n\t<meta property=\"og:image:width\" content=\"1903\" \/>\n\t<meta property=\"og:image:height\" content=\"550\" \/>\n\t<meta property=\"og:image:type\" content=\"image\/jpeg\" \/>\n<meta name=\"twitter:card\" content=\"summary_large_image\" \/>\n<meta name=\"twitter:site\" content=\"@arionsmile\" \/>\n<meta name=\"twitter:label1\" content=\"Gesch\u00e4tzte Lesezeit\" \/>\n\t<meta name=\"twitter:data1\" content=\"2\u00a0Minuten\" \/>\n<script type=\"application\/ld+json\" class=\"yoast-schema-graph\">{\"@context\":\"https:\\\/\\\/schema.org\",\"@graph\":[{\"@type\":\"WebPage\",\"@id\":\"https:\\\/\\\/swash-shop.com\\\/de\\\/uber-uns\\\/\",\"url\":\"https:\\\/\\\/swash-shop.com\\\/de\\\/uber-uns\\\/\",\"name\":\"\u00dcber uns - Swash-shop\",\"isPartOf\":{\"@id\":\"https:\\\/\\\/swash-shop.com\\\/de\\\/#website\"},\"primaryImageOfPage\":{\"@id\":\"https:\\\/\\\/swash-shop.com\\\/de\\\/uber-uns\\\/#primaryimage\"},\"image\":{\"@id\":\"https:\\\/\\\/swash-shop.com\\\/de\\\/uber-uns\\\/#primaryimage\"},\"thumbnailUrl\":\"https:\\\/\\\/swash-shop.com\\\/wp-content\\\/uploads\\\/2018\\\/07\\\/Swash_webshop_slider_1903x550px_OverOns.jpg\",\"datePublished\":\"2018-07-23T07:00:30+00:00\",\"dateModified\":\"2020-07-02T12:14:21+00:00\",\"description\":\"Das Unternehmen hinter Swash\u00ae ist Arion. Arion wurde 1994 von Erik Joosten aus den Niederlanden gegr\u00fcndet. Als junger Unternehmer hatte er eine Mission.\",\"breadcrumb\":{\"@id\":\"https:\\\/\\\/swash-shop.com\\\/de\\\/uber-uns\\\/#breadcrumb\"},\"inLanguage\":\"de\",\"potentialAction\":[{\"@type\":\"ReadAction\",\"target\":[\"https:\\\/\\\/swash-shop.com\\\/de\\\/uber-uns\\\/\"]}]},{\"@type\":\"ImageObject\",\"inLanguage\":\"de\",\"@id\":\"https:\\\/\\\/swash-shop.com\\\/de\\\/uber-uns\\\/#primaryimage\",\"url\":\"https:\\\/\\\/swash-shop.com\\\/wp-content\\\/uploads\\\/2018\\\/07\\\/Swash_webshop_slider_1903x550px_OverOns.jpg\",\"contentUrl\":\"https:\\\/\\\/swash-shop.com\\\/wp-content\\\/uploads\\\/2018\\\/07\\\/Swash_webshop_slider_1903x550px_OverOns.jpg\",\"width\":1903,\"height\":550,\"caption\":\"Mann ist in Position\"},{\"@type\":\"BreadcrumbList\",\"@id\":\"https:\\\/\\\/swash-shop.com\\\/de\\\/uber-uns\\\/#breadcrumb\",\"itemListElement\":[{\"@type\":\"ListItem\",\"position\":1,\"name\":\"Home\",\"item\":\"https:\\\/\\\/swash-shop.com\\\/de\\\/\"},{\"@type\":\"ListItem\",\"position\":2,\"name\":\"\u00dcber uns\"}]},{\"@type\":\"WebSite\",\"@id\":\"https:\\\/\\\/swash-shop.com\\\/de\\\/#website\",\"url\":\"https:\\\/\\\/swash-shop.com\\\/de\\\/\",\"name\":\"Swash-shop\",\"description\":\"Washing without water\",\"publisher\":{\"@id\":\"https:\\\/\\\/swash-shop.com\\\/de\\\/#organization\"},\"potentialAction\":[{\"@type\":\"SearchAction\",\"target\":{\"@type\":\"EntryPoint\",\"urlTemplate\":\"https:\\\/\\\/swash-shop.com\\\/de\\\/?s={search_term_string}\"},\"query-input\":{\"@type\":\"PropertyValueSpecification\",\"valueRequired\":true,\"valueName\":\"search_term_string\"}}],\"inLanguage\":\"de\"},{\"@type\":\"Organization\",\"@id\":\"https:\\\/\\\/swash-shop.com\\\/de\\\/#organization\",\"name\":\"Arion Group\",\"url\":\"https:\\\/\\\/swash-shop.com\\\/de\\\/\",\"logo\":{\"@type\":\"ImageObject\",\"inLanguage\":\"de\",\"@id\":\"https:\\\/\\\/swash-shop.com\\\/de\\\/#\\\/schema\\\/logo\\\/image\\\/\",\"url\":\"https:\\\/\\\/swash-shop.com\\\/wp-content\\\/uploads\\\/2017\\\/07\\\/Arion_logo_vrijstaand_normal.png\",\"contentUrl\":\"https:\\\/\\\/swash-shop.com\\\/wp-content\\\/uploads\\\/2017\\\/07\\\/Arion_logo_vrijstaand_normal.png\",\"width\":550,\"height\":214,\"caption\":\"Arion Group\"},\"image\":{\"@id\":\"https:\\\/\\\/swash-shop.com\\\/de\\\/#\\\/schema\\\/logo\\\/image\\\/\"},\"sameAs\":[\"https:\\\/\\\/www.facebook.com\\\/arionsmile\",\"https:\\\/\\\/x.com\\\/arionsmile\",\"https:\\\/\\\/www.linkedin.com\\\/company\\\/arion-holding-bv\",\"https:\\\/\\\/www.youtube.com\\\/user\\\/ArionInternational\"]}]}<\/script>\n<!-- \/ Yoast SEO plugin. -->","yoast_head_json":{"title":"\u00dcber uns - Swash-shop","description":"Das Unternehmen hinter Swash\u00ae ist Arion. Arion wurde 1994 von Erik Joosten aus den Niederlanden gegr\u00fcndet. Als junger Unternehmer hatte er eine Mission.","robots":{"index":"index","follow":"follow","max-snippet":"max-snippet:-1","max-image-preview":"max-image-preview:large","max-video-preview":"max-video-preview:-1"},"canonical":"https:\/\/swash-shop.com\/de\/uber-uns\/","og_locale":"de_DE","og_type":"article","og_title":"\u00dcber uns - Swash-shop","og_description":"Das Unternehmen hinter Swash\u00ae ist Arion. Arion wurde 1994 von Erik Joosten aus den Niederlanden gegr\u00fcndet. Als junger Unternehmer hatte er eine Mission.","og_url":"https:\/\/swash-shop.com\/de\/uber-uns\/","og_site_name":"Swash-shop","article_publisher":"https:\/\/www.facebook.com\/arionsmile","article_modified_time":"2020-07-02T12:14:21+00:00","og_image":[{"width":1903,"height":550,"url":"https:\/\/swash-shop.com\/wp-content\/uploads\/2018\/07\/Swash_webshop_slider_1903x550px_OverOns.jpg","type":"image\/jpeg"}],"twitter_card":"summary_large_image","twitter_site":"@arionsmile","twitter_misc":{"Gesch\u00e4tzte Lesezeit":"2\u00a0Minuten"},"schema":{"@context":"https:\/\/schema.org","@graph":[{"@type":"WebPage","@id":"https:\/\/swash-shop.com\/de\/uber-uns\/","url":"https:\/\/swash-shop.com\/de\/uber-uns\/","name":"\u00dcber uns - Swash-shop","isPartOf":{"@id":"https:\/\/swash-shop.com\/de\/#website"},"primaryImageOfPage":{"@id":"https:\/\/swash-shop.com\/de\/uber-uns\/#primaryimage"},"image":{"@id":"https:\/\/swash-shop.com\/de\/uber-uns\/#primaryimage"},"thumbnailUrl":"https:\/\/swash-shop.com\/wp-content\/uploads\/2018\/07\/Swash_webshop_slider_1903x550px_OverOns.jpg","datePublished":"2018-07-23T07:00:30+00:00","dateModified":"2020-07-02T12:14:21+00:00","description":"Das Unternehmen hinter Swash\u00ae ist Arion. Arion wurde 1994 von Erik Joosten aus den Niederlanden gegr\u00fcndet. Als junger Unternehmer hatte er eine Mission.","breadcrumb":{"@id":"https:\/\/swash-shop.com\/de\/uber-uns\/#breadcrumb"},"inLanguage":"de","potentialAction":[{"@type":"ReadAction","target":["https:\/\/swash-shop.com\/de\/uber-uns\/"]}]},{"@type":"ImageObject","inLanguage":"de","@id":"https:\/\/swash-shop.com\/de\/uber-uns\/#primaryimage","url":"https:\/\/swash-shop.com\/wp-content\/uploads\/2018\/07\/Swash_webshop_slider_1903x550px_OverOns.jpg","contentUrl":"https:\/\/swash-shop.com\/wp-content\/uploads\/2018\/07\/Swash_webshop_slider_1903x550px_OverOns.jpg","width":1903,"height":550,"caption":"Mann ist in Position"},{"@type":"BreadcrumbList","@id":"https:\/\/swash-shop.com\/de\/uber-uns\/#breadcrumb","itemListElement":[{"@type":"ListItem","position":1,"name":"Home","item":"https:\/\/swash-shop.com\/de\/"},{"@type":"ListItem","position":2,"name":"\u00dcber uns"}]},{"@type":"WebSite","@id":"https:\/\/swash-shop.com\/de\/#website","url":"https:\/\/swash-shop.com\/de\/","name":"Swash-shop","description":"Washing without water","publisher":{"@id":"https:\/\/swash-shop.com\/de\/#organization"},"potentialAction":[{"@type":"SearchAction","target":{"@type":"EntryPoint","urlTemplate":"https:\/\/swash-shop.com\/de\/?s={search_term_string}"},"query-input":{"@type":"PropertyValueSpecification","valueRequired":true,"valueName":"search_term_string"}}],"inLanguage":"de"},{"@type":"Organization","@id":"https:\/\/swash-shop.com\/de\/#organization","name":"Arion Group","url":"https:\/\/swash-shop.com\/de\/","logo":{"@type":"ImageObject","inLanguage":"de","@id":"https:\/\/swash-shop.com\/de\/#\/schema\/logo\/image\/","url":"https:\/\/swash-shop.com\/wp-content\/uploads\/2017\/07\/Arion_logo_vrijstaand_normal.png","contentUrl":"https:\/\/swash-shop.com\/wp-content\/uploads\/2017\/07\/Arion_logo_vrijstaand_normal.png","width":550,"height":214,"caption":"Arion Group"},"image":{"@id":"https:\/\/swash-shop.com\/de\/#\/schema\/logo\/image\/"},"sameAs":["https:\/\/www.facebook.com\/arionsmile","https:\/\/x.com\/arionsmile","https:\/\/www.linkedin.com\/company\/arion-holding-bv","https:\/\/www.youtube.com\/user\/ArionInternational"]}]}},"_links":{"self":[{"href":"https:\/\/swash-shop.com\/de\/wp-json\/wp\/v2\/pages\/17544","targetHints":{"allow":["GET"]}}],"collection":[{"href":"https:\/\/swash-shop.com\/de\/wp-json\/wp\/v2\/pages"}],"about":[{"href":"https:\/\/swash-shop.com\/de\/wp-json\/wp\/v2\/types\/page"}],"author":[{"embeddable":true,"href":"https:\/\/swash-shop.com\/de\/wp-json\/wp\/v2\/users\/77"}],"replies":[{"embeddable":true,"href":"https:\/\/swash-shop.com\/de\/wp-json\/wp\/v2\/comments?post=17544"}],"version-history":[{"count":0,"href":"https:\/\/swash-shop.com\/de\/wp-json\/wp\/v2\/pages\/17544\/revisions"}],"wp:featuredmedia":[{"embeddable":true,"href":"https:\/\/swash-shop.com\/de\/wp-json\/wp\/v2\/media\/16968"}],"wp:attachment":[{"href":"https:\/\/swash-shop.com\/de\/wp-json\/wp\/v2\/media?parent=17544"}],"curies":[{"name":"wp","href":"https:\/\/api.w.org\/{rel}","templated":true}]}}